{"id":9474,"date":"2017-10-11T14:13:09","date_gmt":"2017-10-11T12:13:09","guid":{"rendered":"https:\/\/www.portamondialgroup.com\/?page_id=9474"},"modified":"2024-10-20T16:03:24","modified_gmt":"2024-10-20T14:03:24","slug":"impressum","status":"publish","type":"page","link":"https:\/\/www.homes-holiday.com\/de\/impressum\/","title":{"rendered":"Impressum"},"content":{"rendered":"<p>[vc_row][vc_column css=&#8220;.vc_custom_1480573140574{padding-top: 80px !important;padding-bottom: 65px !important;}&#8220;][vc_row_inner][vc_column_inner offset=&#8220;vc_col-lg-9 vc_col-md-8 vc_col-xs-12&#8243; css=&#8220;.vc_custom_1506338697500{margin-bottom: 25px !important;}&#8220;][vc_column_text]Homes &amp; Holiday AG<br \/>\nTheresienstra\u00dfe 81<br \/>\nD-80333 M\u00fcnchen<\/p>\n<p>Tel. +49 89 9982081-50<br \/>\nFax +49 89 9982081-51<br \/>\nE-Mail <a href=\"mailto:info@homes-holiday.com\">info@homes-holiday.com<\/a><\/p>\n<p>Vorstand: Manuel Reitmeier<br \/>\nAufsichtsratsvorsitzender: Michael Vogel<br \/>\nRegistergericht: Amtsgericht M\u00fcnchen<br \/>\nRegisternummer: HRB 234431<\/p>\n<p>Umsatzsteuer-Identifikationsnummer gem\u00e4\u00df \u00a7 27 a Umsatzsteuergesetz: DE 31 58 78 149<\/p>\n<p>Rechtlicher Hinweis:<br \/>\nHomes &amp; Holiday AG haftet nicht f\u00fcr die inhaltliche Richtigkeit, f\u00fcr Informationen und Inhalte von Internetseiten, auf die mittels eines Links von den Seiten der Homes &amp; Holiday AG verwiesen wird. Die Reproduktion oder Modifikation der Webseiteninhalte ganz oder teilweise ohne schriftliche Genehmigung durch Homes &amp; Holiday AG ist untersagt. Auf den Webseiten abgebildete Fotografien, Texte, Artikel und Videomaterial sind Eigentum der Homes &amp; Holiday AG und urheberrechtlich gesch\u00fctzt.<\/p>\n<p><strong>Plattform zur Online-Streitbeilegung:<\/strong><br \/>\n<a href=\"http:\/\/ec.europa.eu\/consumers\/odr\" target=\"_blank\" rel=\"noopener noreferrer\">http:\/\/ec.europa.eu\/consumers\/odr<\/a><\/p>\n<p>Wir nehmen nicht an Streitbeilegungsverfahren vor einer Verbraucherschlichtungsstelle teil. Gerne k\u00f6nnen Sie sich jederzeit telefonisch, per Email oder \u00fcber unser Kontaktformular mit unserer Kundenbetreuung in Verbindung setzen.<\/p>\n<p><b> Das Impressum gilt auch f\u00fcr folgende Social Media Profile:<br \/>\n<\/b>[\/vc_column_text][\/vc_column_inner][\/vc_row_inner][\/vc_column][\/vc_row]<\/p>\n","protected":false},"excerpt":{"rendered":"<p>[vc_row][vc_column css=&#8220;.vc_custom_1480573140574{padding-top: 80px !important;padding-bottom: 65px !important;}&#8220;][vc_row_inner][vc_column_inner offset=&#8220;vc_col-lg-9 vc_col-md-8 vc_col-xs-12&#8243; css=&#8220;.vc_custom_1506338697500{margin-bottom: 25px !important;}&#8220;][vc_column_text]Homes &amp; Holiday AG Theresienstra\u00dfe 81 D-80333 M\u00fcnchen Tel. +49 89 9982081-50 Fax +49 89 9982081-51 E-Mail info@homes-holiday.com Vorstand: Manuel Reitmeier Aufsichtsratsvorsitzender: Michael Vogel Registergericht: Amtsgericht M\u00fcnchen Registernummer: HRB 234431 Umsatzsteuer-Identifikationsnummer gem\u00e4\u00df \u00a7 27 a Umsatzsteuergesetz: DE 31 58 78 149 Rechtlicher Hinweis: Homes&hellip; <a class=\"read-more\" href=\"https:\/\/www.homes-holiday.com\/de\/impressum\/\" title=\"Read Impressum\">Read more &raquo;<\/a><\/p>\n","protected":false},"author":1,"featured_media":0,"parent":0,"menu_order":31,"comment_status":"closed","ping_status":"closed","template":"templates\/page-vc_compatible.php","meta":{"footnotes":""},"class_list":["post-9474","page","type-page","status-publish","hentry"],"yoast_head":"<!-- This site is optimized with the Yoast SEO plugin v23.7 - https:\/\/yoast.com\/wordpress\/plugins\/seo\/ -->\n<title>Impressum - Homes &amp; Holiday AG<\/title>\n<meta name=\"robots\" content=\"index, follow, max-snippet:-1, max-image-preview:large, max-video-preview:-1\" \/>\n<link rel=\"canonical\" href=\"https:\/\/www.homes-holiday.com\/de\/impressum\/\" \/>\n<meta property=\"og:locale\" content=\"de_DE\" \/>\n<meta property=\"og:type\" content=\"article\" \/>\n<meta property=\"og:title\" content=\"Impressum - Homes &amp; Holiday AG\" \/>\n<meta property=\"og:description\" content=\"[vc_row][vc_column css=&#8220;.vc_custom_1480573140574{padding-top: 80px !important;padding-bottom: 65px !important;}&#8220;][vc_row_inner][vc_column_inner offset=&#8220;vc_col-lg-9 vc_col-md-8 vc_col-xs-12&#8243; css=&#8220;.vc_custom_1506338697500{margin-bottom: 25px !important;}&#8220;][vc_column_text]Homes &amp; Holiday AG Theresienstra\u00dfe 81 D-80333 M\u00fcnchen Tel. +49 89 9982081-50 Fax +49 89 9982081-51 E-Mail info@homes-holiday.com Vorstand: Manuel Reitmeier Aufsichtsratsvorsitzender: Michael Vogel Registergericht: Amtsgericht M\u00fcnchen Registernummer: HRB 234431 Umsatzsteuer-Identifikationsnummer gem\u00e4\u00df \u00a7 27 a Umsatzsteuergesetz: DE 31 58 78 149 Rechtlicher Hinweis: Homes&hellip; Read more &raquo;\" \/>\n<meta property=\"og:url\" content=\"https:\/\/www.homes-holiday.com\/de\/impressum\/\" \/>\n<meta property=\"og:site_name\" content=\"Homes &amp; Holiday AG\" \/>\n<meta property=\"article:modified_time\" content=\"2024-10-20T14:03:24+00:00\" \/>\n<meta name=\"twitter:card\" content=\"summary_large_image\" \/>\n<meta name=\"twitter:label1\" content=\"Gesch\u00e4tzte Lesezeit\" \/>\n\t<meta name=\"twitter:data1\" content=\"1\u00a0Minute\" \/>\n<script type=\"application\/ld+json\" class=\"yoast-schema-graph\">{\"@context\":\"https:\/\/schema.org\",\"@graph\":[{\"@type\":\"WebPage\",\"@id\":\"https:\/\/www.homes-holiday.com\/de\/impressum\/\",\"url\":\"https:\/\/www.homes-holiday.com\/de\/impressum\/\",\"name\":\"Impressum - Homes &amp; Holiday AG\",\"isPartOf\":{\"@id\":\"https:\/\/www.homes-holiday.com\/de\/#website\"},\"datePublished\":\"2017-10-11T12:13:09+00:00\",\"dateModified\":\"2024-10-20T14:03:24+00:00\",\"breadcrumb\":{\"@id\":\"https:\/\/www.homes-holiday.com\/de\/impressum\/#breadcrumb\"},\"inLanguage\":\"de\",\"potentialAction\":[{\"@type\":\"ReadAction\",\"target\":[\"https:\/\/www.homes-holiday.com\/de\/impressum\/\"]}]},{\"@type\":\"BreadcrumbList\",\"@id\":\"https:\/\/www.homes-holiday.com\/de\/impressum\/#breadcrumb\",\"itemListElement\":[{\"@type\":\"ListItem\",\"position\":1,\"name\":\"Startseite\",\"item\":\"https:\/\/www.homes-holiday.com\/de\/\"},{\"@type\":\"ListItem\",\"position\":2,\"name\":\"Impressum\"}]},{\"@type\":\"WebSite\",\"@id\":\"https:\/\/www.homes-holiday.com\/de\/#website\",\"url\":\"https:\/\/www.homes-holiday.com\/de\/\",\"name\":\"Homes &amp; Holiday AG\",\"description\":\"\",\"potentialAction\":[{\"@type\":\"SearchAction\",\"target\":{\"@type\":\"EntryPoint\",\"urlTemplate\":\"https:\/\/www.homes-holiday.com\/de\/?s={search_term_string}\"},\"query-input\":{\"@type\":\"PropertyValueSpecification\",\"valueRequired\":true,\"valueName\":\"search_term_string\"}}],\"inLanguage\":\"de\"}]}<\/script>\n<!-- \/ Yoast SEO plugin. -->","yoast_head_json":{"title":"Impressum - Homes &amp; Holiday AG","robots":{"index":"index","follow":"follow","max-snippet":"max-snippet:-1","max-image-preview":"max-image-preview:large","max-video-preview":"max-video-preview:-1"},"canonical":"https:\/\/www.homes-holiday.com\/de\/impressum\/","og_locale":"de_DE","og_type":"article","og_title":"Impressum - Homes &amp; Holiday AG","og_description":"[vc_row][vc_column css=&#8220;.vc_custom_1480573140574{padding-top: 80px !important;padding-bottom: 65px !important;}&#8220;][vc_row_inner][vc_column_inner offset=&#8220;vc_col-lg-9 vc_col-md-8 vc_col-xs-12&#8243; css=&#8220;.vc_custom_1506338697500{margin-bottom: 25px !important;}&#8220;][vc_column_text]Homes &amp; Holiday AG Theresienstra\u00dfe 81 D-80333 M\u00fcnchen Tel. +49 89 9982081-50 Fax +49 89 9982081-51 E-Mail info@homes-holiday.com Vorstand: Manuel Reitmeier Aufsichtsratsvorsitzender: Michael Vogel Registergericht: Amtsgericht M\u00fcnchen Registernummer: HRB 234431 Umsatzsteuer-Identifikationsnummer gem\u00e4\u00df \u00a7 27 a Umsatzsteuergesetz: DE 31 58 78 149 Rechtlicher Hinweis: Homes&hellip; Read more &raquo;","og_url":"https:\/\/www.homes-holiday.com\/de\/impressum\/","og_site_name":"Homes &amp; Holiday AG","article_modified_time":"2024-10-20T14:03:24+00:00","twitter_card":"summary_large_image","twitter_misc":{"Gesch\u00e4tzte Lesezeit":"1\u00a0Minute"},"schema":{"@context":"https:\/\/schema.org","@graph":[{"@type":"WebPage","@id":"https:\/\/www.homes-holiday.com\/de\/impressum\/","url":"https:\/\/www.homes-holiday.com\/de\/impressum\/","name":"Impressum - Homes &amp; Holiday AG","isPartOf":{"@id":"https:\/\/www.homes-holiday.com\/de\/#website"},"datePublished":"2017-10-11T12:13:09+00:00","dateModified":"2024-10-20T14:03:24+00:00","breadcrumb":{"@id":"https:\/\/www.homes-holiday.com\/de\/impressum\/#breadcrumb"},"inLanguage":"de","potentialAction":[{"@type":"ReadAction","target":["https:\/\/www.homes-holiday.com\/de\/impressum\/"]}]},{"@type":"BreadcrumbList","@id":"https:\/\/www.homes-holiday.com\/de\/impressum\/#breadcrumb","itemListElement":[{"@type":"ListItem","position":1,"name":"Startseite","item":"https:\/\/www.homes-holiday.com\/de\/"},{"@type":"ListItem","position":2,"name":"Impressum"}]},{"@type":"WebSite","@id":"https:\/\/www.homes-holiday.com\/de\/#website","url":"https:\/\/www.homes-holiday.com\/de\/","name":"Homes &amp; Holiday AG","description":"","potentialAction":[{"@type":"SearchAction","target":{"@type":"EntryPoint","urlTemplate":"https:\/\/www.homes-holiday.com\/de\/?s={search_term_string}"},"query-input":{"@type":"PropertyValueSpecification","valueRequired":true,"valueName":"search_term_string"}}],"inLanguage":"de"}]}},"_links":{"self":[{"href":"https:\/\/www.homes-holiday.com\/de\/wp-json\/wp\/v2\/pages\/9474"}],"collection":[{"href":"https:\/\/www.homes-holiday.com\/de\/wp-json\/wp\/v2\/pages"}],"about":[{"href":"https:\/\/www.homes-holiday.com\/de\/wp-json\/wp\/v2\/types\/page"}],"author":[{"embeddable":true,"href":"https:\/\/www.homes-holiday.com\/de\/wp-json\/wp\/v2\/users\/1"}],"replies":[{"embeddable":true,"href":"https:\/\/www.homes-holiday.com\/de\/wp-json\/wp\/v2\/comments?post=9474"}],"version-history":[{"count":10,"href":"https:\/\/www.homes-holiday.com\/de\/wp-json\/wp\/v2\/pages\/9474\/revisions"}],"predecessor-version":[{"id":11885,"href":"https:\/\/www.homes-holiday.com\/de\/wp-json\/wp\/v2\/pages\/9474\/revisions\/11885"}],"wp:attachment":[{"href":"https:\/\/www.homes-holiday.com\/de\/wp-json\/wp\/v2\/media?parent=9474"}],"curies":[{"name":"wp","href":"https:\/\/api.w.org\/{rel}","templated":true}]}}