{"id":9473,"date":"2019-04-15T10:17:01","date_gmt":"2019-04-15T08:17:01","guid":{"rendered":"https:\/\/www.portamondialgroup.com\/?page_id=9473"},"modified":"2019-04-15T10:17:01","modified_gmt":"2019-04-15T08:17:01","slug":"home-2","status":"publish","type":"page","link":"https:\/\/www.homes-holiday.com\/de\/home-2\/","title":{"rendered":"Home"},"content":{"rendered":"<p>[vc_row full_width=&#8220;stretch_row_content_no_spaces&#8220; full_height=&#8220;yes&#8220; tc_enable_overlay=&#8220;true&#8220; css=&#8220;.vc_custom_1480482612440{padding-top: 0px !important;padding-bottom: 0px !important;background-position: center !important;background-repeat: no-repeat !important;background-size: cover !important;}&#8220; el_class=&#8220;m-b-none&#8220;][vc_column][vc_column_text][rev_slider_vc alias=&#8220;home-1-default&#8220;][\/vc_column_text][\/vc_column][\/vc_row][vc_row tc_enable_overlay=&#8220;true&#8220; css=&#8220;.vc_custom_1507498766092{padding-top: 80px !important;padding-bottom: 0px !important;}&#8220; el_class=&#8220;who-we-are&#8220;][vc_column offset=&#8220;vc_col-lg-6 vc_col-md-6 vc_col-xs-12&#8243; css=&#8220;.vc_custom_1481692708339{margin-bottom: 30px !important;}&#8220;][vc_single_image image=&#8220;11466&#8243; img_size=&#8220;full&#8220;][\/vc_column][vc_column offset=&#8220;vc_col-lg-6 vc_col-md-6 vc_col-xs-12&#8243; css=&#8220;.vc_custom_1481692715299{margin-bottom: 30px !important;}&#8220;][vc_column_text]<\/p>\n<h3>Das erste Franchisesystem f\u00fcr Ferienimmobilien<\/h3>\n<p>Willkommen bei der Homes &amp; Holiday AG, dem Spezialisten rund um Ferienimmobilien. Erleben Sie unsere spannende Markenwelt und das vielf\u00e4ltige Franchise Angebot.<\/p>\n<p>Unsere &#8222;Porta Mondial&#8220; Immobilienmarken z\u00e4hlen zu den f\u00fchrenden Anbietern f\u00fcr Ferienimmobilien in den wichtigsten spanischen Urlaubsdestinationen. Erg\u00e4nzt wird unser Angebot durch ausgew\u00e4hlte City Immobilien in Deutschland.<\/p>\n<p>F\u00fcr den Urlaub im Traumhaus in Spanien haben wir eine eigene Marke geschaffen, &#8222;Porta Holiday&#8220;. Spezialisiert auf Ferienvermietung und Dienstleistungen rund um die Ferienimmobilie. \u200b[\/vc_column_text][\/vc_column][\/vc_row][vc_row full_width=&#8220;stretch_row&#8220; css=&#8220;.vc_custom_1507498831973{padding-top: 0px !important;padding-bottom: 80px !important;background-image: url(http:\/\/sample-data.potenzaglobal.com\/thecorps\/uploads\/2016\/08\/pattern-bg.png?id=308) !important;}&#8220;][vc_column el_class=&#8220;text-center&#8220;]\t<a href=\"https:\/\/www.homes-holiday.com\/unternehmen\/\" class=\"pgs_btn pgs_btn_style_1 pgs_btn_md  vc_custom_1507498455150\">\n\t\t<span>\n\t\t\tUnternehmen\t\t<\/span>\n\t\t\t\t<i class=\"fa fa-arrow-right\"><\/i>\n\t\t\t<\/a>\n\t[\/vc_column][\/vc_row][vc_row full_width=&#8220;stretch_row&#8220; tc_overlay_opacity=&#8220;100&#8243; tc_enable_overlay=&#8220;true&#8220; css=&#8220;.vc_custom_1507497315767{padding-top: 70px !important;}&#8220; tc_overlay_color=&#8220;#f3f5f6&#8243;][vc_column]        <div class=\"section-title-1 text-center\">\n            <h2 class=\"text-blue\">Immobilien Franchise<\/h2>\n            <div class=\"title-line\"><\/div>\n\t\t\t\t\t\t\t<p>Erfolgreich selbstst\u00e4ndig als Immobilienmakler mit Porta Mondial<\/p>\n\t\t\t\t        <\/div>\n        [\/vc_column][\/vc_row][vc_row full_width=&#8220;stretch_row&#8220; tc_overlay_opacity=&#8220;100&#8243; tc_enable_overlay=&#8220;true&#8220; css=&#8220;.vc_custom_1507497363925{padding-bottom: 80px !important;}&#8220; tc_overlay_color=&#8220;#f3f5f6&#8243;][vc_column width=&#8220;1\/3&#8243;][vc_single_image image=&#8220;9445&#8243; img_size=&#8220;large&#8220; onclick=&#8220;custom_link&#8220; link=&#8220;https:\/\/www.homes-holiday.com\/de\/lizenz-ferienimmobilien\/&#8220;][vc_column_text css=&#8220;.vc_custom_1507375972666{margin-top: 20px !important;}&#8220;]<\/p>\n<h3><a href=\"https:\/\/www.homes-holiday.com\/de\/lizenz-ferienimmobilien\/\">Lizenz Ferienimmobilien<\/a><\/h3>\n<p>Leben und Arbeiten, wo andere Urlaub machen und wundersch\u00f6ne Villen, H\u00e4user und Wohnungen vermarkten. Mit einer Porta Mondial Franchiselizenz wird der Traum vom selbstst\u00e4ndigen Unternehmertum wahr.[\/vc_column_text][\/vc_column][vc_column width=&#8220;1\/3&#8243;][vc_single_image image=&#8220;8987&#8243; img_size=&#8220;large&#8220; onclick=&#8220;custom_link&#8220; link=&#8220;https:\/\/www.homes-holiday.com\/de\/lizenz-cityimmobilien\/&#8220;][vc_column_text css=&#8220;.vc_custom_1507541865444{margin-top: 20px !important;}&#8220;]<\/p>\n<h3><a href=\"https:\/\/www.homes-holiday.com\/de\/lizenz-cityimmobilien\/\">Lizenz City Immobilien<\/a><\/h3>\n<p>Mit einer Porta Mondial Franchiselizenz f\u00fcr City Immobilien befinden Sie sich an den begehrtesten Immobilienstandorten in Deutschland. Mit Ihrem Zusatzangebot an Ferienimmobilien unterscheiden Sie sich vom Wettbewerb.[\/vc_column_text][\/vc_column][vc_column width=&#8220;1\/3&#8243;][vc_single_image image=&#8220;9432&#8243; img_size=&#8220;large&#8220; onclick=&#8220;custom_link&#8220; link=&#8220;https:\/\/www.homes-holiday.com\/de\/lizenz-porta-holiday\/&#8220;][vc_column_text css=&#8220;.vc_custom_1507630212627{margin-top: 20px !important;}&#8220;]<\/p>\n<h3 class=\"text-back\"><a href=\"https:\/\/www.homes-holiday.com\/de\/lizenz-porta-holiday\/\">Lizenz Ferienvermietung<\/a><\/h3>\n<p>Urlaub im Ferienhaus boomt. Als Porta Holiday Lizenzpartner profitieren Sie von dem starken Wachstumsmarkt Ferienvermietung. Leben und arbeiten Sie dort, wo andere Urlaub machen.[\/vc_column_text][\/vc_column][\/vc_row][vc_row full_width=&#8220;stretch_row&#8220; parallax=&#8220;content-moving&#8220; parallax_image=&#8220;8881&#8243; tc_overlay_opacity=&#8220;50&#8243; tc_enable_overlay=&#8220;true&#8220; css=&#8220;.vc_custom_1507223390077{padding-top: 80px !important;padding-bottom: 80px !important;background-image: url(http:\/\/sample-data.potenzaglobal.com\/thecorps\/uploads\/2016\/08\/pattern-bg.png?id=308) !important;background-position: 0 0;background-repeat: repeat !important;}&#8220; tc_overlay_color=&#8220;#000000&#8243;][vc_column el_class=&#8220;text-center&#8220;]        <div class=\"section-title-1 text-center\">\n            <h2 class=\"text-blue\">Partnerstimmen<\/h2>\n            <div class=\"title-line\"><\/div>\n\t\t\t\t\t\t\t<p>Das sagen unsere Franchisepartner<\/p>\n\t\t\t\t        <\/div>\n        \t<div id=\"tc_testimonials_bdc79215-9700-5\" class=\"pgs_testimonials pgs_testimonials-style-1\">\n\t\t\t\t\t<div class=\"owl-carousel-4\">\n\t\t\t\t\t\t\t\t\t\t<div class=\"item\">\t\t\t\t\t\t\t\n\t\t\t\t\t\t\t<div class=\"testimonial text-center\">\n\t\t\t\t\t\t\t\t<div class=\"testimonial-avatar\">\n\t\t\t\t\t\t\t\t\t<img loading=\"lazy\" decoding=\"async\" width=\"125\" height=\"125\" src=\"https:\/\/www.homes-holiday.com\/de\/wp-content\/uploads\/KentS-1-125x125.jpg\" class=\"attachment-post-thumbnail size-post-thumbnail wp-post-image\" alt=\"\" srcset=\"https:\/\/www.homes-holiday.com\/de\/wp-content\/uploads\/KentS-1-125x125.jpg 125w, https:\/\/www.homes-holiday.com\/de\/wp-content\/uploads\/KentS-1-150x150.jpg 150w, https:\/\/www.homes-holiday.com\/de\/wp-content\/uploads\/KentS-1-50x50.jpg 50w\" sizes=\"(max-width: 125px) 100vw, 125px\" \/>\t\t\t\t\t\t\t\t<\/div>\n\t\t\t\t\t\t\t\t<div class=\"testimonial-info\">\n\t\t\t\t\t\t\t\t\t<p>Das Porta Mondial Netzwerk hat uns den Wechsel von D\u00fcsseldorf nach Mallorca erm\u00f6glicht. In Palma konnten wir direkt mit einem attraktiven Portfolio starten und weiter als Immobilienmakler t\u00e4tig sein. So haben wir das Beste aus zwei Welten miteinander verbunden.<\/p>\n\t\t\t\t\t\t\t\t\t<strong> Kent Steinbach <span>Franchisepartner Palma &amp; Port Andratx, Porta Mallorquina<\/span><\/strong>\n\t\t\t\t\t\t\t\t<\/div>\n\t\t\t\t\t\t\t<\/div>\n\t\t\t\t\t\t<\/div>\n\t\t\t\t\t\t\t\t\t\t\t\t<div class=\"item\">\t\t\t\t\t\t\t\n\t\t\t\t\t\t\t<div class=\"testimonial text-center\">\n\t\t\t\t\t\t\t\t<div class=\"testimonial-avatar\">\n\t\t\t\t\t\t\t\t\t<img loading=\"lazy\" decoding=\"async\" width=\"125\" height=\"125\" src=\"https:\/\/www.homes-holiday.com\/de\/wp-content\/uploads\/NicoleNe-125x125.jpg\" class=\"attachment-post-thumbnail size-post-thumbnail wp-post-image\" alt=\"\" srcset=\"https:\/\/www.homes-holiday.com\/de\/wp-content\/uploads\/NicoleNe-125x125.jpg 125w, https:\/\/www.homes-holiday.com\/de\/wp-content\/uploads\/NicoleNe-150x150.jpg 150w, https:\/\/www.homes-holiday.com\/de\/wp-content\/uploads\/NicoleNe-50x50.jpg 50w\" sizes=\"(max-width: 125px) 100vw, 125px\" \/>\t\t\t\t\t\t\t\t<\/div>\n\t\t\t\t\t\t\t\t<div class=\"testimonial-info\">\n\t\t\t\t\t\t\t\t\t<p>Wir haben uns bewusst f\u00fcr Porta Mallorquina entschieden, da wir hier eine starke Marke mit hohem Bekanntheitsgrad, eine etablierte Verkaufsregion und ein erfahrenes Team \u00fcbernehmen konnten. Durch die Porta Mallorquina Academy und die umfassende Unterst\u00fctzung durch die Zentrale hatten wir einen erfolgreichen Einstieg.<\/p>\n\t\t\t\t\t\t\t\t\t<strong> Nicole Schepp <span>Franchisepartnerin Inselmitte &amp; Nordost, Porta Mallorquina<\/span><\/strong>\n\t\t\t\t\t\t\t\t<\/div>\n\t\t\t\t\t\t\t<\/div>\n\t\t\t\t\t\t<\/div>\n\t\t\t\t\t\t\t\t\t\t\t\t<div class=\"item\">\t\t\t\t\t\t\t\n\t\t\t\t\t\t\t<div class=\"testimonial text-center\">\n\t\t\t\t\t\t\t\t<div class=\"testimonial-avatar\">\n\t\t\t\t\t\t\t\t\t<img loading=\"lazy\" decoding=\"async\" width=\"125\" height=\"125\" src=\"https:\/\/www.homes-holiday.com\/de\/wp-content\/uploads\/MiguelA-125x125.jpg\" class=\"attachment-post-thumbnail size-post-thumbnail wp-post-image\" alt=\"\" srcset=\"https:\/\/www.homes-holiday.com\/de\/wp-content\/uploads\/MiguelA-125x125.jpg 125w, https:\/\/www.homes-holiday.com\/de\/wp-content\/uploads\/MiguelA-150x150.jpg 150w, https:\/\/www.homes-holiday.com\/de\/wp-content\/uploads\/MiguelA-50x50.jpg 50w\" sizes=\"(max-width: 125px) 100vw, 125px\" \/>\t\t\t\t\t\t\t\t<\/div>\n\t\t\t\t\t\t\t\t<div class=\"testimonial-info\">\n\t\t\t\t\t\t\t\t\t<p>Eine ausgezeichnete Pr\u00e4senz und Positionierung in den Internet-Suchmaschinen, zusammen mit der auf der Insel stark etablierten Marke Porta Mallorquina, erm\u00f6glichen mir den Zugang zu einem potenziellen Markt, der f\u00fcr meine Gesch\u00e4ftserwartungen sehr wertvoll ist.<\/p>\n\t\t\t\t\t\t\t\t\t<strong> Miguel Anton <span>Franchisepartner Region Nordwest, Porta Mallorquina<\/span><\/strong>\n\t\t\t\t\t\t\t\t<\/div>\n\t\t\t\t\t\t\t<\/div>\n\t\t\t\t\t\t<\/div>\n\t\t\t\t\t\t\t\t\t<\/div>\n\t\t\t    <\/div>\n    \t<a href=\"https:\/\/www.homes-holiday.com\/partnerstimmen\/\" class=\"pgs_btn pgs_btn_style_1 pgs_btn_md  vc_custom_1507222905982\">\n\t\t<span>\n\t\t\tMehr Partnerstimmen\t\t<\/span>\n\t\t\t\t<i class=\"fa fa-arrow-right\"><\/i>\n\t\t\t<\/a>\n\t[\/vc_column][\/vc_row][vc_row css=&#8220;.vc_custom_1507503386005{padding-top: 80px !important;padding-bottom: 80px !important;}&#8220;][vc_column]        <div class=\"section-title-1 text-center\">\n            <h2 class=\"text-blue\">Bekannt aus<\/h2>\n            <div class=\"title-line\"><\/div>\n\t\t\t\t\t\t\t<p>Unsere Marken in den Medien<\/p>\n\t\t\t\t        <\/div>\n        [vc_single_image image=&#8220;9314&#8243; img_size=&#8220;full&#8220;][\/vc_column][\/vc_row][vc_row full_width=&#8220;stretch_row&#8220; tc_overlay_opacity=&#8220;100&#8243; tc_enable_overlay=&#8220;true&#8220; css=&#8220;.vc_custom_1507503406905{padding-top: 80px !important;}&#8220; tc_overlay_color=&#8220;#f3f5f6&#8243;][vc_column]        <div class=\"section-title-1 text-center\">\n            <h2 class=\"text-blue\">Ferienimmobilien<\/h2>\n            <div class=\"title-line\"><\/div>\n\t\t\t\t\t\t\t<p>Unsere aktuellen Immobilien des Monats<\/p>\n\t\t\t\t        <\/div>\n        [\/vc_column][\/vc_row][vc_row full_width=&#8220;stretch_row_content_no_spaces&#8220;][vc_column width=&#8220;1\/4&#8243;][vc_single_image source=&#8220;external_link&#8220; external_img_size=&#8220;medium&#8220; onclick=&#8220;custom_link&#8220; img_link_target=&#8220;_blank&#8220; custom_src=&#8220;https:\/\/www.porta-mallorquina.de\/immobilien\/110422-finca-campanet-pool-loungebetten.jpg&#8220; link=&#8220;https:\/\/www.porta-mallorquina.de\/immobilien\/campanet-finca-110422.html&#8220;][\/vc_column][vc_column width=&#8220;1\/4&#8243;][vc_single_image source=&#8220;external_link&#8220; external_img_size=&#8220;medium&#8220; onclick=&#8220;custom_link&#8220; img_link_target=&#8220;_blank&#8220; custom_src=&#8220;https:\/\/www.portamenorquina.de\/immobilien\/100056-finca-alaior-gemuetliche-sitzecke-blick-pool.jpg&#8220; link=&#8220;https:\/\/www.portamenorquina.de\/immobilien\/alaior-finca-100056.html&#8220;][\/vc_column][vc_column width=&#8220;1\/4&#8243;][vc_single_image source=&#8220;external_link&#8220; external_img_size=&#8220;medium&#8220; onclick=&#8220;custom_link&#8220; img_link_target=&#8220;_blank&#8220; custom_src=&#8220;https:\/\/www.portatenerife.de\/immobilien\/200106-1-villa-arona-teneriffa-sueden-garten.jpg&#8220; link=&#8220;https:\/\/www.portatenerife.de\/immobilien\/arona-villa-200106.html&#8220;][\/vc_column][vc_column width=&#8220;1\/4&#8243;][vc_single_image source=&#8220;external_link&#8220; external_img_size=&#8220;medium&#8220; onclick=&#8220;custom_link&#8220; img_link_target=&#8220;_blank&#8220; custom_src=&#8220;https:\/\/www.portaandalucia.de\/immobilien\/119056-1.jpg&#8220; link=&#8220;https:\/\/www.portaandalucia.de\/immobilien\/casares-wohnung-119056.html&#8220;][\/vc_column][\/vc_row][vc_row tc_enable_overlay=&#8220;true&#8220; css=&#8220;.vc_custom_1507631374728{padding-top: 80px !important;padding-bottom: 80px !important;}&#8220;][vc_column]        <div class=\"section-title-1 text-center\">\n            <h2 class=\"text-blue\">Aktuelle Beitr\u00e4ge<\/h2>\n            <div class=\"title-line\"><\/div>\n\t\t\t\t\t\t\t<p>Informationen aus unserem Blog<\/p>\n\t\t\t\t        <\/div>\n        \t<div id=\"tc_recent_posts_6a01f78b04c83\" class=\"our-blog our-blog-style_1 page-section-pb\">\n\t\t<div class=\"row\">\n\t\t\t\t\t\t\t\t<div class=\"col-lg-6 col-md-6 col-sm-6\">\n\t\t\t\t\t\t<div class=\"blog-box\">\n\t\t\t\t\t\t\t<div class=\"blog-info\">\n\t\t\t\t\t\t\t\t<h4 class=\"text-black\"> <a href=\"https:\/\/www.homes-holiday.com\/de\/marktstudie-2024-immobilienkrise-auf-mallorca-steigen-die-preise-weiter\/\">Marktstudie 2024: Immobilienkrise? Auf Mallorca steigen die Preise weiter<\/a><\/h4>\n\t\t\t\t\t\t\t\t<span><i class=\"fa fa-user\"><\/i>By Theresa Fischer<\/span>\n\t\t\t\t\t\t\t\t<span><i class=\"fa fa-calendar\"><\/i> 04th November 2024<\/span>\n\t\t\t\t\t\t\t\t<p>Marktstudie 2024 Mallorca boomt. Die Besucherzahlen sind auf einem absoluten Rekordniveau und auch der Immobilienmarkt zeigt sich von den globalen Herausforderungen unbeeindruckt. Auf Mallorca lag der durchschnittliche Quadratmeterpreis f\u00fcr eine Ferienimmobilie im Januar 2024 bei<\/p>\n\t\t\t\t\t\t\t\t<a href=\"https:\/\/www.homes-holiday.com\/de\/marktstudie-2024-immobilienkrise-auf-mallorca-steigen-die-preise-weiter\/\" class=\"blog-btn\">Read more <i class=\"fa fa-long-arrow-right\"><\/i><\/a>\n\t\t\t\t\t\t\t <\/div>\n\t\t\t\t\t\t\t<div style=\"background-image: url('https:\/\/www.homes-holiday.com\/de\/wp-content\/uploads\/Bildschirmfoto-2024-11-04-um-11.03.59.jpg');\" class=\"blog-box-img\"><\/div>\n\t\t\t\t\t\t\t<span class=\"border\"><\/span>\n\t\t\t\t\t\t<\/div>\n\t\t\t\t\t<\/div>\n\t\t\t\t\t\t\t\t\t\t<div class=\"col-lg-6 col-md-6 col-sm-6\">\n\t\t\t\t\t\t<div class=\"blog-box\">\n\t\t\t\t\t\t\t<div class=\"blog-info\">\n\t\t\t\t\t\t\t\t<h4 class=\"text-black\"> <a href=\"https:\/\/www.homes-holiday.com\/de\/hauptversammlung-2022\/\">Hauptversammlung 2022 im Zeichen der positiven Gesch\u00e4ftsentwicklung<\/a><\/h4>\n\t\t\t\t\t\t\t\t<span><i class=\"fa fa-user\"><\/i>By Porta Mondial<\/span>\n\t\t\t\t\t\t\t\t<span><i class=\"fa fa-calendar\"><\/i> 29th August 2022<\/span>\n\t\t\t\t\t\t\t\t<p>Auf der ordentlichen Hauptversammlung der Homes &amp; Holiday AG haben die Aktion\u00e4re allen Tagesordnungspunkten mit gro\u00dfer Mehrheit zugestimmt. Zun\u00e4chst berichtete der Vorstand \u00fcber die positive Entwicklung im Jahr 2021. So steigerte Homes &amp; Holiday mit<\/p>\n\t\t\t\t\t\t\t\t<a href=\"https:\/\/www.homes-holiday.com\/de\/hauptversammlung-2022\/\" class=\"blog-btn\">Read more <i class=\"fa fa-long-arrow-right\"><\/i><\/a>\n\t\t\t\t\t\t\t <\/div>\n\t\t\t\t\t\t\t<div style=\"background-image: url('https:\/\/www.homes-holiday.com\/de\/wp-content\/uploads\/mallorca-finca-108429-1170x500.jpg');\" class=\"blog-box-img\"><\/div>\n\t\t\t\t\t\t\t<span class=\"border\"><\/span>\n\t\t\t\t\t\t<\/div>\n\t\t\t\t\t<\/div>\n\t\t\t\t\t\t\t<\/div>\n\t<\/div>\n\t[\/vc_column][\/vc_row][vc_row full_width=&#8220;stretch_row&#8220; equal_height=&#8220;yes&#8220; parallax=&#8220;content-moving&#8220; parallax_image=&#8220;8934&#8243; tc_bg_type=&#8220;row-background-dark&#8220; tc_overlay_opacity=&#8220;50&#8243; tc_enable_overlay=&#8220;true&#8220; css=&#8220;.vc_custom_1507208645968{padding-top: 80px !important;padding-bottom: 50px !important;}&#8220; tc_overlay_color=&#8220;#0a0a0a&#8220;][vc_column width=&#8220;1\/2&#8243; offset=&#8220;vc_col-lg-3 vc_col-md-3 vc_col-xs-12&#8243; css=&#8220;.vc_custom_1481799345909{margin-bottom: 30px !important;}&#8220;]\t<div class=\"pgs_counter pgs_counter-style-1 pgs_counter-color_scheme-white counter-main text-center\">\n\t\t<span class=\"pgs_counter-icon\" aria-hidden=\"true\"><i class=\"fa fa-info-circle\"><\/i><\/span><b class=\"pgs_counter-timer timer\" data-to=\"3850\" data-speed=\"10000\"><\/b><h5 class=\"pgs_counter-label\">Immobilien im Angebot<\/h5>\t<\/div>\n\t[\/vc_column][vc_column width=&#8220;1\/2&#8243; offset=&#8220;vc_col-lg-3 vc_col-md-3 vc_col-xs-12&#8243; css=&#8220;.vc_custom_1481799353592{margin-bottom: 30px !important;}&#8220;]\t<div class=\"pgs_counter pgs_counter-style-1 pgs_counter-color_scheme-white counter-main text-center\">\n\t\t<span class=\"pgs_counter-icon\" aria-hidden=\"true\"><i class=\"fa fa-info-circle\"><\/i><\/span><b class=\"pgs_counter-timer timer\" data-to=\"21\" data-speed=\"10000\"><\/b><h5 class=\"pgs_counter-label\">Standorte<\/h5>\t<\/div>\n\t[\/vc_column][vc_column width=&#8220;1\/2&#8243; offset=&#8220;vc_col-lg-3 vc_col-md-3 vc_col-xs-12&#8243; css=&#8220;.vc_custom_1481799361200{margin-bottom: 30px !important;}&#8220;]\t<div class=\"pgs_counter pgs_counter-style-1 pgs_counter-color_scheme-white counter-main text-center\">\n\t\t<span class=\"pgs_counter-icon\" aria-hidden=\"true\"><i class=\"fa fa-info-circle\"><\/i><\/span><b class=\"pgs_counter-timer timer\" data-to=\"118\" data-speed=\"10000\"><\/b><h5 class=\"pgs_counter-label\">Team<\/h5>\t<\/div>\n\t[\/vc_column][vc_column width=&#8220;1\/2&#8243; offset=&#8220;vc_col-lg-3 vc_col-md-3 vc_col-xs-12&#8243; css=&#8220;.vc_custom_1481799371721{margin-bottom: 30px !important;}&#8220;]\t<div class=\"pgs_counter pgs_counter-style-1 pgs_counter-color_scheme-white counter-main text-center\">\n\t\t<span class=\"pgs_counter-icon\" aria-hidden=\"true\"><i class=\"fa fa-info-circle\"><\/i><\/span><b class=\"pgs_counter-timer timer\" data-to=\"200000\" data-speed=\"10000\"><\/b><h5 class=\"pgs_counter-label\">Unique Visits im Monat<\/h5>\t<\/div>\n\t[\/vc_column][\/vc_row]<\/p>\n","protected":false},"excerpt":{"rendered":"<p>[vc_row full_width=&#8220;stretch_row_content_no_spaces&#8220; full_height=&#8220;yes&#8220; tc_enable_overlay=&#8220;true&#8220; css=&#8220;.vc_custom_1480482612440{padding-top: 0px !important;padding-bottom: 0px !important;background-position: center !important;background-repeat: no-repeat !important;background-size: cover !important;}&#8220; el_class=&#8220;m-b-none&#8220;][vc_column][vc_column_text][rev_slider_vc alias=&#8220;home-1-default&#8220;][\/vc_column_text][\/vc_column][\/vc_row][vc_row tc_enable_overlay=&#8220;true&#8220; css=&#8220;.vc_custom_1507498766092{padding-top: 80px !important;padding-bottom: 0px !important;}&#8220; el_class=&#8220;who-we-are&#8220;][vc_column offset=&#8220;vc_col-lg-6 vc_col-md-6 vc_col-xs-12&#8243; css=&#8220;.vc_custom_1481692708339{margin-bottom: 30px !important;}&#8220;][vc_single_image image=&#8220;11466&#8243; img_size=&#8220;full&#8220;][\/vc_column][vc_column offset=&#8220;vc_col-lg-6 vc_col-md-6 vc_col-xs-12&#8243;<\/p>\n","protected":false},"author":1,"featured_media":0,"parent":0,"menu_order":1,"comment_status":"open","ping_status":"closed","template":"templates\/page-vc_compatible.php","meta":{"footnotes":""},"class_list":["post-9473","page","type-page","status-publish","hentry"],"yoast_head":"<!-- This site is optimized with the Yoast SEO plugin v23.7 - https:\/\/yoast.com\/wordpress\/plugins\/seo\/ -->\n<title>Home - Homes &amp; Holiday AG<\/title>\n<meta name=\"robots\" content=\"index, follow, max-snippet:-1, max-image-preview:large, max-video-preview:-1\" \/>\n<link rel=\"canonical\" href=\"https:\/\/www.homes-holiday.com\/de\/home-2\/\" \/>\n<meta property=\"og:locale\" content=\"de_DE\" \/>\n<meta property=\"og:type\" content=\"article\" \/>\n<meta property=\"og:title\" content=\"Home - Homes &amp; Holiday AG\" \/>\n<meta property=\"og:description\" content=\"[vc_row full_width=&#8220;stretch_row_content_no_spaces&#8220; full_height=&#8220;yes&#8220; tc_enable_overlay=&#8220;true&#8220; css=&#8220;.vc_custom_1480482612440{padding-top: 0px !important;padding-bottom: 0px !important;background-position: center !important;background-repeat: no-repeat !important;background-size: cover !important;}&#8220; el_class=&#8220;m-b-none&#8220;][vc_column][vc_column_text][rev_slider_vc alias=&#8220;home-1-default&#8220;][\/vc_column_text][\/vc_column][\/vc_row][vc_row tc_enable_overlay=&#8220;true&#8220; css=&#8220;.vc_custom_1507498766092{padding-top: 80px !important;padding-bottom: 0px !important;}&#8220; el_class=&#8220;who-we-are&#8220;][vc_column offset=&#8220;vc_col-lg-6 vc_col-md-6 vc_col-xs-12&#8243; css=&#8220;.vc_custom_1481692708339{margin-bottom: 30px !important;}&#8220;][vc_single_image image=&#8220;11466&#8243; img_size=&#8220;full&#8220;][\/vc_column][vc_column offset=&#8220;vc_col-lg-6 vc_col-md-6 vc_col-xs-12&#8243;\" \/>\n<meta property=\"og:url\" content=\"https:\/\/www.homes-holiday.com\/de\/home-2\/\" \/>\n<meta property=\"og:site_name\" content=\"Homes &amp; Holiday AG\" \/>\n<meta name=\"twitter:card\" content=\"summary_large_image\" \/>\n<meta name=\"twitter:label1\" content=\"Gesch\u00e4tzte Lesezeit\" \/>\n\t<meta name=\"twitter:data1\" content=\"6\u00a0Minuten\" \/>\n<script type=\"application\/ld+json\" class=\"yoast-schema-graph\">{\"@context\":\"https:\/\/schema.org\",\"@graph\":[{\"@type\":\"WebPage\",\"@id\":\"https:\/\/www.homes-holiday.com\/de\/home-2\/\",\"url\":\"https:\/\/www.homes-holiday.com\/de\/home-2\/\",\"name\":\"Home - Homes &amp; Holiday AG\",\"isPartOf\":{\"@id\":\"https:\/\/www.homes-holiday.com\/de\/#website\"},\"datePublished\":\"2019-04-15T08:17:01+00:00\",\"dateModified\":\"2019-04-15T08:17:01+00:00\",\"breadcrumb\":{\"@id\":\"https:\/\/www.homes-holiday.com\/de\/home-2\/#breadcrumb\"},\"inLanguage\":\"de\",\"potentialAction\":[{\"@type\":\"ReadAction\",\"target\":[\"https:\/\/www.homes-holiday.com\/de\/home-2\/\"]}]},{\"@type\":\"BreadcrumbList\",\"@id\":\"https:\/\/www.homes-holiday.com\/de\/home-2\/#breadcrumb\",\"itemListElement\":[{\"@type\":\"ListItem\",\"position\":1,\"name\":\"Startseite\",\"item\":\"https:\/\/www.homes-holiday.com\/de\/\"},{\"@type\":\"ListItem\",\"position\":2,\"name\":\"Home\"}]},{\"@type\":\"WebSite\",\"@id\":\"https:\/\/www.homes-holiday.com\/de\/#website\",\"url\":\"https:\/\/www.homes-holiday.com\/de\/\",\"name\":\"Homes &amp; Holiday AG\",\"description\":\"\",\"potentialAction\":[{\"@type\":\"SearchAction\",\"target\":{\"@type\":\"EntryPoint\",\"urlTemplate\":\"https:\/\/www.homes-holiday.com\/de\/?s={search_term_string}\"},\"query-input\":{\"@type\":\"PropertyValueSpecification\",\"valueRequired\":true,\"valueName\":\"search_term_string\"}}],\"inLanguage\":\"de\"}]}<\/script>\n<!-- \/ Yoast SEO plugin. -->","yoast_head_json":{"title":"Home - Homes &amp; Holiday AG","robots":{"index":"index","follow":"follow","max-snippet":"max-snippet:-1","max-image-preview":"max-image-preview:large","max-video-preview":"max-video-preview:-1"},"canonical":"https:\/\/www.homes-holiday.com\/de\/home-2\/","og_locale":"de_DE","og_type":"article","og_title":"Home - Homes &amp; Holiday AG","og_description":"[vc_row full_width=&#8220;stretch_row_content_no_spaces&#8220; full_height=&#8220;yes&#8220; tc_enable_overlay=&#8220;true&#8220; css=&#8220;.vc_custom_1480482612440{padding-top: 0px !important;padding-bottom: 0px !important;background-position: center !important;background-repeat: no-repeat !important;background-size: cover !important;}&#8220; el_class=&#8220;m-b-none&#8220;][vc_column][vc_column_text][rev_slider_vc alias=&#8220;home-1-default&#8220;][\/vc_column_text][\/vc_column][\/vc_row][vc_row tc_enable_overlay=&#8220;true&#8220; css=&#8220;.vc_custom_1507498766092{padding-top: 80px !important;padding-bottom: 0px !important;}&#8220; el_class=&#8220;who-we-are&#8220;][vc_column offset=&#8220;vc_col-lg-6 vc_col-md-6 vc_col-xs-12&#8243; css=&#8220;.vc_custom_1481692708339{margin-bottom: 30px !important;}&#8220;][vc_single_image image=&#8220;11466&#8243; img_size=&#8220;full&#8220;][\/vc_column][vc_column offset=&#8220;vc_col-lg-6 vc_col-md-6 vc_col-xs-12&#8243;","og_url":"https:\/\/www.homes-holiday.com\/de\/home-2\/","og_site_name":"Homes &amp; Holiday AG","twitter_card":"summary_large_image","twitter_misc":{"Gesch\u00e4tzte Lesezeit":"6\u00a0Minuten"},"schema":{"@context":"https:\/\/schema.org","@graph":[{"@type":"WebPage","@id":"https:\/\/www.homes-holiday.com\/de\/home-2\/","url":"https:\/\/www.homes-holiday.com\/de\/home-2\/","name":"Home - Homes &amp; Holiday AG","isPartOf":{"@id":"https:\/\/www.homes-holiday.com\/de\/#website"},"datePublished":"2019-04-15T08:17:01+00:00","dateModified":"2019-04-15T08:17:01+00:00","breadcrumb":{"@id":"https:\/\/www.homes-holiday.com\/de\/home-2\/#breadcrumb"},"inLanguage":"de","potentialAction":[{"@type":"ReadAction","target":["https:\/\/www.homes-holiday.com\/de\/home-2\/"]}]},{"@type":"BreadcrumbList","@id":"https:\/\/www.homes-holiday.com\/de\/home-2\/#breadcrumb","itemListElement":[{"@type":"ListItem","position":1,"name":"Startseite","item":"https:\/\/www.homes-holiday.com\/de\/"},{"@type":"ListItem","position":2,"name":"Home"}]},{"@type":"WebSite","@id":"https:\/\/www.homes-holiday.com\/de\/#website","url":"https:\/\/www.homes-holiday.com\/de\/","name":"Homes &amp; Holiday AG","description":"","potentialAction":[{"@type":"SearchAction","target":{"@type":"EntryPoint","urlTemplate":"https:\/\/www.homes-holiday.com\/de\/?s={search_term_string}"},"query-input":{"@type":"PropertyValueSpecification","valueRequired":true,"valueName":"search_term_string"}}],"inLanguage":"de"}]}},"_links":{"self":[{"href":"https:\/\/www.homes-holiday.com\/de\/wp-json\/wp\/v2\/pages\/9473"}],"collection":[{"href":"https:\/\/www.homes-holiday.com\/de\/wp-json\/wp\/v2\/pages"}],"about":[{"href":"https:\/\/www.homes-holiday.com\/de\/wp-json\/wp\/v2\/types\/page"}],"author":[{"embeddable":true,"href":"https:\/\/www.homes-holiday.com\/de\/wp-json\/wp\/v2\/users\/1"}],"replies":[{"embeddable":true,"href":"https:\/\/www.homes-holiday.com\/de\/wp-json\/wp\/v2\/comments?post=9473"}],"version-history":[{"count":2,"href":"https:\/\/www.homes-holiday.com\/de\/wp-json\/wp\/v2\/pages\/9473\/revisions"}],"predecessor-version":[{"id":11468,"href":"https:\/\/www.homes-holiday.com\/de\/wp-json\/wp\/v2\/pages\/9473\/revisions\/11468"}],"wp:attachment":[{"href":"https:\/\/www.homes-holiday.com\/de\/wp-json\/wp\/v2\/media?parent=9473"}],"curies":[{"name":"wp","href":"https:\/\/api.w.org\/{rel}","templated":true}]}}