{"id":9136,"date":"2017-10-05T17:50:59","date_gmt":"2017-10-05T15:50:59","guid":{"rendered":"https:\/\/www.portamondialgroup.com\/?page_id=9136"},"modified":"2022-09-27T16:32:08","modified_gmt":"2022-09-27T14:32:08","slug":"partnerstimmen","status":"publish","type":"page","link":"https:\/\/www.homes-holiday.com\/de\/partnerstimmen\/","title":{"rendered":"Partnerstimmen"},"content":{"rendered":"<p>[vc_row css=&#8220;.vc_custom_1507276924263{margin-top: 80px !important;}&#8220;][vc_column width=&#8220;1\/2&#8243;][vc_column_text]Auf Mallorca, dem wohl wichtigsten und umsatzst\u00e4rksten Ferienimmobilienmarkt Europas konnte sich Porta Mondial mit der Marke <a href=\"https:\/\/www.porta-mallorquina.de\">Porta Mallorquina<\/a> binnen weniger Jahre als eines der Top 3 Maklerunternehmen mit \u00fcber 50 Mitarbeitern etablieren. <strong>Eine Erfolgsstory, die ihresgleichen sucht.<\/strong>[\/vc_column_text][\/vc_column][vc_column width=&#8220;1\/2&#8243;][vc_column_text]Aber auch auf Menorca, Ibiza, den Kanaren, sowie auf dem spanischen Festland in Andalusien, ist die Porta Mondial Gruppe \u00fcber Franchisepartner aktiv. <!--Hinzu kommt das Porta Mondial Kooperations-Netzwerk in Katalonien, Valencia, Andalusien, Florida, S\u00fcdafrika und Kroatien.-->[\/vc_column_text][\/vc_column][\/vc_row][vc_row tc_enable_overlay=&#8220;true&#8220; css=&#8220;.vc_custom_1475039069276{padding-top: 80px !important;padding-bottom: 80px !important;}&#8220;][vc_column 0=&#8220;&#8220;]\t<div id=\"tc_testimonials_tc_testimonials_69e0db13a9cd1\" class=\"pgs_testimonials pgs_testimonials-style-3\">\n\t\t\t\t\t<div class=\"row\">\n\t\t\t\t\t\t\t\t\t\t<div class=\"col-lg-6 col-md-6 col-sm-6\">\n\t\t\t\t\t\t\t<div class=\"testimonial-block\">\n\t\t\t\t\t\t\t\t<div class=\"testimonial-avtar\">\n\t\t\t\t\t\t\t\t\t<img loading=\"lazy\" decoding=\"async\" width=\"150\" height=\"150\" src=\"https:\/\/www.homes-holiday.com\/de\/wp-content\/uploads\/KentS-1-150x150.jpg\" class=\"img-responsive wp-post-image\" alt=\"\" srcset=\"https:\/\/www.homes-holiday.com\/de\/wp-content\/uploads\/KentS-1-150x150.jpg 150w, https:\/\/www.homes-holiday.com\/de\/wp-content\/uploads\/KentS-1-125x125.jpg 125w, https:\/\/www.homes-holiday.com\/de\/wp-content\/uploads\/KentS-1-50x50.jpg 50w\" sizes=\"(max-width: 150px) 100vw, 150px\" \/>\t\t\t\t\t\t\t\t<\/div>\n\t\t\t\t\t\t\t\t<div class=\"testimonial-content\">\n\t\t\t\t\t\t\t\t\t<h4>Kent Steinbach<\/h4>\n\t\t\t\t\t\t\t\t\t<p>Das Porta Mondial Netzwerk hat uns den Wechsel von D\u00fcsseldorf nach Mallorca erm\u00f6glicht. In Palma konnten wir direkt mit einem attraktiven Portfolio starten und weiter als Immobilienmakler t\u00e4tig sein. So haben wir das Beste aus zwei Welten miteinander verbunden.<\/p>\n\t\t\t\t\t\t\t\t\t <span>Franchisepartner Palma &amp; Port Andratx, Porta Mallorquina<\/span>\t\t\t\t\t\t\t\t<\/div>\n\t\t\t\t\t\t\t<\/div>\n\t\t\t\t\t\t<\/div>\n\t\t\t\t\t\t\t\t\t\t\t\t<div class=\"col-lg-6 col-md-6 col-sm-6\">\n\t\t\t\t\t\t\t<div class=\"testimonial-block\">\n\t\t\t\t\t\t\t\t<div class=\"testimonial-avtar\">\n\t\t\t\t\t\t\t\t\t<img loading=\"lazy\" decoding=\"async\" width=\"150\" height=\"150\" src=\"https:\/\/www.homes-holiday.com\/de\/wp-content\/uploads\/NicoleNe-150x150.jpg\" class=\"img-responsive wp-post-image\" alt=\"\" srcset=\"https:\/\/www.homes-holiday.com\/de\/wp-content\/uploads\/NicoleNe-150x150.jpg 150w, https:\/\/www.homes-holiday.com\/de\/wp-content\/uploads\/NicoleNe-125x125.jpg 125w, https:\/\/www.homes-holiday.com\/de\/wp-content\/uploads\/NicoleNe-50x50.jpg 50w\" sizes=\"(max-width: 150px) 100vw, 150px\" \/>\t\t\t\t\t\t\t\t<\/div>\n\t\t\t\t\t\t\t\t<div class=\"testimonial-content\">\n\t\t\t\t\t\t\t\t\t<h4>Nicole Schepp<\/h4>\n\t\t\t\t\t\t\t\t\t<p>Wir haben uns bewusst f\u00fcr Porta Mallorquina entschieden, da wir hier eine starke Marke mit hohem Bekanntheitsgrad, eine etablierte Verkaufsregion und ein erfahrenes Team \u00fcbernehmen konnten. Durch die Porta Mallorquina Academy und die umfassende Unterst\u00fctzung durch die Zentrale hatten wir einen erfolgreichen Einstieg.<\/p>\n\t\t\t\t\t\t\t\t\t <span>Franchisepartnerin Inselmitte &amp; Nordost, Porta Mallorquina<\/span>\t\t\t\t\t\t\t\t<\/div>\n\t\t\t\t\t\t\t<\/div>\n\t\t\t\t\t\t<\/div>\n\t\t\t\t\t\t\t\t\t\t\t\t<div class=\"col-lg-6 col-md-6 col-sm-6\">\n\t\t\t\t\t\t\t<div class=\"testimonial-block\">\n\t\t\t\t\t\t\t\t<div class=\"testimonial-avtar\">\n\t\t\t\t\t\t\t\t\t<img loading=\"lazy\" decoding=\"async\" width=\"150\" height=\"150\" src=\"https:\/\/www.homes-holiday.com\/de\/wp-content\/uploads\/MiguelA-150x150.jpg\" class=\"img-responsive wp-post-image\" alt=\"\" srcset=\"https:\/\/www.homes-holiday.com\/de\/wp-content\/uploads\/MiguelA-150x150.jpg 150w, https:\/\/www.homes-holiday.com\/de\/wp-content\/uploads\/MiguelA-125x125.jpg 125w, https:\/\/www.homes-holiday.com\/de\/wp-content\/uploads\/MiguelA-50x50.jpg 50w\" sizes=\"(max-width: 150px) 100vw, 150px\" \/>\t\t\t\t\t\t\t\t<\/div>\n\t\t\t\t\t\t\t\t<div class=\"testimonial-content\">\n\t\t\t\t\t\t\t\t\t<h4>Miguel Anton<\/h4>\n\t\t\t\t\t\t\t\t\t<p>Eine ausgezeichnete Pr\u00e4senz und Positionierung in den Internet-Suchmaschinen, zusammen mit der auf der Insel stark etablierten Marke Porta Mallorquina, erm\u00f6glichen mir den Zugang zu einem potenziellen Markt, der f\u00fcr meine Gesch\u00e4ftserwartungen sehr wertvoll ist.<\/p>\n\t\t\t\t\t\t\t\t\t <span>Franchisepartner Region Nordwest, Porta Mallorquina<\/span>\t\t\t\t\t\t\t\t<\/div>\n\t\t\t\t\t\t\t<\/div>\n\t\t\t\t\t\t<\/div>\n\t\t\t\t\t\t\t\t\t\t\t\t<div class=\"col-lg-6 col-md-6 col-sm-6\">\n\t\t\t\t\t\t\t<div class=\"testimonial-block\">\n\t\t\t\t\t\t\t\t<div class=\"testimonial-avtar\">\n\t\t\t\t\t\t\t\t\t<img loading=\"lazy\" decoding=\"async\" width=\"150\" height=\"150\" src=\"https:\/\/www.homes-holiday.com\/de\/wp-content\/uploads\/miri-150x150.jpg\" class=\"img-responsive wp-post-image\" alt=\"\" srcset=\"https:\/\/www.homes-holiday.com\/de\/wp-content\/uploads\/miri-150x150.jpg 150w, https:\/\/www.homes-holiday.com\/de\/wp-content\/uploads\/miri-125x125.jpg 125w, https:\/\/www.homes-holiday.com\/de\/wp-content\/uploads\/miri-50x50.jpg 50w\" sizes=\"(max-width: 150px) 100vw, 150px\" \/>\t\t\t\t\t\t\t\t<\/div>\n\t\t\t\t\t\t\t\t<div class=\"testimonial-content\">\n\t\t\t\t\t\t\t\t\t<h4>Mirjana Antic<\/h4>\n\t\t\t\t\t\t\t\t\t<p>Ferienimmobilien werden zunehmend als Kapitalanlage interessant. \u00dcber die Zusammenarbeit mit Porta Holiday biete ich ein Alleinstellungsmerkmal auf dem mallorquinischen Immobilienmarkt, das mich von allen anderen Immobilienmaklern in Santanyi und der Region abhebt.<\/p>\n\t\t\t\t\t\t\t\t\t <span>Franchisepartnerin S\u00fcdost &amp; Santa Ponsa, Porta Mallorquina<\/span>\t\t\t\t\t\t\t\t<\/div>\n\t\t\t\t\t\t\t<\/div>\n\t\t\t\t\t\t<\/div>\n\t\t\t\t\t\t\t\t\t\t\t\t<div class=\"col-lg-6 col-md-6 col-sm-6\">\n\t\t\t\t\t\t\t<div class=\"testimonial-block\">\n\t\t\t\t\t\t\t\t<div class=\"testimonial-avtar\">\n\t\t\t\t\t\t\t\t\t<img loading=\"lazy\" decoding=\"async\" width=\"150\" height=\"150\" src=\"https:\/\/www.homes-holiday.com\/de\/wp-content\/uploads\/barbara-150x150.jpg\" class=\"img-responsive wp-post-image\" alt=\"\" srcset=\"https:\/\/www.homes-holiday.com\/de\/wp-content\/uploads\/barbara-150x150.jpg 150w, https:\/\/www.homes-holiday.com\/de\/wp-content\/uploads\/barbara-125x125.jpg 125w, https:\/\/www.homes-holiday.com\/de\/wp-content\/uploads\/barbara-50x50.jpg 50w\" sizes=\"(max-width: 150px) 100vw, 150px\" \/>\t\t\t\t\t\t\t\t<\/div>\n\t\t\t\t\t\t\t\t<div class=\"testimonial-content\">\n\t\t\t\t\t\t\t\t\t<h4>Barbara de Matos<\/h4>\n\t\t\t\t\t\t\t\t\t<p>Die permanente Suchmaschinenoptimierung durch Porta Mondial hat uns auf Mallorca zur Nr. 1 im Internet gemacht. Bis zu 100.000 Visits im Monat sorgen f\u00fcr starke Nachfrage und den schnellen und direkten Kontakt zu unseren Kunden.<\/p>\n\t\t\t\t\t\t\t\t\t <span>Franchisepartnerin Region S\u00fcd, Porta Mallorquina<\/span>\t\t\t\t\t\t\t\t<\/div>\n\t\t\t\t\t\t\t<\/div>\n\t\t\t\t\t\t<\/div>\n\t\t\t\t\t\t\t\t\t\t\t\t<div class=\"col-lg-6 col-md-6 col-sm-6\">\n\t\t\t\t\t\t\t<div class=\"testimonial-block\">\n\t\t\t\t\t\t\t\t<div class=\"testimonial-avtar\">\n\t\t\t\t\t\t\t\t\t<img loading=\"lazy\" decoding=\"async\" width=\"150\" height=\"150\" src=\"https:\/\/www.homes-holiday.com\/de\/wp-content\/uploads\/StephanH-150x150.jpg\" class=\"img-responsive wp-post-image\" alt=\"\" srcset=\"https:\/\/www.homes-holiday.com\/de\/wp-content\/uploads\/StephanH-150x150.jpg 150w, https:\/\/www.homes-holiday.com\/de\/wp-content\/uploads\/StephanH-125x125.jpg 125w, https:\/\/www.homes-holiday.com\/de\/wp-content\/uploads\/StephanH-50x50.jpg 50w\" sizes=\"(max-width: 150px) 100vw, 150px\" \/>\t\t\t\t\t\t\t\t<\/div>\n\t\t\t\t\t\t\t\t<div class=\"testimonial-content\">\n\t\t\t\t\t\t\t\t\t<h4>Stephan Hoffmann<\/h4>\n\t\t\t\t\t\t\t\t\t<p>Die zentralisierten Dienstleistungen im Backoffice, die exzellente Suchmaschinen optimierte Website sowie die starke Markenbildung am mallorquinischen Immobilienmarkt sind die gro\u00dfen Vorz\u00fcge, die mir Porta Mallorquina als Franchisepartner f\u00fcr die nachhaltige Schaffung von meinem Unternehmenswert bietet.<\/p>\n\t\t\t\t\t\t\t\t\t <span>Franchisepartner Region Nord, Porta Mallorquina<\/span>\t\t\t\t\t\t\t\t<\/div>\n\t\t\t\t\t\t\t<\/div>\n\t\t\t\t\t\t<\/div>\n\t\t\t\t\t\t\t\t\t<\/div>\n\t\t\t    <\/div>\n    [\/vc_column][\/vc_row]<\/p>\n","protected":false},"excerpt":{"rendered":"<p>[vc_row css=&#8220;.vc_custom_1507276924263{margin-top: 80px !important;}&#8220;][vc_column width=&#8220;1\/2&#8243;][vc_column_text]Auf Mallorca, dem wohl wichtigsten und umsatzst\u00e4rksten Ferienimmobilienmarkt Europas konnte sich Porta Mondial mit der Marke Porta Mallorquina binnen weniger Jahre als eines der Top 3 Maklerunternehmen mit \u00fcber 50 Mitarbeitern etablieren. Eine Erfolgsstory, die ihresgleichen sucht.[\/vc_column_text][\/vc_column][vc_column width=&#8220;1\/2&#8243;][vc_column_text]Aber auch auf Menorca, Ibiza, den Kanaren, sowie auf dem spanischen Festland in Andalusien,&hellip; <a class=\"read-more\" href=\"https:\/\/www.homes-holiday.com\/de\/testimonials\/michael-altenbeck\/\" title=\"Read Stephan Hoffmann\">Read more &raquo;<\/a><\/p>\n","protected":false},"author":1,"featured_media":0,"parent":0,"menu_order":110,"comment_status":"closed","ping_status":"closed","template":"","meta":{"footnotes":""},"class_list":["post-9136","page","type-page","status-publish","hentry"],"yoast_head":"<!-- This site is optimized with the Yoast SEO plugin v23.7 - https:\/\/yoast.com\/wordpress\/plugins\/seo\/ -->\n<title>Partnerstimmen - Homes &amp; Holiday AG<\/title>\n<meta name=\"robots\" content=\"index, follow, max-snippet:-1, max-image-preview:large, max-video-preview:-1\" \/>\n<link rel=\"canonical\" href=\"https:\/\/www.homes-holiday.com\/de\/partnerstimmen\/\" \/>\n<meta property=\"og:locale\" content=\"de_DE\" \/>\n<meta property=\"og:type\" content=\"article\" \/>\n<meta property=\"og:title\" content=\"Partnerstimmen - Homes &amp; Holiday AG\" \/>\n<meta property=\"og:description\" content=\"[vc_row css=&#8220;.vc_custom_1507276924263{margin-top: 80px !important;}&#8220;][vc_column width=&#8220;1\/2&#8243;][vc_column_text]Auf Mallorca, dem wohl wichtigsten und umsatzst\u00e4rksten Ferienimmobilienmarkt Europas konnte sich Porta Mondial mit der Marke Porta Mallorquina binnen weniger Jahre als eines der Top 3 Maklerunternehmen mit \u00fcber 50 Mitarbeitern etablieren. Eine Erfolgsstory, die ihresgleichen sucht.[\/vc_column_text][\/vc_column][vc_column width=&#8220;1\/2&#8243;][vc_column_text]Aber auch auf Menorca, Ibiza, den Kanaren, sowie auf dem spanischen Festland in Andalusien,&hellip; Read more &raquo;\" \/>\n<meta property=\"og:url\" content=\"https:\/\/www.homes-holiday.com\/de\/partnerstimmen\/\" \/>\n<meta property=\"og:site_name\" content=\"Homes &amp; Holiday AG\" \/>\n<meta property=\"article:modified_time\" content=\"2022-09-27T14:32:08+00:00\" \/>\n<meta name=\"twitter:card\" content=\"summary_large_image\" \/>\n<meta name=\"twitter:label1\" content=\"Gesch\u00e4tzte Lesezeit\" \/>\n\t<meta name=\"twitter:data1\" content=\"1\u00a0Minute\" \/>\n<script type=\"application\/ld+json\" class=\"yoast-schema-graph\">{\"@context\":\"https:\/\/schema.org\",\"@graph\":[{\"@type\":\"WebPage\",\"@id\":\"https:\/\/www.homes-holiday.com\/de\/partnerstimmen\/\",\"url\":\"https:\/\/www.homes-holiday.com\/de\/partnerstimmen\/\",\"name\":\"Partnerstimmen - Homes &amp; Holiday AG\",\"isPartOf\":{\"@id\":\"https:\/\/www.homes-holiday.com\/de\/#website\"},\"datePublished\":\"2017-10-05T15:50:59+00:00\",\"dateModified\":\"2022-09-27T14:32:08+00:00\",\"breadcrumb\":{\"@id\":\"https:\/\/www.homes-holiday.com\/de\/partnerstimmen\/#breadcrumb\"},\"inLanguage\":\"de\",\"potentialAction\":[{\"@type\":\"ReadAction\",\"target\":[\"https:\/\/www.homes-holiday.com\/de\/partnerstimmen\/\"]}]},{\"@type\":\"BreadcrumbList\",\"@id\":\"https:\/\/www.homes-holiday.com\/de\/partnerstimmen\/#breadcrumb\",\"itemListElement\":[{\"@type\":\"ListItem\",\"position\":1,\"name\":\"Startseite\",\"item\":\"https:\/\/www.homes-holiday.com\/de\/\"},{\"@type\":\"ListItem\",\"position\":2,\"name\":\"Partnerstimmen\"}]},{\"@type\":\"WebSite\",\"@id\":\"https:\/\/www.homes-holiday.com\/de\/#website\",\"url\":\"https:\/\/www.homes-holiday.com\/de\/\",\"name\":\"Homes &amp; Holiday AG\",\"description\":\"\",\"potentialAction\":[{\"@type\":\"SearchAction\",\"target\":{\"@type\":\"EntryPoint\",\"urlTemplate\":\"https:\/\/www.homes-holiday.com\/de\/?s={search_term_string}\"},\"query-input\":{\"@type\":\"PropertyValueSpecification\",\"valueRequired\":true,\"valueName\":\"search_term_string\"}}],\"inLanguage\":\"de\"}]}<\/script>\n<!-- \/ Yoast SEO plugin. -->","yoast_head_json":{"title":"Partnerstimmen - Homes &amp; Holiday AG","robots":{"index":"index","follow":"follow","max-snippet":"max-snippet:-1","max-image-preview":"max-image-preview:large","max-video-preview":"max-video-preview:-1"},"canonical":"https:\/\/www.homes-holiday.com\/de\/partnerstimmen\/","og_locale":"de_DE","og_type":"article","og_title":"Partnerstimmen - Homes &amp; Holiday AG","og_description":"[vc_row css=&#8220;.vc_custom_1507276924263{margin-top: 80px !important;}&#8220;][vc_column width=&#8220;1\/2&#8243;][vc_column_text]Auf Mallorca, dem wohl wichtigsten und umsatzst\u00e4rksten Ferienimmobilienmarkt Europas konnte sich Porta Mondial mit der Marke Porta Mallorquina binnen weniger Jahre als eines der Top 3 Maklerunternehmen mit \u00fcber 50 Mitarbeitern etablieren. Eine Erfolgsstory, die ihresgleichen sucht.[\/vc_column_text][\/vc_column][vc_column width=&#8220;1\/2&#8243;][vc_column_text]Aber auch auf Menorca, Ibiza, den Kanaren, sowie auf dem spanischen Festland in Andalusien,&hellip; Read more &raquo;","og_url":"https:\/\/www.homes-holiday.com\/de\/partnerstimmen\/","og_site_name":"Homes &amp; Holiday AG","article_modified_time":"2022-09-27T14:32:08+00:00","twitter_card":"summary_large_image","twitter_misc":{"Gesch\u00e4tzte Lesezeit":"1\u00a0Minute"},"schema":{"@context":"https:\/\/schema.org","@graph":[{"@type":"WebPage","@id":"https:\/\/www.homes-holiday.com\/de\/partnerstimmen\/","url":"https:\/\/www.homes-holiday.com\/de\/partnerstimmen\/","name":"Partnerstimmen - Homes &amp; Holiday AG","isPartOf":{"@id":"https:\/\/www.homes-holiday.com\/de\/#website"},"datePublished":"2017-10-05T15:50:59+00:00","dateModified":"2022-09-27T14:32:08+00:00","breadcrumb":{"@id":"https:\/\/www.homes-holiday.com\/de\/partnerstimmen\/#breadcrumb"},"inLanguage":"de","potentialAction":[{"@type":"ReadAction","target":["https:\/\/www.homes-holiday.com\/de\/partnerstimmen\/"]}]},{"@type":"BreadcrumbList","@id":"https:\/\/www.homes-holiday.com\/de\/partnerstimmen\/#breadcrumb","itemListElement":[{"@type":"ListItem","position":1,"name":"Startseite","item":"https:\/\/www.homes-holiday.com\/de\/"},{"@type":"ListItem","position":2,"name":"Partnerstimmen"}]},{"@type":"WebSite","@id":"https:\/\/www.homes-holiday.com\/de\/#website","url":"https:\/\/www.homes-holiday.com\/de\/","name":"Homes &amp; Holiday AG","description":"","potentialAction":[{"@type":"SearchAction","target":{"@type":"EntryPoint","urlTemplate":"https:\/\/www.homes-holiday.com\/de\/?s={search_term_string}"},"query-input":{"@type":"PropertyValueSpecification","valueRequired":true,"valueName":"search_term_string"}}],"inLanguage":"de"}]}},"_links":{"self":[{"href":"https:\/\/www.homes-holiday.com\/de\/wp-json\/wp\/v2\/pages\/9136"}],"collection":[{"href":"https:\/\/www.homes-holiday.com\/de\/wp-json\/wp\/v2\/pages"}],"about":[{"href":"https:\/\/www.homes-holiday.com\/de\/wp-json\/wp\/v2\/types\/page"}],"author":[{"embeddable":true,"href":"https:\/\/www.homes-holiday.com\/de\/wp-json\/wp\/v2\/users\/1"}],"replies":[{"embeddable":true,"href":"https:\/\/www.homes-holiday.com\/de\/wp-json\/wp\/v2\/comments?post=9136"}],"version-history":[{"count":10,"href":"https:\/\/www.homes-holiday.com\/de\/wp-json\/wp\/v2\/pages\/9136\/revisions"}],"predecessor-version":[{"id":11810,"href":"https:\/\/www.homes-holiday.com\/de\/wp-json\/wp\/v2\/pages\/9136\/revisions\/11810"}],"wp:attachment":[{"href":"https:\/\/www.homes-holiday.com\/de\/wp-json\/wp\/v2\/media?parent=9136"}],"curies":[{"name":"wp","href":"https:\/\/api.w.org\/{rel}","templated":true}]}}