{"id":8939,"date":"2017-09-28T21:18:18","date_gmt":"2017-09-28T19:18:18","guid":{"rendered":"https:\/\/www.portamondialgroup.com\/?page_id=8939"},"modified":"2026-02-17T13:28:53","modified_gmt":"2026-02-17T12:28:53","slug":"kontakt","status":"publish","type":"page","link":"https:\/\/www.homes-holiday.com\/de\/kontakt\/","title":{"rendered":"Kontakt"},"content":{"rendered":"<p>[vc_row tc_enable_overlay=&#8220;true&#8220; css=&#8220;.vc_custom_1506626695191{margin-top: 80px !important;padding-bottom: 50px !important;}&#8220;][vc_column width=&#8220;1\/2&#8243;][vc_single_image image=&#8220;11274&#8243; img_size=&#8220;270&#215;180&#8243;][vc_column_text css=&#8220;.vc_custom_1729690616869{margin-top: 20px !important;}&#8220;]<strong>Deutschland<br \/>\n<\/strong>Homes &amp; Holiday AG (Dachgesellschaft)<br \/>\nPorta Mondial GmbH<br \/>\nTheresienstra\u00dfe 81<br \/>\nD-80333 M\u00fcnchen<br \/>\nTel. +49 89 998 20 81 50<br \/>\nE-Mail <a class=\"email\" href=\"mailto:info@homes-holiday.com\">info@homes-holiday.com<\/a>[\/vc_column_text][\/vc_column][\/vc_row][vc_row][vc_column css=&#8220;.vc_custom_1529307116476{margin-bottom: 50px !important;}&#8220;][vc_column_text]Wenn Sie mehr \u00fcber das innovative Immobilien Franchisesystem der Homes &amp; Holiday AG erfahren m\u00f6chten, rufen Sie uns an oder schreiben Sie uns. Verwenden Sie daf\u00fcr einfach das nachstehende Formular oder senden Sie eine E-Mail an <a class=\"email\" href=\"mailto:info@homes-holiday.com\">info@homes-holiday.com<\/a>. Wir freuen uns auf Sie.[\/vc_column_text]\n<div class=\"wpcf7 no-js\" id=\"wpcf7-f4-o1\" lang=\"de-DE\" dir=\"ltr\">\n<div class=\"screen-reader-response\"><p role=\"status\" aria-live=\"polite\" aria-atomic=\"true\"><\/p> <ul><\/ul><\/div>\n<form action=\"\/de\/wp-json\/wp\/v2\/pages\/8939#wpcf7-f4-o1\" method=\"post\" class=\"wpcf7-form init\" aria-label=\"Kontaktformular\" novalidate=\"novalidate\" data-status=\"init\">\n<div style=\"display: none;\">\n<input type=\"hidden\" name=\"_wpcf7\" value=\"4\" \/>\n<input type=\"hidden\" name=\"_wpcf7_version\" value=\"5.9.8\" \/>\n<input type=\"hidden\" name=\"_wpcf7_locale\" value=\"de_DE\" \/>\n<input type=\"hidden\" name=\"_wpcf7_unit_tag\" value=\"wpcf7-f4-o1\" \/>\n<input type=\"hidden\" name=\"_wpcf7_container_post\" value=\"0\" \/>\n<input type=\"hidden\" name=\"_wpcf7_posted_data_hash\" value=\"\" \/>\n<\/div>\n<div class=\"contact-form\">\n\t<div class=\"section-field\">\n\t\t<p><i class=\"fa fa-user\"><\/i><span class=\"wpcf7-form-control-wrap\" data-name=\"your-anrede\"><input size=\"40\" maxlength=\"400\" class=\"wpcf7-form-control wpcf7-text wpcf7-validates-as-required\" aria-required=\"true\" aria-invalid=\"false\" placeholder=\"Anrede*\" value=\"\" type=\"text\" name=\"your-anrede\" \/><\/span>\n\t\t<\/p>\n\t<\/div>\n\t<div class=\"section-field\">\n\t\t<p><i class=\"fa fa-user\"><\/i><span class=\"wpcf7-form-control-wrap\" data-name=\"your-name\"><input size=\"40\" maxlength=\"400\" class=\"wpcf7-form-control wpcf7-text wpcf7-validates-as-required\" aria-required=\"true\" aria-invalid=\"false\" placeholder=\"Name*\" value=\"\" type=\"text\" name=\"your-name\" \/><\/span>\n\t\t<\/p>\n\t<\/div>\n\t<div class=\"section-field\">\n\t\t<p><i class=\"fa fa-user\"><\/i><span class=\"wpcf7-form-control-wrap\" data-name=\"your-strasse\"><input size=\"40\" maxlength=\"400\" class=\"wpcf7-form-control wpcf7-text\" aria-invalid=\"false\" placeholder=\"Stra\u00dfe\" value=\"\" type=\"text\" name=\"your-strasse\" \/><\/span>\n\t\t<\/p>\n\t<\/div>\n\t<div class=\"section-field\">\n\t\t<p><i class=\"fa fa-user\"><\/i><span class=\"wpcf7-form-control-wrap\" data-name=\"your-plz\"><input size=\"40\" maxlength=\"400\" class=\"wpcf7-form-control wpcf7-text\" aria-invalid=\"false\" placeholder=\"PLZ\/Ort\" value=\"\" type=\"text\" name=\"your-plz\" \/><\/span>\n\t\t<\/p>\n\t<\/div>\n\t<div class=\"section-field\">\n\t\t<p><i class=\"fa fa-phone\"><\/i><span class=\"wpcf7-form-control-wrap\" data-name=\"your-telefon\"><input size=\"40\" maxlength=\"400\" class=\"wpcf7-form-control wpcf7-text\" aria-invalid=\"false\" placeholder=\"Telefon\" value=\"\" type=\"text\" name=\"your-telefon\" \/><\/span>\n\t\t<\/p>\n\t<\/div>\n\t<div class=\"section-field\">\n\t\t<p><i class=\"fa fa-envelope-o\"><\/i><span class=\"wpcf7-form-control-wrap\" data-name=\"your-email\"><input size=\"40\" maxlength=\"400\" class=\"wpcf7-form-control wpcf7-email wpcf7-validates-as-required wpcf7-text wpcf7-validates-as-email\" aria-required=\"true\" aria-invalid=\"false\" placeholder=\"E-Mail*\" value=\"\" type=\"email\" name=\"your-email\" \/><\/span>\n\t\t<\/p>\n\t<\/div>\n\t<div class=\"section-field textarea\">\n\t\t<p><i class=\"fa fa-pencil\"><\/i><span class=\"wpcf7-form-control-wrap\" data-name=\"your-message\"><textarea cols=\"40\" rows=\"5\" maxlength=\"2000\" class=\"wpcf7-form-control wpcf7-textarea\" aria-invalid=\"false\" placeholder=\"Nachricht*\" name=\"your-message\"><\/textarea><\/span>\n\t\t<\/p>\n\t<\/div>\n\t<div class=\"section-field\" style=\"width:100%\">\n\t\t<p><span class=\"wpcf7-form-control-wrap\" data-name=\"datenschutz\"><span class=\"wpcf7-form-control wpcf7-checkbox wpcf7-validates-as-required\"><span class=\"wpcf7-list-item first last\"><input type=\"checkbox\" name=\"datenschutz[]\" value=\"\" \/><span class=\"wpcf7-list-item-label\"><\/span><\/span><\/span><\/span> Ich stimme der <a href=\"https:\/\/www.homes-holiday.com\/de\/datenschutz\/\">Datenschutzerkl\u00e4rung<\/a> zu.\n\t\t<\/p>\n\t<\/div>\n\t<p><button id=\"submit\" name=\"submit\" type=\"submit\" value=\"Send\" class=\"pgs_btn pgs_btn_style_1 pgs_btn_md\"><span>Nachricht senden<\/span> <i class=\"fa fa-paper-plane\"><\/i><\/button>\n\t<\/p>\n<\/div><div class=\"wpcf7-response-output\" aria-hidden=\"true\"><\/div>\n<\/form>\n<\/div>\n[\/vc_column][\/vc_row][vc_row][vc_column][vc_column_text]&#8211;&gt;[\/vc_column_text][\/vc_column][\/vc_row]<\/p>\n","protected":false},"excerpt":{"rendered":"<p>[vc_row tc_enable_overlay=&#8220;true&#8220; css=&#8220;.vc_custom_1506626695191{margin-top: 80px !important;padding-bottom: 50px !important;}&#8220;][vc_column width=&#8220;1\/2&#8243;][vc_single_image image=&#8220;11274&#8243; img_size=&#8220;270&#215;180&#8243;][vc_column_text css=&#8220;.vc_custom_1729690616869{margin-top: 20px !important;}&#8220;]Deutschland Homes &amp; Holiday AG (Dachgesellschaft) Porta Mondial GmbH Theresienstra\u00dfe 81 D-80333 M\u00fcnchen Tel. +49 89 998 20 81 50 E-Mail info@homes-holiday.com[\/vc_column_text][\/vc_column][\/vc_row][vc_row][vc_column css=&#8220;.vc_custom_1529307116476{margin-bottom: 50px !important;}&#8220;][vc_column_text]Wenn Sie mehr \u00fcber das innovative Immobilien Franchisesystem der Homes &amp; Holiday AG erfahren m\u00f6chten, rufen Sie uns an&hellip; <a class=\"read-more\" href=\"https:\/\/www.homes-holiday.com\/de\/kontakt\/\" title=\"Read Kontakt\">Read more &raquo;<\/a><\/p>\n","protected":false},"author":1,"featured_media":0,"parent":0,"menu_order":36,"comment_status":"closed","ping_status":"closed","template":"templates\/page-vc_compatible.php","meta":{"footnotes":""},"class_list":["post-8939","page","type-page","status-publish","hentry"],"yoast_head":"<!-- This site is optimized with the Yoast SEO plugin v23.7 - https:\/\/yoast.com\/wordpress\/plugins\/seo\/ -->\n<title>Kontakt - Homes &amp; Holiday AG<\/title>\n<meta name=\"robots\" content=\"index, follow, max-snippet:-1, max-image-preview:large, max-video-preview:-1\" \/>\n<link rel=\"canonical\" href=\"https:\/\/www.homes-holiday.com\/de\/kontakt\/\" \/>\n<meta property=\"og:locale\" content=\"de_DE\" \/>\n<meta property=\"og:type\" content=\"article\" \/>\n<meta property=\"og:title\" content=\"Kontakt - Homes &amp; Holiday AG\" \/>\n<meta property=\"og:description\" content=\"[vc_row tc_enable_overlay=&#8220;true&#8220; css=&#8220;.vc_custom_1506626695191{margin-top: 80px !important;padding-bottom: 50px !important;}&#8220;][vc_column width=&#8220;1\/2&#8243;][vc_single_image image=&#8220;11274&#8243; img_size=&#8220;270&#215;180&#8243;][vc_column_text css=&#8220;.vc_custom_1729690616869{margin-top: 20px !important;}&#8220;]Deutschland Homes &amp; Holiday AG (Dachgesellschaft) Porta Mondial GmbH Theresienstra\u00dfe 81 D-80333 M\u00fcnchen Tel. +49 89 998 20 81 50 E-Mail info@homes-holiday.com[\/vc_column_text][\/vc_column][\/vc_row][vc_row][vc_column css=&#8220;.vc_custom_1529307116476{margin-bottom: 50px !important;}&#8220;][vc_column_text]Wenn Sie mehr \u00fcber das innovative Immobilien Franchisesystem der Homes &amp; Holiday AG erfahren m\u00f6chten, rufen Sie uns an&hellip; Read more &raquo;\" \/>\n<meta property=\"og:url\" content=\"https:\/\/www.homes-holiday.com\/de\/kontakt\/\" \/>\n<meta property=\"og:site_name\" content=\"Homes &amp; Holiday AG\" \/>\n<meta property=\"article:modified_time\" content=\"2026-02-17T12:28:53+00:00\" \/>\n<meta name=\"twitter:card\" content=\"summary_large_image\" \/>\n<meta name=\"twitter:label1\" content=\"Gesch\u00e4tzte Lesezeit\" \/>\n\t<meta name=\"twitter:data1\" content=\"1\u00a0Minute\" \/>\n<script type=\"application\/ld+json\" class=\"yoast-schema-graph\">{\"@context\":\"https:\/\/schema.org\",\"@graph\":[{\"@type\":\"WebPage\",\"@id\":\"https:\/\/www.homes-holiday.com\/de\/kontakt\/\",\"url\":\"https:\/\/www.homes-holiday.com\/de\/kontakt\/\",\"name\":\"Kontakt - Homes &amp; Holiday AG\",\"isPartOf\":{\"@id\":\"https:\/\/www.homes-holiday.com\/de\/#website\"},\"datePublished\":\"2017-09-28T19:18:18+00:00\",\"dateModified\":\"2026-02-17T12:28:53+00:00\",\"breadcrumb\":{\"@id\":\"https:\/\/www.homes-holiday.com\/de\/kontakt\/#breadcrumb\"},\"inLanguage\":\"de\",\"potentialAction\":[{\"@type\":\"ReadAction\",\"target\":[\"https:\/\/www.homes-holiday.com\/de\/kontakt\/\"]}]},{\"@type\":\"BreadcrumbList\",\"@id\":\"https:\/\/www.homes-holiday.com\/de\/kontakt\/#breadcrumb\",\"itemListElement\":[{\"@type\":\"ListItem\",\"position\":1,\"name\":\"Startseite\",\"item\":\"https:\/\/www.homes-holiday.com\/de\/\"},{\"@type\":\"ListItem\",\"position\":2,\"name\":\"Kontakt\"}]},{\"@type\":\"WebSite\",\"@id\":\"https:\/\/www.homes-holiday.com\/de\/#website\",\"url\":\"https:\/\/www.homes-holiday.com\/de\/\",\"name\":\"Homes &amp; Holiday AG\",\"description\":\"\",\"potentialAction\":[{\"@type\":\"SearchAction\",\"target\":{\"@type\":\"EntryPoint\",\"urlTemplate\":\"https:\/\/www.homes-holiday.com\/de\/?s={search_term_string}\"},\"query-input\":{\"@type\":\"PropertyValueSpecification\",\"valueRequired\":true,\"valueName\":\"search_term_string\"}}],\"inLanguage\":\"de\"}]}<\/script>\n<!-- \/ Yoast SEO plugin. -->","yoast_head_json":{"title":"Kontakt - Homes &amp; Holiday AG","robots":{"index":"index","follow":"follow","max-snippet":"max-snippet:-1","max-image-preview":"max-image-preview:large","max-video-preview":"max-video-preview:-1"},"canonical":"https:\/\/www.homes-holiday.com\/de\/kontakt\/","og_locale":"de_DE","og_type":"article","og_title":"Kontakt - Homes &amp; Holiday AG","og_description":"[vc_row tc_enable_overlay=&#8220;true&#8220; css=&#8220;.vc_custom_1506626695191{margin-top: 80px !important;padding-bottom: 50px !important;}&#8220;][vc_column width=&#8220;1\/2&#8243;][vc_single_image image=&#8220;11274&#8243; img_size=&#8220;270&#215;180&#8243;][vc_column_text css=&#8220;.vc_custom_1729690616869{margin-top: 20px !important;}&#8220;]Deutschland Homes &amp; Holiday AG (Dachgesellschaft) Porta Mondial GmbH Theresienstra\u00dfe 81 D-80333 M\u00fcnchen Tel. +49 89 998 20 81 50 E-Mail info@homes-holiday.com[\/vc_column_text][\/vc_column][\/vc_row][vc_row][vc_column css=&#8220;.vc_custom_1529307116476{margin-bottom: 50px !important;}&#8220;][vc_column_text]Wenn Sie mehr \u00fcber das innovative Immobilien Franchisesystem der Homes &amp; Holiday AG erfahren m\u00f6chten, rufen Sie uns an&hellip; Read more &raquo;","og_url":"https:\/\/www.homes-holiday.com\/de\/kontakt\/","og_site_name":"Homes &amp; Holiday AG","article_modified_time":"2026-02-17T12:28:53+00:00","twitter_card":"summary_large_image","twitter_misc":{"Gesch\u00e4tzte Lesezeit":"1\u00a0Minute"},"schema":{"@context":"https:\/\/schema.org","@graph":[{"@type":"WebPage","@id":"https:\/\/www.homes-holiday.com\/de\/kontakt\/","url":"https:\/\/www.homes-holiday.com\/de\/kontakt\/","name":"Kontakt - Homes &amp; Holiday AG","isPartOf":{"@id":"https:\/\/www.homes-holiday.com\/de\/#website"},"datePublished":"2017-09-28T19:18:18+00:00","dateModified":"2026-02-17T12:28:53+00:00","breadcrumb":{"@id":"https:\/\/www.homes-holiday.com\/de\/kontakt\/#breadcrumb"},"inLanguage":"de","potentialAction":[{"@type":"ReadAction","target":["https:\/\/www.homes-holiday.com\/de\/kontakt\/"]}]},{"@type":"BreadcrumbList","@id":"https:\/\/www.homes-holiday.com\/de\/kontakt\/#breadcrumb","itemListElement":[{"@type":"ListItem","position":1,"name":"Startseite","item":"https:\/\/www.homes-holiday.com\/de\/"},{"@type":"ListItem","position":2,"name":"Kontakt"}]},{"@type":"WebSite","@id":"https:\/\/www.homes-holiday.com\/de\/#website","url":"https:\/\/www.homes-holiday.com\/de\/","name":"Homes &amp; Holiday AG","description":"","potentialAction":[{"@type":"SearchAction","target":{"@type":"EntryPoint","urlTemplate":"https:\/\/www.homes-holiday.com\/de\/?s={search_term_string}"},"query-input":{"@type":"PropertyValueSpecification","valueRequired":true,"valueName":"search_term_string"}}],"inLanguage":"de"}]}},"_links":{"self":[{"href":"https:\/\/www.homes-holiday.com\/de\/wp-json\/wp\/v2\/pages\/8939"}],"collection":[{"href":"https:\/\/www.homes-holiday.com\/de\/wp-json\/wp\/v2\/pages"}],"about":[{"href":"https:\/\/www.homes-holiday.com\/de\/wp-json\/wp\/v2\/types\/page"}],"author":[{"embeddable":true,"href":"https:\/\/www.homes-holiday.com\/de\/wp-json\/wp\/v2\/users\/1"}],"replies":[{"embeddable":true,"href":"https:\/\/www.homes-holiday.com\/de\/wp-json\/wp\/v2\/comments?post=8939"}],"version-history":[{"count":10,"href":"https:\/\/www.homes-holiday.com\/de\/wp-json\/wp\/v2\/pages\/8939\/revisions"}],"predecessor-version":[{"id":11935,"href":"https:\/\/www.homes-holiday.com\/de\/wp-json\/wp\/v2\/pages\/8939\/revisions\/11935"}],"wp:attachment":[{"href":"https:\/\/www.homes-holiday.com\/de\/wp-json\/wp\/v2\/media?parent=8939"}],"curies":[{"name":"wp","href":"https:\/\/api.w.org\/{rel}","templated":true}]}}