{"id":8828,"date":"2017-09-28T11:12:20","date_gmt":"2017-09-28T09:12:20","guid":{"rendered":"https:\/\/www.portamondialgroup.com\/?page_id=8828"},"modified":"2022-08-01T11:15:35","modified_gmt":"2022-08-01T09:15:35","slug":"immobilienmakler","status":"publish","type":"page","link":"https:\/\/www.homes-holiday.com\/de\/stellenangebote\/immobilienmakler\/","title":{"rendered":"Immobilienberater \/ Immobilienmakler (m\/w\/d)"},"content":{"rendered":"<p>[vc_row 0=&#8220;&#8220;][vc_column css=&#8220;.vc_custom_1480573140574{padding-top: 80px !important;padding-bottom: 65px !important;}&#8220;][vc_row_inner 0=&#8220;&#8220;][vc_column_inner offset=&#8220;vc_col-lg-9 vc_col-md-8 vc_col-xs-12&#8243; css=&#8220;.vc_custom_1506338697500{margin-bottom: 25px !important;}&#8220;][vc_column_text 0=&#8220;&#8220;]<!--Porta Mondial, Tochter der Homes &amp; Holiday AG, ist seit vielen Jahren Ansprechpartner f\u00fcr die professionelle Vermittlung von City- und Ferienimmobilien. Neben dem Wachstum an den Standorten Balearen und spanisches Festland schreitet auch die Expansion in Deutschland, \u00d6sterreich und der Schweiz weiter voran - sowohl an den dort befindlichen Ferienimmobilien-Standorten als auch an den Top-City-Lokationen.--><\/p>\n<p>Gegr\u00fcndet auf Mallorca, etabliert in Spanien und dar\u00fcber hinaus erfolgreich in Deutschland. Die Homes &amp; Holiday AG mit ihren Tochtergesellschaften Porta Mondial und Porta Holiday ist der einzige Franchiseanbieter, der sich auf Ferienimmobilien spezialisiert hat. In Deutschland wird unser Angebot an Ferienimmobilien durch ausgew\u00e4hlte City Immobilien erg\u00e4nzt.<\/p>\n<p>Zur Verst\u00e4rkung unseres Beraterteams suchen wir an unserem Standort M\u00fcnchen, Ludwigstra\u00dfe 8<\/p>\n<p>&nbsp;<\/p>\n<p style=\"text-align: center;\"><strong>Immobilienberater \/ Immobilienmakler (m\/w\/d)<\/strong><\/p>\n<p style=\"text-align: center;\">auf selbstst\u00e4ndiger Basis (auch als Quereinsteiger)<\/p>\n<p>&nbsp;<\/p>\n<h3>Ihr Profil<\/h3>\n<ul class=\"pgs_list pgs_list_style_1\">\n<li><i class=\"fa fa-check\"><\/i> Sie sind ein Vertriebsprofi und Netzwerker par excellence<\/li>\n<li><i class=\"fa fa-check\"><\/i> Sie lieben eigenverantwortliches Agieren bei flexiblen Arbeitszeiten, gepaart mit lukrativen Verdienstm\u00f6glichkeiten<\/li>\n<li><i class=\"fa fa-check\"><\/i> Ziel- und Umsatzorientierung bestimmen Ihr Handeln<\/li>\n<li><i class=\"fa fa-check\"><\/i> Sie ergreifen sich bietende Chancen und nutzen sie zum Aufbau Ihres Portfolios<\/li>\n<li><i class=\"fa fa-check\"><\/i> Gepflegtes und selbstbewusstes Auftreten<\/li>\n<li><i class=\"fa fa-check\"><\/i> Teamplayer<\/li>\n<li><i class=\"fa fa-check\"><\/i> Ausdauer, verbindliche und niveauvolle Kommunikationsf\u00e4higkeit und \u00dcberzeugungskraft kennzeichnen Sie<\/li>\n<li><i class=\"fa fa-check\"><\/i> Berufserfahrung im Immobilienvertrieb von Vorteil<\/li>\n<\/ul>\n<h3>Das bieten wir Ihnen<\/h3>\n<ul class=\"pgs_list pgs_list_style_1\">\n<li><i class=\"fa fa-check\"><\/i> \u00dcberdurchschnittliche Erfolgsprovisionen<\/li>\n<li><i class=\"fa fa-check\"><\/i> Entlastung von organisatorischen Aufgaben durch Backoffice-Unterst\u00fctzung<\/li>\n<li><i class=\"fa fa-check\"><\/i> Umfassende Marketing-Tools zur Unterst\u00fctzung einer erfolgreichen Kunden- und Objektakquise<\/li>\n<li><i class=\"fa fa-check\"><\/i> Regelm\u00e4\u00dfige Schulungen und Austausch mit Kollegen\/innen im Porta Mondial Netzwerk<\/li>\n<li><i class=\"fa fa-check\"><\/i> Repr\u00e4sentativer Immobilienshop in M\u00fcnchner Bestlage in M\u00fcnchen Maxvorstadt f\u00fcr Ihre Termine<\/li>\n<\/ul>\n<p><!--\n\n\n<h3>Ihre Aufgaben<\/h3>\n\n\n\n\n<ul class=\"pgs_list pgs_list_style_1\">\n \t\n\n<li><i class=\"fa fa-check\"><\/i>Professionelle Akquisition und Verkauf\/Vermietung von Immobilien<\/li>\n\n\n \t\n\n<li><i class=\"fa fa-check\"><\/i> Marktwertermittlung und Preisempfehlungen<\/li>\n\n\n \t\n\n<li><i class=\"fa fa-check\"><\/i> Erstellung von Pr\u00e4sentationsunterlagen f\u00fcr die erfolgreiche Vermarktung von Immobilien<\/li>\n\n\n \t\n\n<li><i class=\"fa fa-check\"><\/i> Kundenberatung und Betreuung w\u00e4hrend der gesamten Vermarktungsphase bis zum Vertragsabschluss und dar\u00fcber hinaus<\/li>\n\n\n<\/ul>\n\n\n--><br \/>\n<div class=\"BorlabsCookie _brlbs-cb-default\"><div class=\"_brlbs-content-blocker\"> <div class=\"_brlbs-default\"> <p>Klicken Sie auf den unteren Button, um den Inhalt von www.portamondial.com zu laden.<\/p> <p><a class=\"_brlbs-btn\" href=\"#\" data-borlabs-cookie-unblock role=\"button\">Inhalt laden<\/a><\/p> <\/div> <\/div><div class=\"borlabs-hide\" data-borlabs-cookie-type=\"content-blocker\" data-borlabs-cookie-id=\"default\"><script type=\"text\/template\">PGlmcmFtZSBsb2FkaW5nPSJsYXp5IiBzcmM9Imh0dHBzOi8vd3d3LnBvcnRhbW9uZGlhbC5jb20vZGUvc3RlbGxlbmFuZ2Vib3RlL2Zvcm0ucGhwP2VtYWlsPWthcnJpZXJlQGhvbWVzLWhvbGlkYXkuY29tJmFtcDtkc19zZWl0ZT1odHRwczovL3d3dy5ob21lcy1ob2xpZGF5LmNvbS9kZS9kYXRlbnNjaHV0ei8mYW1wO3BvcnRhbmFtZT1Ib21lcy1Ib2xpZGF5IEFHJmFtcDtzdGVsbGVuYW5nZWJvdD1JbW1vYmlsaWVuYmVyYXRlciIgd2lkdGg9IjYyMCIgaGVpZ2h0PSIxMDUwIiBmcmFtZWJvcmRlcj0iMCI+PC9pZnJhbWU+<\/script><\/div><\/div>[\/vc_column_text][\/vc_column_inner][vc_column_inner offset=&#8220;vc_col-lg-3 vc_col-md-4 vc_col-xs-12&#8243; css=&#8220;.vc_custom_1506338684281{margin-bottom: 25px !important;}&#8220;][vc_single_image image=&#8220;11700&#8243; img_size=&#8220;large&#8220;][vc_column_text css=&#8220;.vc_custom_1510739718279{margin-top: 20px !important;}&#8220;]Bitte senden Sie Ihre aussagef\u00e4higen Unterlagen per E-Mail an:<\/p>\n<p>Porta Mondial GmbH<br \/>\nLudwigstra\u00dfe 8<br \/>\n80339 M\u00fcnchen<br \/>\nTel. +49 89 20 60 21 106<br \/>\nE-Mail <a class=\"email\" href=\"mailto:muenchen@portamondial.com\">muenchen@portamondial.com<\/a>[\/vc_column_text][\/vc_column_inner][\/vc_row_inner][\/vc_column][\/vc_row]<\/p>\n","protected":false},"excerpt":{"rendered":"<p>[vc_row 0=&#8220;&#8220;][vc_column css=&#8220;.vc_custom_1480573140574{padding-top: 80px !important;padding-bottom: 65px !important;}&#8220;][vc_row_inner 0=&#8220;&#8220;][vc_column_inner offset=&#8220;vc_col-lg-9 vc_col-md-8 vc_col-xs-12&#8243; css=&#8220;.vc_custom_1506338697500{margin-bottom: 25px !important;}&#8220;][vc_column_text 0=&#8220;&#8220;] Gegr\u00fcndet auf Mallorca, etabliert in Spanien und dar\u00fcber hinaus erfolgreich in Deutschland. Die Homes &amp; Holiday AG mit ihren Tochtergesellschaften Porta Mondial und Porta Holiday ist der einzige Franchiseanbieter, der sich auf Ferienimmobilien spezialisiert hat. In Deutschland wird unser Angebot&hellip; <a class=\"read-more\" href=\"https:\/\/www.homes-holiday.com\/de\/stellenangebote\/immobilienmakler\/\" title=\"Read Immobilienberater \/ Immobilienmakler (m\/w\/d)\">Read more &raquo;<\/a><\/p>\n","protected":false},"author":1,"featured_media":0,"parent":8645,"menu_order":31,"comment_status":"closed","ping_status":"closed","template":"templates\/page-vc_compatible.php","meta":{"footnotes":""},"class_list":["post-8828","page","type-page","status-publish","hentry"],"yoast_head":"<!-- This site is optimized with the Yoast SEO plugin v23.7 - https:\/\/yoast.com\/wordpress\/plugins\/seo\/ -->\n<title>Immobilienberater \/ Immobilienmakler (m\/w\/d) - Homes &amp; Holiday AG<\/title>\n<meta name=\"robots\" content=\"index, follow, max-snippet:-1, max-image-preview:large, max-video-preview:-1\" \/>\n<link rel=\"canonical\" href=\"https:\/\/www.homes-holiday.com\/de\/stellenangebote\/immobilienmakler\/\" \/>\n<meta property=\"og:locale\" content=\"de_DE\" \/>\n<meta property=\"og:type\" content=\"article\" \/>\n<meta property=\"og:title\" content=\"Immobilienberater \/ Immobilienmakler (m\/w\/d) - Homes &amp; Holiday AG\" \/>\n<meta property=\"og:description\" content=\"[vc_row 0=&#8220;&#8220;][vc_column css=&#8220;.vc_custom_1480573140574{padding-top: 80px !important;padding-bottom: 65px !important;}&#8220;][vc_row_inner 0=&#8220;&#8220;][vc_column_inner offset=&#8220;vc_col-lg-9 vc_col-md-8 vc_col-xs-12&#8243; css=&#8220;.vc_custom_1506338697500{margin-bottom: 25px !important;}&#8220;][vc_column_text 0=&#8220;&#8220;] Gegr\u00fcndet auf Mallorca, etabliert in Spanien und dar\u00fcber hinaus erfolgreich in Deutschland. Die Homes &amp; Holiday AG mit ihren Tochtergesellschaften Porta Mondial und Porta Holiday ist der einzige Franchiseanbieter, der sich auf Ferienimmobilien spezialisiert hat. In Deutschland wird unser Angebot&hellip; Read more &raquo;\" \/>\n<meta property=\"og:url\" content=\"https:\/\/www.homes-holiday.com\/de\/stellenangebote\/immobilienmakler\/\" \/>\n<meta property=\"og:site_name\" content=\"Homes &amp; Holiday AG\" \/>\n<meta property=\"article:modified_time\" content=\"2022-08-01T09:15:35+00:00\" \/>\n<meta name=\"twitter:card\" content=\"summary_large_image\" \/>\n<meta name=\"twitter:label1\" content=\"Gesch\u00e4tzte Lesezeit\" \/>\n\t<meta name=\"twitter:data1\" content=\"1\u00a0Minute\" \/>\n<script type=\"application\/ld+json\" class=\"yoast-schema-graph\">{\"@context\":\"https:\/\/schema.org\",\"@graph\":[{\"@type\":\"WebPage\",\"@id\":\"https:\/\/www.homes-holiday.com\/de\/stellenangebote\/immobilienmakler\/\",\"url\":\"https:\/\/www.homes-holiday.com\/de\/stellenangebote\/immobilienmakler\/\",\"name\":\"Immobilienberater \/ Immobilienmakler (m\/w\/d) - Homes &amp; Holiday AG\",\"isPartOf\":{\"@id\":\"https:\/\/www.homes-holiday.com\/de\/#website\"},\"datePublished\":\"2017-09-28T09:12:20+00:00\",\"dateModified\":\"2022-08-01T09:15:35+00:00\",\"breadcrumb\":{\"@id\":\"https:\/\/www.homes-holiday.com\/de\/stellenangebote\/immobilienmakler\/#breadcrumb\"},\"inLanguage\":\"de\",\"potentialAction\":[{\"@type\":\"ReadAction\",\"target\":[\"https:\/\/www.homes-holiday.com\/de\/stellenangebote\/immobilienmakler\/\"]}]},{\"@type\":\"BreadcrumbList\",\"@id\":\"https:\/\/www.homes-holiday.com\/de\/stellenangebote\/immobilienmakler\/#breadcrumb\",\"itemListElement\":[{\"@type\":\"ListItem\",\"position\":1,\"name\":\"Startseite\",\"item\":\"https:\/\/www.homes-holiday.com\/de\/\"},{\"@type\":\"ListItem\",\"position\":2,\"name\":\"Aktuelle Stellenangebote\",\"item\":\"https:\/\/www.homes-holiday.com\/de\/stellenangebote\/\"},{\"@type\":\"ListItem\",\"position\":3,\"name\":\"Immobilienberater \/ Immobilienmakler (m\/w\/d)\"}]},{\"@type\":\"WebSite\",\"@id\":\"https:\/\/www.homes-holiday.com\/de\/#website\",\"url\":\"https:\/\/www.homes-holiday.com\/de\/\",\"name\":\"Homes &amp; Holiday AG\",\"description\":\"\",\"potentialAction\":[{\"@type\":\"SearchAction\",\"target\":{\"@type\":\"EntryPoint\",\"urlTemplate\":\"https:\/\/www.homes-holiday.com\/de\/?s={search_term_string}\"},\"query-input\":{\"@type\":\"PropertyValueSpecification\",\"valueRequired\":true,\"valueName\":\"search_term_string\"}}],\"inLanguage\":\"de\"}]}<\/script>\n<!-- \/ Yoast SEO plugin. -->","yoast_head_json":{"title":"Immobilienberater \/ Immobilienmakler (m\/w\/d) - Homes &amp; Holiday AG","robots":{"index":"index","follow":"follow","max-snippet":"max-snippet:-1","max-image-preview":"max-image-preview:large","max-video-preview":"max-video-preview:-1"},"canonical":"https:\/\/www.homes-holiday.com\/de\/stellenangebote\/immobilienmakler\/","og_locale":"de_DE","og_type":"article","og_title":"Immobilienberater \/ Immobilienmakler (m\/w\/d) - Homes &amp; Holiday AG","og_description":"[vc_row 0=&#8220;&#8220;][vc_column css=&#8220;.vc_custom_1480573140574{padding-top: 80px !important;padding-bottom: 65px !important;}&#8220;][vc_row_inner 0=&#8220;&#8220;][vc_column_inner offset=&#8220;vc_col-lg-9 vc_col-md-8 vc_col-xs-12&#8243; css=&#8220;.vc_custom_1506338697500{margin-bottom: 25px !important;}&#8220;][vc_column_text 0=&#8220;&#8220;] Gegr\u00fcndet auf Mallorca, etabliert in Spanien und dar\u00fcber hinaus erfolgreich in Deutschland. Die Homes &amp; Holiday AG mit ihren Tochtergesellschaften Porta Mondial und Porta Holiday ist der einzige Franchiseanbieter, der sich auf Ferienimmobilien spezialisiert hat. In Deutschland wird unser Angebot&hellip; Read more &raquo;","og_url":"https:\/\/www.homes-holiday.com\/de\/stellenangebote\/immobilienmakler\/","og_site_name":"Homes &amp; Holiday AG","article_modified_time":"2022-08-01T09:15:35+00:00","twitter_card":"summary_large_image","twitter_misc":{"Gesch\u00e4tzte Lesezeit":"1\u00a0Minute"},"schema":{"@context":"https:\/\/schema.org","@graph":[{"@type":"WebPage","@id":"https:\/\/www.homes-holiday.com\/de\/stellenangebote\/immobilienmakler\/","url":"https:\/\/www.homes-holiday.com\/de\/stellenangebote\/immobilienmakler\/","name":"Immobilienberater \/ Immobilienmakler (m\/w\/d) - Homes &amp; Holiday AG","isPartOf":{"@id":"https:\/\/www.homes-holiday.com\/de\/#website"},"datePublished":"2017-09-28T09:12:20+00:00","dateModified":"2022-08-01T09:15:35+00:00","breadcrumb":{"@id":"https:\/\/www.homes-holiday.com\/de\/stellenangebote\/immobilienmakler\/#breadcrumb"},"inLanguage":"de","potentialAction":[{"@type":"ReadAction","target":["https:\/\/www.homes-holiday.com\/de\/stellenangebote\/immobilienmakler\/"]}]},{"@type":"BreadcrumbList","@id":"https:\/\/www.homes-holiday.com\/de\/stellenangebote\/immobilienmakler\/#breadcrumb","itemListElement":[{"@type":"ListItem","position":1,"name":"Startseite","item":"https:\/\/www.homes-holiday.com\/de\/"},{"@type":"ListItem","position":2,"name":"Aktuelle Stellenangebote","item":"https:\/\/www.homes-holiday.com\/de\/stellenangebote\/"},{"@type":"ListItem","position":3,"name":"Immobilienberater \/ Immobilienmakler (m\/w\/d)"}]},{"@type":"WebSite","@id":"https:\/\/www.homes-holiday.com\/de\/#website","url":"https:\/\/www.homes-holiday.com\/de\/","name":"Homes &amp; Holiday AG","description":"","potentialAction":[{"@type":"SearchAction","target":{"@type":"EntryPoint","urlTemplate":"https:\/\/www.homes-holiday.com\/de\/?s={search_term_string}"},"query-input":{"@type":"PropertyValueSpecification","valueRequired":true,"valueName":"search_term_string"}}],"inLanguage":"de"}]}},"_links":{"self":[{"href":"https:\/\/www.homes-holiday.com\/de\/wp-json\/wp\/v2\/pages\/8828"}],"collection":[{"href":"https:\/\/www.homes-holiday.com\/de\/wp-json\/wp\/v2\/pages"}],"about":[{"href":"https:\/\/www.homes-holiday.com\/de\/wp-json\/wp\/v2\/types\/page"}],"author":[{"embeddable":true,"href":"https:\/\/www.homes-holiday.com\/de\/wp-json\/wp\/v2\/users\/1"}],"replies":[{"embeddable":true,"href":"https:\/\/www.homes-holiday.com\/de\/wp-json\/wp\/v2\/comments?post=8828"}],"version-history":[{"count":9,"href":"https:\/\/www.homes-holiday.com\/de\/wp-json\/wp\/v2\/pages\/8828\/revisions"}],"predecessor-version":[{"id":11773,"href":"https:\/\/www.homes-holiday.com\/de\/wp-json\/wp\/v2\/pages\/8828\/revisions\/11773"}],"up":[{"embeddable":true,"href":"https:\/\/www.homes-holiday.com\/de\/wp-json\/wp\/v2\/pages\/8645"}],"wp:attachment":[{"href":"https:\/\/www.homes-holiday.com\/de\/wp-json\/wp\/v2\/media?parent=8828"}],"curies":[{"name":"wp","href":"https:\/\/api.w.org\/{rel}","templated":true}]}}