{"id":8717,"date":"2017-09-26T15:47:27","date_gmt":"2017-09-26T13:47:27","guid":{"rendered":"https:\/\/www.portamondialgroup.com\/?page_id=8717"},"modified":"2024-10-20T20:08:20","modified_gmt":"2024-10-20T18:08:20","slug":"franchise","status":"publish","type":"page","link":"https:\/\/www.homes-holiday.com\/de\/franchise\/","title":{"rendered":"Immobilien Franchise"},"content":{"rendered":"<p>[vc_row tc_enable_overlay=&#8220;true&#8220; css=&#8220;.vc_custom_1470834662463{padding-top: 80px !important;padding-bottom: 45px !important;}&#8220;][vc_column][vc_row_inner][vc_column_inner width=&#8220;1\/2&#8243; offset=&#8220;vc_col-lg-6 vc_col-md-12 vc_col-xs-12&#8243;][vc_column_text]Mit <strong>Porta Mondial\/Porta Mallorquina<\/strong> bietet die Homes &amp; Holiday AG ihren Partnern ein <strong>einzigartiges Leistungsspektrum<\/strong>, das uns von allen anderen <strong>Immobilien Franchise Systemen<\/strong> in der Immobilienbranche unterscheidet. Ein Gesch\u00e4ftsmodell, das sich seit \u00fcber einem Jahrzehnt auf einem der hei\u00dfesten Ferienimmobilienm\u00e4rkte der Welt bew\u00e4hrt hat, auf Mallorca.<\/p>\n<p>Heute z\u00e4hlt unsere Marke dort, <strong>Porta Mallorquina<\/strong>, mit acht Standorten zu den gr\u00f6\u00dften Immobilienunternehmen der Insel. Mit <strong>Porta Holiday<\/strong> haben wir zudem ein attraktives Unternehmen im boomenden Gesch\u00e4ftsfeld der Ferienvermietung auf Mallorca. Gemeinsam bieten wir unseren Kunden ein <strong>Full-Service<\/strong> Paket rund um Ferienimmobilien, bis hin zum Property Management.<\/p>\n<p>Ein Erfolgskonzept, das \u00fcber Mallorca hinaus geht. Porta Mondial ist au\u00dferdem auf <strong>Ibiza<\/strong>, <strong>Menorca<\/strong>, <strong>Teneriffa<\/strong> und in <strong>Andalusien<\/strong> aktiv. Und wir expandieren weiter &#8211; in den sch\u00f6nsten Feriengebieten Spaniens. Wachsen Sie mit uns &#8211; als unser Franchisepartner vor Ort![\/vc_column_text][\/vc_column_inner][vc_column_inner width=&#8220;1\/2&#8243;][vc_single_image image=&#8220;9531&#8243; img_size=&#8220;large&#8220; alignment=&#8220;center&#8220; onclick=&#8220;custom_link&#8220; el_class=&#8220;ie-img&#8220; link=&#8220;https:\/\/www.homes-holiday.com\/de\/lizenz-ferienimmobilien\/&#8220;][vc_column_text]<\/p>\n<h3><a href=\"https:\/\/www.homes-holiday.com\/de\/lizenz-ferienimmobilien\/\">Lizenz Ferienimmobilien<\/a><\/h3>\n<p>Unser bew\u00e4hrtes Gesch\u00e4ftsmodell f\u00fcr alle, die sich als Immobilienunternehmer an einem Urlaubsort selbstst\u00e4ndig machen m\u00f6chten. Entdecken Sie unser Erfolgsrezept, das uns an den wichtigsten spanischen Urlaubsorten zum Branchenf\u00fchrer gemacht hat.[\/vc_column_text][\/vc_column_inner][\/vc_row_inner][\/vc_column][\/vc_row][vc_row full_width=&#8220;stretch_row&#8220; css=&#8220;.vc_custom_1541451524435{padding-top: 80px !important;padding-bottom: 80px !important;background-color: #f3f5f6 !important;}&#8220;][vc_column]        <div class=\"section-title-1 text-center\">\n            <h2 class=\"text-blue\">Video zum Franchise-System<\/h2>\n            <div class=\"title-line\"><\/div>\n\t\t\t\t\t\t\t<p>Erfolgreich selbst\u00e4ndig mit Immobilien<\/p>\n\t\t\t\t        <\/div>\n        [vc_video link=&#8220;https:\/\/www.youtube.com\/watch?v=o8BxgevL9Cw&#8220;][\/vc_column][\/vc_row][vc_row full_width=&#8220;stretch_row&#8220; parallax=&#8220;content-moving&#8220; parallax_image=&#8220;8936&#8243; tc_overlay_opacity=&#8220;50&#8243; tc_enable_overlay=&#8220;true&#8220; css=&#8220;.vc_custom_1512772477958{padding-top: 80px !important;padding-bottom: 80px !important;}&#8220; tc_overlay_color=&#8220;#000000&#8243;][vc_column el_class=&#8220;text-center&#8220;]        <div class=\"section-title-1 text-center\">\n            <h2 class=\"text-blue\">Partnerstimmen<\/h2>\n            <div class=\"title-line\"><\/div>\n\t\t\t\t\t\t\t<p>Das sagen unsere Franchisepartner<\/p>\n\t\t\t\t        <\/div>\n        \t<div id=\"tc_testimonials_tc_testimonials_69d66bdad0d15\" class=\"pgs_testimonials pgs_testimonials-style-3\">\n\t\t\t\t\t<div class=\"row\">\n\t\t\t\t\t\t\t\t\t\t<div class=\"col-lg-6 col-md-6 col-sm-6\">\n\t\t\t\t\t\t\t<div class=\"testimonial-block\">\n\t\t\t\t\t\t\t\t<div class=\"testimonial-avtar\">\n\t\t\t\t\t\t\t\t\t<img loading=\"lazy\" decoding=\"async\" width=\"150\" height=\"150\" src=\"https:\/\/www.homes-holiday.com\/de\/wp-content\/uploads\/KentS-1-150x150.jpg\" class=\"img-responsive wp-post-image\" alt=\"\" srcset=\"https:\/\/www.homes-holiday.com\/de\/wp-content\/uploads\/KentS-1-150x150.jpg 150w, https:\/\/www.homes-holiday.com\/de\/wp-content\/uploads\/KentS-1-125x125.jpg 125w, https:\/\/www.homes-holiday.com\/de\/wp-content\/uploads\/KentS-1-50x50.jpg 50w\" sizes=\"(max-width: 150px) 100vw, 150px\" \/>\t\t\t\t\t\t\t\t<\/div>\n\t\t\t\t\t\t\t\t<div class=\"testimonial-content\">\n\t\t\t\t\t\t\t\t\t<h4>Kent Steinbach<\/h4>\n\t\t\t\t\t\t\t\t\t<p>Das Porta Mondial Netzwerk hat uns den Wechsel von D\u00fcsseldorf nach Mallorca erm\u00f6glicht. In Palma konnten wir direkt mit einem attraktiven Portfolio starten und weiter als Immobilienmakler t\u00e4tig sein. So haben wir das Beste aus zwei Welten miteinander verbunden.<\/p>\n\t\t\t\t\t\t\t\t\t <span>Franchisepartner Palma &amp; Port Andratx, Porta Mallorquina<\/span>\t\t\t\t\t\t\t\t<\/div>\n\t\t\t\t\t\t\t<\/div>\n\t\t\t\t\t\t<\/div>\n\t\t\t\t\t\t\t\t\t\t\t\t<div class=\"col-lg-6 col-md-6 col-sm-6\">\n\t\t\t\t\t\t\t<div class=\"testimonial-block\">\n\t\t\t\t\t\t\t\t<div class=\"testimonial-avtar\">\n\t\t\t\t\t\t\t\t\t<img loading=\"lazy\" decoding=\"async\" width=\"150\" height=\"150\" src=\"https:\/\/www.homes-holiday.com\/de\/wp-content\/uploads\/NicoleNe-150x150.jpg\" class=\"img-responsive wp-post-image\" alt=\"\" srcset=\"https:\/\/www.homes-holiday.com\/de\/wp-content\/uploads\/NicoleNe-150x150.jpg 150w, https:\/\/www.homes-holiday.com\/de\/wp-content\/uploads\/NicoleNe-125x125.jpg 125w, https:\/\/www.homes-holiday.com\/de\/wp-content\/uploads\/NicoleNe-50x50.jpg 50w\" sizes=\"(max-width: 150px) 100vw, 150px\" \/>\t\t\t\t\t\t\t\t<\/div>\n\t\t\t\t\t\t\t\t<div class=\"testimonial-content\">\n\t\t\t\t\t\t\t\t\t<h4>Nicole Schepp<\/h4>\n\t\t\t\t\t\t\t\t\t<p>Wir haben uns bewusst f\u00fcr Porta Mallorquina entschieden, da wir hier eine starke Marke mit hohem Bekanntheitsgrad, eine etablierte Verkaufsregion und ein erfahrenes Team \u00fcbernehmen konnten. Durch die Porta Mallorquina Academy und die umfassende Unterst\u00fctzung durch die Zentrale hatten wir einen erfolgreichen Einstieg.<\/p>\n\t\t\t\t\t\t\t\t\t <span>Franchisepartnerin Inselmitte &amp; Nordost, Porta Mallorquina<\/span>\t\t\t\t\t\t\t\t<\/div>\n\t\t\t\t\t\t\t<\/div>\n\t\t\t\t\t\t<\/div>\n\t\t\t\t\t\t\t\t\t<\/div>\n\t\t\t    <\/div>\n    \t<a href=\"https:\/\/www.homes-holiday.com\/de\/partnerstimmen\/\" class=\"pgs_btn pgs_btn_style_1 pgs_btn_md\">\n\t\t<span>\n\t\t\tMehr Partnerstimmen\t\t<\/span>\n\t\t\t\t<i class=\"fa fa-arrow-right\"><\/i>\n\t\t\t<\/a>\n\t[\/vc_column][\/vc_row][vc_row css=&#8220;.vc_custom_1533291350090{padding-top: 80px !important;padding-bottom: 80px !important;}&#8220;][vc_column]        <div class=\"section-title-1 text-center\">\n            <h2 class=\"text-blue\">Erfolgreich mit Immobilien Franchise<\/h2>\n            <div class=\"title-line\"><\/div>\n\t\t\t\t\t\t\t<p>Starten Sie jetzt als Immobilienmakler durch<\/p>\n\t\t\t\t        <\/div>\n        [vc_column_text]<\/p>\n<h3>Sie m\u00f6chten sich als\u00a0Immobilienmakler selbstst\u00e4ndig\u00a0machen?<\/h3>\n<p>F\u00fcr die Existenzgr\u00fcndung in der Immobilienbranche bietet das Porta Mondial Immobilien Franchise System alle\u00a0Vorteile\u00a0einer\u00a0<strong>wachstumsstarken Markenfamilie<\/strong>\u00a0mit hohem Erfolgspotenzial. Als Spezialist f\u00fcr <strong>Ferienimmobilien<\/strong> bieten wir die M\u00f6glichkeit, sich in den sch\u00f6nsten Ferienregionen Spaniens selbstst\u00e4ndig zu machen.<\/p>\n<p>Ein Franchise, das sich auf den <strong>Balearen<\/strong>\u00a0bew\u00e4hrt hat. Franchise-Systeme f\u00fcr Immobilienmakler gibt es viele \u2013 doch nur Porta Mondial hat sich auf Ferien- und Wohnimmobilien spezialisiert und bietet hier ein bew\u00e4hrtes Gesch\u00e4ftskonzept.<\/p>\n<p>Profitieren Sie bei Ihrer geplanten Existenzgr\u00fcndung als Makler oder beim Start als Immobilienunternehmer von unserer langj\u00e4hrigen Erfahrung\u00a0in der Immobilien- und Franchisebranche und \u00fcberzeugen Sie sich von unserem umfassenden Leistungspaket zu moderaten Kosten. Unser Servicespektrum setzt neue Ma\u00dfst\u00e4be in der Branche. Erfahren Sie mehr \u00fcber <strong>Porta Mondial<\/strong> &#8211; <strong>Ihr starker Partner f\u00fcr Immobilien Franchise<\/strong>.<\/p>\n<h3>Mit Porta Holiday in die Tourismusbranche<\/h3>\n<p>Als erstes Franchisesystem, das klassischen Immobilienvertrieb mit Ferienvermietung kombiniert, erschlie\u00dfen die Marken der Homes &amp; Holiday AG ein neues Gesch\u00e4ftsfeld. Als Full-Serviceanbieter rund um die Ferienimmobilie bieten wir alles aus einer Hand: Kauf\/Verkauf, Langzeitmiete und Ferienvermietung bis hin zum Property Management. Mit Porta Holiday haben Sie einen Ansprechpartner rund um die Ferienvermietung.[\/vc_column_text][\/vc_column][\/vc_row]<\/p>\n","protected":false},"excerpt":{"rendered":"<p>[vc_row tc_enable_overlay=&#8220;true&#8220; css=&#8220;.vc_custom_1470834662463{padding-top: 80px !important;padding-bottom: 45px !important;}&#8220;][vc_column][vc_row_inner][vc_column_inner width=&#8220;1\/2&#8243; offset=&#8220;vc_col-lg-6 vc_col-md-12 vc_col-xs-12&#8243;][vc_column_text]Mit Porta Mondial\/Porta Mallorquina bietet die Homes &amp; Holiday AG ihren Partnern ein einzigartiges Leistungsspektrum, das uns von allen anderen Immobilien Franchise Systemen in der Immobilienbranche unterscheidet. Ein Gesch\u00e4ftsmodell, das sich seit \u00fcber einem Jahrzehnt auf einem der hei\u00dfesten Ferienimmobilienm\u00e4rkte der Welt bew\u00e4hrt hat, auf&hellip; <a class=\"read-more\" href=\"https:\/\/www.homes-holiday.com\/de\/testimonials\/nicole-neipp-2\/\" title=\"Read Nicole Schepp\">Read more &raquo;<\/a><\/p>\n","protected":false},"author":1,"featured_media":0,"parent":0,"menu_order":32,"comment_status":"closed","ping_status":"closed","template":"templates\/page-vc_compatible.php","meta":{"footnotes":""},"class_list":["post-8717","page","type-page","status-publish","hentry"],"yoast_head":"<!-- This site is optimized with the Yoast SEO plugin v23.7 - https:\/\/yoast.com\/wordpress\/plugins\/seo\/ -->\n<title>Immobilien Franchise - Porta Mondial<\/title>\n<meta name=\"description\" content=\"Erfolgreich selbst\u00e4ndig im bew\u00e4hrten Immobilien Franchise System f\u00fcr Immobilienmakler &amp; Unternehmer \u27a4 Profitieren Sie von vielen zentralen Leistungen \u260e 089 24242205\" \/>\n<meta name=\"robots\" content=\"index, follow, max-snippet:-1, max-image-preview:large, max-video-preview:-1\" \/>\n<link rel=\"canonical\" href=\"https:\/\/www.homes-holiday.com\/de\/franchise\/\" \/>\n<meta property=\"og:locale\" content=\"de_DE\" \/>\n<meta property=\"og:type\" content=\"article\" \/>\n<meta property=\"og:title\" content=\"Immobilien Franchise - Porta Mondial\" \/>\n<meta property=\"og:description\" content=\"Erfolgreich selbst\u00e4ndig im bew\u00e4hrten Immobilien Franchise System f\u00fcr Immobilienmakler &amp; Unternehmer \u27a4 Profitieren Sie von vielen zentralen Leistungen \u260e 089 24242205\" \/>\n<meta property=\"og:url\" content=\"https:\/\/www.homes-holiday.com\/de\/franchise\/\" \/>\n<meta property=\"og:site_name\" content=\"Homes &amp; Holiday AG\" \/>\n<meta property=\"article:modified_time\" content=\"2024-10-20T18:08:20+00:00\" \/>\n<meta name=\"twitter:card\" content=\"summary_large_image\" \/>\n<meta name=\"twitter:label1\" content=\"Gesch\u00e4tzte Lesezeit\" \/>\n\t<meta name=\"twitter:data1\" content=\"3\u00a0Minuten\" \/>\n<script type=\"application\/ld+json\" class=\"yoast-schema-graph\">{\"@context\":\"https:\/\/schema.org\",\"@graph\":[{\"@type\":\"WebPage\",\"@id\":\"https:\/\/www.homes-holiday.com\/de\/franchise\/\",\"url\":\"https:\/\/www.homes-holiday.com\/de\/franchise\/\",\"name\":\"Immobilien Franchise - Porta Mondial\",\"isPartOf\":{\"@id\":\"https:\/\/www.homes-holiday.com\/de\/#website\"},\"datePublished\":\"2017-09-26T13:47:27+00:00\",\"dateModified\":\"2024-10-20T18:08:20+00:00\",\"description\":\"Erfolgreich selbst\u00e4ndig im bew\u00e4hrten Immobilien Franchise System f\u00fcr Immobilienmakler & Unternehmer \u27a4 Profitieren Sie von vielen zentralen Leistungen \u260e 089 24242205\",\"breadcrumb\":{\"@id\":\"https:\/\/www.homes-holiday.com\/de\/franchise\/#breadcrumb\"},\"inLanguage\":\"de\",\"potentialAction\":[{\"@type\":\"ReadAction\",\"target\":[\"https:\/\/www.homes-holiday.com\/de\/franchise\/\"]}]},{\"@type\":\"BreadcrumbList\",\"@id\":\"https:\/\/www.homes-holiday.com\/de\/franchise\/#breadcrumb\",\"itemListElement\":[{\"@type\":\"ListItem\",\"position\":1,\"name\":\"Startseite\",\"item\":\"https:\/\/www.homes-holiday.com\/de\/\"},{\"@type\":\"ListItem\",\"position\":2,\"name\":\"Immobilien Franchise\"}]},{\"@type\":\"WebSite\",\"@id\":\"https:\/\/www.homes-holiday.com\/de\/#website\",\"url\":\"https:\/\/www.homes-holiday.com\/de\/\",\"name\":\"Homes &amp; Holiday AG\",\"description\":\"\",\"potentialAction\":[{\"@type\":\"SearchAction\",\"target\":{\"@type\":\"EntryPoint\",\"urlTemplate\":\"https:\/\/www.homes-holiday.com\/de\/?s={search_term_string}\"},\"query-input\":{\"@type\":\"PropertyValueSpecification\",\"valueRequired\":true,\"valueName\":\"search_term_string\"}}],\"inLanguage\":\"de\"}]}<\/script>\n<!-- \/ Yoast SEO plugin. -->","yoast_head_json":{"title":"Immobilien Franchise - Porta Mondial","description":"Erfolgreich selbst\u00e4ndig im bew\u00e4hrten Immobilien Franchise System f\u00fcr Immobilienmakler & Unternehmer \u27a4 Profitieren Sie von vielen zentralen Leistungen \u260e 089 24242205","robots":{"index":"index","follow":"follow","max-snippet":"max-snippet:-1","max-image-preview":"max-image-preview:large","max-video-preview":"max-video-preview:-1"},"canonical":"https:\/\/www.homes-holiday.com\/de\/franchise\/","og_locale":"de_DE","og_type":"article","og_title":"Immobilien Franchise - Porta Mondial","og_description":"Erfolgreich selbst\u00e4ndig im bew\u00e4hrten Immobilien Franchise System f\u00fcr Immobilienmakler & Unternehmer \u27a4 Profitieren Sie von vielen zentralen Leistungen \u260e 089 24242205","og_url":"https:\/\/www.homes-holiday.com\/de\/franchise\/","og_site_name":"Homes &amp; Holiday AG","article_modified_time":"2024-10-20T18:08:20+00:00","twitter_card":"summary_large_image","twitter_misc":{"Gesch\u00e4tzte Lesezeit":"3\u00a0Minuten"},"schema":{"@context":"https:\/\/schema.org","@graph":[{"@type":"WebPage","@id":"https:\/\/www.homes-holiday.com\/de\/franchise\/","url":"https:\/\/www.homes-holiday.com\/de\/franchise\/","name":"Immobilien Franchise - Porta Mondial","isPartOf":{"@id":"https:\/\/www.homes-holiday.com\/de\/#website"},"datePublished":"2017-09-26T13:47:27+00:00","dateModified":"2024-10-20T18:08:20+00:00","description":"Erfolgreich selbst\u00e4ndig im bew\u00e4hrten Immobilien Franchise System f\u00fcr Immobilienmakler & Unternehmer \u27a4 Profitieren Sie von vielen zentralen Leistungen \u260e 089 24242205","breadcrumb":{"@id":"https:\/\/www.homes-holiday.com\/de\/franchise\/#breadcrumb"},"inLanguage":"de","potentialAction":[{"@type":"ReadAction","target":["https:\/\/www.homes-holiday.com\/de\/franchise\/"]}]},{"@type":"BreadcrumbList","@id":"https:\/\/www.homes-holiday.com\/de\/franchise\/#breadcrumb","itemListElement":[{"@type":"ListItem","position":1,"name":"Startseite","item":"https:\/\/www.homes-holiday.com\/de\/"},{"@type":"ListItem","position":2,"name":"Immobilien Franchise"}]},{"@type":"WebSite","@id":"https:\/\/www.homes-holiday.com\/de\/#website","url":"https:\/\/www.homes-holiday.com\/de\/","name":"Homes &amp; Holiday AG","description":"","potentialAction":[{"@type":"SearchAction","target":{"@type":"EntryPoint","urlTemplate":"https:\/\/www.homes-holiday.com\/de\/?s={search_term_string}"},"query-input":{"@type":"PropertyValueSpecification","valueRequired":true,"valueName":"search_term_string"}}],"inLanguage":"de"}]}},"_links":{"self":[{"href":"https:\/\/www.homes-holiday.com\/de\/wp-json\/wp\/v2\/pages\/8717"}],"collection":[{"href":"https:\/\/www.homes-holiday.com\/de\/wp-json\/wp\/v2\/pages"}],"about":[{"href":"https:\/\/www.homes-holiday.com\/de\/wp-json\/wp\/v2\/types\/page"}],"author":[{"embeddable":true,"href":"https:\/\/www.homes-holiday.com\/de\/wp-json\/wp\/v2\/users\/1"}],"replies":[{"embeddable":true,"href":"https:\/\/www.homes-holiday.com\/de\/wp-json\/wp\/v2\/comments?post=8717"}],"version-history":[{"count":10,"href":"https:\/\/www.homes-holiday.com\/de\/wp-json\/wp\/v2\/pages\/8717\/revisions"}],"predecessor-version":[{"id":11889,"href":"https:\/\/www.homes-holiday.com\/de\/wp-json\/wp\/v2\/pages\/8717\/revisions\/11889"}],"wp:attachment":[{"href":"https:\/\/www.homes-holiday.com\/de\/wp-json\/wp\/v2\/media?parent=8717"}],"curies":[{"name":"wp","href":"https:\/\/api.w.org\/{rel}","templated":true}]}}