{"id":8698,"date":"2017-09-26T12:38:13","date_gmt":"2017-09-26T10:38:13","guid":{"rendered":"https:\/\/www.portamondialgroup.com\/?page_id=8698"},"modified":"2017-12-12T12:21:39","modified_gmt":"2017-12-12T11:21:39","slug":"news","status":"publish","type":"page","link":"https:\/\/www.homes-holiday.com\/de\/news\/","title":{"rendered":"Presse &#038; News"},"content":{"rendered":"<p>[vc_row 0=&#8220;&#8220;][vc_column css=&#8220;.vc_custom_1480573140574{padding-top: 80px !important;padding-bottom: 65px !important;}&#8220;][vc_row_inner 0=&#8220;&#8220;][vc_column_inner offset=&#8220;vc_col-lg-12 vc_col-md-12 vc_col-xs-12&#8243; css=&#8220;.vc_custom_1508228193594{margin-bottom: 25px !important;}&#8220;][vc_column_text 0=&#8220;&#8220;]Im Newsroom der Homes &amp; Holiday AG finden Sie aktuelle Meldungen aus unserer Markenwelt. Nutzen Sie unsere langj\u00e4hrige Expertise und Marktkenntnis der deutschen und spanischen Immobilienm\u00e4rkte.<\/p>\n<p>Sie planen einen Bericht \u00fcber Ferienimmobilien, nationale und internationale Immobilienm\u00e4rkte, Immobilienmakler oder Franchise? Wir unterst\u00fctzen Sie gerne mit individuellen Beitr\u00e4gen, Marktberichten und Interviews.<\/p>\n<p>Hier finden Sie unsere aktuellen <a title=\"Pressemitteilungen und Marktberichte\" href=\"https:\/\/www.homes-holiday.com\/de\/presse\/\">Pressemitteilungen und Marktberichte<\/a> sowie den <a title=\"Blog\" href=\"\/de\/blog\/\">Blog<\/a>.[\/vc_column_text][\/vc_column_inner][\/vc_row_inner][\/vc_column][\/vc_row]<\/p>\n","protected":false},"excerpt":{"rendered":"<p>[vc_row 0=&#8220;&#8220;][vc_column css=&#8220;.vc_custom_1480573140574{padding-top: 80px !important;padding-bottom: 65px !important;}&#8220;][vc_row_inner 0=&#8220;&#8220;][vc_column_inner offset=&#8220;vc_col-lg-12 vc_col-md-12 vc_col-xs-12&#8243; css=&#8220;.vc_custom_1508228193594{margin-bottom: 25px !important;}&#8220;][vc_column_text 0=&#8220;&#8220;]Im Newsroom der Homes &amp; Holiday AG finden Sie aktuelle Meldungen aus unserer Markenwelt. Nutzen Sie unsere langj\u00e4hrige Expertise und Marktkenntnis der deutschen und spanischen Immobilienm\u00e4rkte. Sie planen einen Bericht \u00fcber Ferienimmobilien, nationale und internationale Immobilienm\u00e4rkte, Immobilienmakler oder Franchise? Wir unterst\u00fctzen&hellip; <a class=\"read-more\" href=\"https:\/\/www.homes-holiday.com\/de\/news\/\" title=\"Read Presse &#038; News\">Read more &raquo;<\/a><\/p>\n","protected":false},"author":1,"featured_media":0,"parent":0,"menu_order":31,"comment_status":"closed","ping_status":"closed","template":"templates\/page-vc_compatible.php","meta":{"footnotes":""},"class_list":["post-8698","page","type-page","status-publish","hentry"],"yoast_head":"<!-- This site is optimized with the Yoast SEO plugin v23.7 - https:\/\/yoast.com\/wordpress\/plugins\/seo\/ -->\n<title>Presse &amp; News - Homes &amp; Holiday AG<\/title>\n<meta name=\"robots\" content=\"index, follow, max-snippet:-1, max-image-preview:large, max-video-preview:-1\" \/>\n<link rel=\"canonical\" href=\"https:\/\/www.homes-holiday.com\/de\/news\/\" \/>\n<meta property=\"og:locale\" content=\"de_DE\" \/>\n<meta property=\"og:type\" content=\"article\" \/>\n<meta property=\"og:title\" content=\"Presse &amp; News - Homes &amp; Holiday AG\" \/>\n<meta property=\"og:description\" content=\"[vc_row 0=&#8220;&#8220;][vc_column css=&#8220;.vc_custom_1480573140574{padding-top: 80px !important;padding-bottom: 65px !important;}&#8220;][vc_row_inner 0=&#8220;&#8220;][vc_column_inner offset=&#8220;vc_col-lg-12 vc_col-md-12 vc_col-xs-12&#8243; css=&#8220;.vc_custom_1508228193594{margin-bottom: 25px !important;}&#8220;][vc_column_text 0=&#8220;&#8220;]Im Newsroom der Homes &amp; Holiday AG finden Sie aktuelle Meldungen aus unserer Markenwelt. Nutzen Sie unsere langj\u00e4hrige Expertise und Marktkenntnis der deutschen und spanischen Immobilienm\u00e4rkte. Sie planen einen Bericht \u00fcber Ferienimmobilien, nationale und internationale Immobilienm\u00e4rkte, Immobilienmakler oder Franchise? Wir unterst\u00fctzen&hellip; Read more &raquo;\" \/>\n<meta property=\"og:url\" content=\"https:\/\/www.homes-holiday.com\/de\/news\/\" \/>\n<meta property=\"og:site_name\" content=\"Homes &amp; Holiday AG\" \/>\n<meta property=\"article:modified_time\" content=\"2017-12-12T11:21:39+00:00\" \/>\n<meta name=\"twitter:card\" content=\"summary_large_image\" \/>\n<meta name=\"twitter:label1\" content=\"Gesch\u00e4tzte Lesezeit\" \/>\n\t<meta name=\"twitter:data1\" content=\"1\u00a0Minute\" \/>\n<script type=\"application\/ld+json\" class=\"yoast-schema-graph\">{\"@context\":\"https:\/\/schema.org\",\"@graph\":[{\"@type\":\"WebPage\",\"@id\":\"https:\/\/www.homes-holiday.com\/de\/news\/\",\"url\":\"https:\/\/www.homes-holiday.com\/de\/news\/\",\"name\":\"Presse & News - Homes &amp; Holiday AG\",\"isPartOf\":{\"@id\":\"https:\/\/www.homes-holiday.com\/de\/#website\"},\"datePublished\":\"2017-09-26T10:38:13+00:00\",\"dateModified\":\"2017-12-12T11:21:39+00:00\",\"breadcrumb\":{\"@id\":\"https:\/\/www.homes-holiday.com\/de\/news\/#breadcrumb\"},\"inLanguage\":\"de\",\"potentialAction\":[{\"@type\":\"ReadAction\",\"target\":[\"https:\/\/www.homes-holiday.com\/de\/news\/\"]}]},{\"@type\":\"BreadcrumbList\",\"@id\":\"https:\/\/www.homes-holiday.com\/de\/news\/#breadcrumb\",\"itemListElement\":[{\"@type\":\"ListItem\",\"position\":1,\"name\":\"Startseite\",\"item\":\"https:\/\/www.homes-holiday.com\/de\/\"},{\"@type\":\"ListItem\",\"position\":2,\"name\":\"Presse &#038; News\"}]},{\"@type\":\"WebSite\",\"@id\":\"https:\/\/www.homes-holiday.com\/de\/#website\",\"url\":\"https:\/\/www.homes-holiday.com\/de\/\",\"name\":\"Homes &amp; Holiday AG\",\"description\":\"\",\"potentialAction\":[{\"@type\":\"SearchAction\",\"target\":{\"@type\":\"EntryPoint\",\"urlTemplate\":\"https:\/\/www.homes-holiday.com\/de\/?s={search_term_string}\"},\"query-input\":{\"@type\":\"PropertyValueSpecification\",\"valueRequired\":true,\"valueName\":\"search_term_string\"}}],\"inLanguage\":\"de\"}]}<\/script>\n<!-- \/ Yoast SEO plugin. -->","yoast_head_json":{"title":"Presse & News - Homes &amp; Holiday AG","robots":{"index":"index","follow":"follow","max-snippet":"max-snippet:-1","max-image-preview":"max-image-preview:large","max-video-preview":"max-video-preview:-1"},"canonical":"https:\/\/www.homes-holiday.com\/de\/news\/","og_locale":"de_DE","og_type":"article","og_title":"Presse & News - Homes &amp; Holiday AG","og_description":"[vc_row 0=&#8220;&#8220;][vc_column css=&#8220;.vc_custom_1480573140574{padding-top: 80px !important;padding-bottom: 65px !important;}&#8220;][vc_row_inner 0=&#8220;&#8220;][vc_column_inner offset=&#8220;vc_col-lg-12 vc_col-md-12 vc_col-xs-12&#8243; css=&#8220;.vc_custom_1508228193594{margin-bottom: 25px !important;}&#8220;][vc_column_text 0=&#8220;&#8220;]Im Newsroom der Homes &amp; Holiday AG finden Sie aktuelle Meldungen aus unserer Markenwelt. Nutzen Sie unsere langj\u00e4hrige Expertise und Marktkenntnis der deutschen und spanischen Immobilienm\u00e4rkte. Sie planen einen Bericht \u00fcber Ferienimmobilien, nationale und internationale Immobilienm\u00e4rkte, Immobilienmakler oder Franchise? Wir unterst\u00fctzen&hellip; Read more &raquo;","og_url":"https:\/\/www.homes-holiday.com\/de\/news\/","og_site_name":"Homes &amp; Holiday AG","article_modified_time":"2017-12-12T11:21:39+00:00","twitter_card":"summary_large_image","twitter_misc":{"Gesch\u00e4tzte Lesezeit":"1\u00a0Minute"},"schema":{"@context":"https:\/\/schema.org","@graph":[{"@type":"WebPage","@id":"https:\/\/www.homes-holiday.com\/de\/news\/","url":"https:\/\/www.homes-holiday.com\/de\/news\/","name":"Presse & News - Homes &amp; Holiday AG","isPartOf":{"@id":"https:\/\/www.homes-holiday.com\/de\/#website"},"datePublished":"2017-09-26T10:38:13+00:00","dateModified":"2017-12-12T11:21:39+00:00","breadcrumb":{"@id":"https:\/\/www.homes-holiday.com\/de\/news\/#breadcrumb"},"inLanguage":"de","potentialAction":[{"@type":"ReadAction","target":["https:\/\/www.homes-holiday.com\/de\/news\/"]}]},{"@type":"BreadcrumbList","@id":"https:\/\/www.homes-holiday.com\/de\/news\/#breadcrumb","itemListElement":[{"@type":"ListItem","position":1,"name":"Startseite","item":"https:\/\/www.homes-holiday.com\/de\/"},{"@type":"ListItem","position":2,"name":"Presse &#038; News"}]},{"@type":"WebSite","@id":"https:\/\/www.homes-holiday.com\/de\/#website","url":"https:\/\/www.homes-holiday.com\/de\/","name":"Homes &amp; Holiday AG","description":"","potentialAction":[{"@type":"SearchAction","target":{"@type":"EntryPoint","urlTemplate":"https:\/\/www.homes-holiday.com\/de\/?s={search_term_string}"},"query-input":{"@type":"PropertyValueSpecification","valueRequired":true,"valueName":"search_term_string"}}],"inLanguage":"de"}]}},"_links":{"self":[{"href":"https:\/\/www.homes-holiday.com\/de\/wp-json\/wp\/v2\/pages\/8698"}],"collection":[{"href":"https:\/\/www.homes-holiday.com\/de\/wp-json\/wp\/v2\/pages"}],"about":[{"href":"https:\/\/www.homes-holiday.com\/de\/wp-json\/wp\/v2\/types\/page"}],"author":[{"embeddable":true,"href":"https:\/\/www.homes-holiday.com\/de\/wp-json\/wp\/v2\/users\/1"}],"replies":[{"embeddable":true,"href":"https:\/\/www.homes-holiday.com\/de\/wp-json\/wp\/v2\/comments?post=8698"}],"version-history":[{"count":10,"href":"https:\/\/www.homes-holiday.com\/de\/wp-json\/wp\/v2\/pages\/8698\/revisions"}],"predecessor-version":[{"id":9576,"href":"https:\/\/www.homes-holiday.com\/de\/wp-json\/wp\/v2\/pages\/8698\/revisions\/9576"}],"wp:attachment":[{"href":"https:\/\/www.homes-holiday.com\/de\/wp-json\/wp\/v2\/media?parent=8698"}],"curies":[{"name":"wp","href":"https:\/\/api.w.org\/{rel}","templated":true}]}}