{"id":8645,"date":"2017-09-25T16:06:31","date_gmt":"2017-09-25T14:06:31","guid":{"rendered":"https:\/\/www.portamondialgroup.com\/?page_id=8645"},"modified":"2024-10-15T19:48:25","modified_gmt":"2024-10-15T17:48:25","slug":"stellenangebote","status":"publish","type":"page","link":"https:\/\/www.homes-holiday.com\/de\/stellenangebote\/","title":{"rendered":"Aktuelle Stellenangebote"},"content":{"rendered":"<p>[vc_row][vc_column css=&#8220;.vc_custom_1480573140574{padding-top: 80px !important;padding-bottom: 65px !important;}&#8220;][vc_row_inner][vc_column_inner offset=&#8220;vc_col-lg-9 vc_col-md-8 vc_col-xs-12&#8243; css=&#8220;.vc_custom_1506338697500{margin-bottom: 25px !important;}&#8220;][vc_column_text]Die Gesellschaften der Homes &amp; Holiday AG und ihre Franchisepartner befinden sich weiter auf Wachstumskurs. Werden Sie Teil einer starken Unternehmensgruppe und setzen Sie die Erfolgsgeschichte mit uns fort.<\/p>\n<p><strong>Hier finden Sie eine \u00dcbersicht der aktuellen Stellenangebote:<\/strong><\/p>\n<p>[\/vc_column_text][vc_column_text css=&#8220;.vc_custom_1516793435823{padding-top: 8px !important;padding-right: 10px !important;padding-bottom: 8px !important;padding-left: 12px !important;background-color: #eaeaea !important;}&#8220;]<\/p>\n<h4 id=\"international\">STELLENANGEBOTE INTERNATIONAL<\/h4>\n<p>[\/vc_column_text][vc_column_text]<\/p>\n<h3><a title=\"Akquisiteur\/Immobilienberater (m\/w\/d) Palma und Inselmitte\" href=\"https:\/\/www.porta-mallorquina.de\/immobilienberater.html\" target=\"_blank\" rel=\"noopener noreferrer\">Akquisiteur\/Immobilienberater (m\/w\/d) Palma, Nordwesten, Inselmitte, Portals und Andratx (Mallorca)<\/a><\/h3>\n<p>Als Immobilienberater\/in mit Akquisitionsaufgaben bilden Sie die Schnittstelle zwischen Eigent\u00fcmer und Ihren Kollegen im Verkauf. Sie nehmen neue Immobilien auf, organisieren die professionelle Objektaufnahme, erstellen Expos\u00e9-Texte und stellen sicher, dass alle notwendigen Verkaufsunterlagen verf\u00fcgbar sind.[\/vc_column_text]\t<a href=\"https:\/\/www.porta-mallorquina.de\/immobilienberater.html\" title=\"Zum Stellenangebot\" class=\"pgs_btn pgs_btn_style_1 pgs_btn_sm\">\n\t\t<span>\n\t\t\tZum Stellenangebot\t\t<\/span>\n\t\t\t\t<i class=\"fa fa-arrow-right\"><\/i>\n\t\t\t<\/a>\n\t[vc_column_text]<\/p>\n<hr \/>\n<h3><a href=\"https:\/\/www.homes-holiday.com\/de\/stellenangebote\/franchise-partner\/\">Porta Mondial: Franchise Partner (m\/w\/d)<\/a><\/h3>\n<p>Sie m\u00f6chten sich als Immobilienmakler oder Immobilienmaklerin selbstst\u00e4ndig machen? Und das dort, wo andere die sch\u00f6nste Zeit des Jahres verbringen?[\/vc_column_text]\t<a href=\"https:\/\/www.homes-holiday.com\/de\/stellenangebote\/franchise-partner\/\" title=\"Zum Stellenangebot\" class=\"pgs_btn pgs_btn_style_1 pgs_btn_sm\">\n\t\t<span>\n\t\t\tZum Stellenangebot\t\t<\/span>\n\t\t\t\t<i class=\"fa fa-arrow-right\"><\/i>\n\t\t\t<\/a>\n\t[vc_column_text]<\/p>\n<hr \/>\n<h3><a href=\"https:\/\/www.portamenorquina.de\/immobilienberater.html\" target=\"_blank\" rel=\"noopener noreferrer\">Akquisiteur\/Immobilienberater (m\/w\/d) Menorca<\/a><\/h3>\n<p>Im Internet z\u00e4hlt Porta Menorquina seit vielen Jahren zu den f\u00fchrenden Adressen f\u00fcr Immobilien auf Menorca, vor Ort haben wir uns durch engagierte Kundenbetreuung einen guten Namen gemacht.[\/vc_column_text]\t<a href=\"https:\/\/www.portamenorquina.de\/immobilienberater.html\" title=\"Zum Stellenangebot\" target=\" _blank\" class=\"pgs_btn pgs_btn_style_1 pgs_btn_sm\">\n\t\t<span>\n\t\t\tZum Stellenangebot\t\t<\/span>\n\t\t\t\t<i class=\"fa fa-arrow-right\"><\/i>\n\t\t\t<\/a>\n\t[vc_column_text]<\/p>\n<hr \/>\n<h3><a href=\"https:\/\/www.portaibiza.de\/immobilienberater.html\" target=\"_blank\" rel=\"noopener noreferrer\">Immobilienberater (m\/w\/d) Ibiza<\/a><\/h3>\n<p>2008 gestartet, entwickelt sich Porta Ibiza so erfolgreich wie der Franchisepartner auf Mallorca, der mit der Immobilienwebsite porta-mallorquina.de seit 2005 am Markt aktiv ist und heute die Nummer 1 im Online-Markt f\u00fcr Immobilien auf Mallorca.[\/vc_column_text]\t<a href=\"https:\/\/www.portaibiza.de\/immobilienberater.html\" title=\"Zum Stellenangebot\" target=\" _blank\" class=\"pgs_btn pgs_btn_style_1 pgs_btn_sm\">\n\t\t<span>\n\t\t\tZum Stellenangebot\t\t<\/span>\n\t\t\t\t<i class=\"fa fa-arrow-right\"><\/i>\n\t\t\t<\/a>\n\t[vc_column_text]<\/p>\n<p>&nbsp;<\/p>\n<hr \/>\n<p><strong>Spanien<\/strong><br \/>\nPorta Mallorquina Real Estate SLU<br \/>\nC.\/ Conquistador 8<br \/>\nE-07001 Palma de Mallorca<br \/>\nTel. +34 971 698 242<br \/>\nE-Mail <a href=\"mailto:info@portamallorquina.com\">info@portamallorquina.com<\/a>[\/vc_column_text][\/vc_column_inner][\/vc_row_inner][\/vc_column][\/vc_row]<\/p>\n","protected":false},"excerpt":{"rendered":"<p>[vc_row][vc_column css=&#8220;.vc_custom_1480573140574{padding-top: 80px !important;padding-bottom: 65px !important;}&#8220;][vc_row_inner][vc_column_inner offset=&#8220;vc_col-lg-9 vc_col-md-8 vc_col-xs-12&#8243; css=&#8220;.vc_custom_1506338697500{margin-bottom: 25px !important;}&#8220;][vc_column_text]Die Gesellschaften der Homes &amp; Holiday AG und ihre Franchisepartner befinden sich weiter auf Wachstumskurs. Werden Sie Teil einer starken Unternehmensgruppe und setzen Sie die Erfolgsgeschichte mit uns fort. Hier finden Sie eine \u00dcbersicht der aktuellen Stellenangebote: [\/vc_column_text][vc_column_text css=&#8220;.vc_custom_1516793435823{padding-top: 8px !important;padding-right: 10px !important;padding-bottom: 8px&hellip; <a class=\"read-more\" href=\"https:\/\/www.homes-holiday.com\/de\/stellenangebote\/\" title=\"Read Aktuelle Stellenangebote\">Read more &raquo;<\/a><\/p>\n","protected":false},"author":1,"featured_media":0,"parent":0,"menu_order":31,"comment_status":"closed","ping_status":"closed","template":"templates\/page-vc_compatible.php","meta":{"footnotes":""},"class_list":["post-8645","page","type-page","status-publish","hentry"],"yoast_head":"<!-- This site is optimized with the Yoast SEO plugin v23.7 - https:\/\/yoast.com\/wordpress\/plugins\/seo\/ -->\n<title>Aktuelle Stellenangebote - Homes &amp; Holiday AG<\/title>\n<meta name=\"robots\" content=\"index, follow, max-snippet:-1, max-image-preview:large, max-video-preview:-1\" \/>\n<link rel=\"canonical\" href=\"https:\/\/www.homes-holiday.com\/de\/stellenangebote\/\" \/>\n<meta property=\"og:locale\" content=\"de_DE\" \/>\n<meta property=\"og:type\" content=\"article\" \/>\n<meta property=\"og:title\" content=\"Aktuelle Stellenangebote - Homes &amp; Holiday AG\" \/>\n<meta property=\"og:description\" content=\"[vc_row][vc_column css=&#8220;.vc_custom_1480573140574{padding-top: 80px !important;padding-bottom: 65px !important;}&#8220;][vc_row_inner][vc_column_inner offset=&#8220;vc_col-lg-9 vc_col-md-8 vc_col-xs-12&#8243; css=&#8220;.vc_custom_1506338697500{margin-bottom: 25px !important;}&#8220;][vc_column_text]Die Gesellschaften der Homes &amp; Holiday AG und ihre Franchisepartner befinden sich weiter auf Wachstumskurs. Werden Sie Teil einer starken Unternehmensgruppe und setzen Sie die Erfolgsgeschichte mit uns fort. Hier finden Sie eine \u00dcbersicht der aktuellen Stellenangebote: [\/vc_column_text][vc_column_text css=&#8220;.vc_custom_1516793435823{padding-top: 8px !important;padding-right: 10px !important;padding-bottom: 8px&hellip; Read more &raquo;\" \/>\n<meta property=\"og:url\" content=\"https:\/\/www.homes-holiday.com\/de\/stellenangebote\/\" \/>\n<meta property=\"og:site_name\" content=\"Homes &amp; Holiday AG\" \/>\n<meta property=\"article:modified_time\" content=\"2024-10-15T17:48:25+00:00\" \/>\n<meta name=\"twitter:card\" content=\"summary_large_image\" \/>\n<meta name=\"twitter:label1\" content=\"Gesch\u00e4tzte Lesezeit\" \/>\n\t<meta name=\"twitter:data1\" content=\"2\u00a0Minuten\" \/>\n<script type=\"application\/ld+json\" class=\"yoast-schema-graph\">{\"@context\":\"https:\/\/schema.org\",\"@graph\":[{\"@type\":\"WebPage\",\"@id\":\"https:\/\/www.homes-holiday.com\/de\/stellenangebote\/\",\"url\":\"https:\/\/www.homes-holiday.com\/de\/stellenangebote\/\",\"name\":\"Aktuelle Stellenangebote - Homes &amp; Holiday AG\",\"isPartOf\":{\"@id\":\"https:\/\/www.homes-holiday.com\/de\/#website\"},\"datePublished\":\"2017-09-25T14:06:31+00:00\",\"dateModified\":\"2024-10-15T17:48:25+00:00\",\"breadcrumb\":{\"@id\":\"https:\/\/www.homes-holiday.com\/de\/stellenangebote\/#breadcrumb\"},\"inLanguage\":\"de\",\"potentialAction\":[{\"@type\":\"ReadAction\",\"target\":[\"https:\/\/www.homes-holiday.com\/de\/stellenangebote\/\"]}]},{\"@type\":\"BreadcrumbList\",\"@id\":\"https:\/\/www.homes-holiday.com\/de\/stellenangebote\/#breadcrumb\",\"itemListElement\":[{\"@type\":\"ListItem\",\"position\":1,\"name\":\"Startseite\",\"item\":\"https:\/\/www.homes-holiday.com\/de\/\"},{\"@type\":\"ListItem\",\"position\":2,\"name\":\"Aktuelle Stellenangebote\"}]},{\"@type\":\"WebSite\",\"@id\":\"https:\/\/www.homes-holiday.com\/de\/#website\",\"url\":\"https:\/\/www.homes-holiday.com\/de\/\",\"name\":\"Homes &amp; Holiday AG\",\"description\":\"\",\"potentialAction\":[{\"@type\":\"SearchAction\",\"target\":{\"@type\":\"EntryPoint\",\"urlTemplate\":\"https:\/\/www.homes-holiday.com\/de\/?s={search_term_string}\"},\"query-input\":{\"@type\":\"PropertyValueSpecification\",\"valueRequired\":true,\"valueName\":\"search_term_string\"}}],\"inLanguage\":\"de\"}]}<\/script>\n<!-- \/ Yoast SEO plugin. -->","yoast_head_json":{"title":"Aktuelle Stellenangebote - Homes &amp; Holiday AG","robots":{"index":"index","follow":"follow","max-snippet":"max-snippet:-1","max-image-preview":"max-image-preview:large","max-video-preview":"max-video-preview:-1"},"canonical":"https:\/\/www.homes-holiday.com\/de\/stellenangebote\/","og_locale":"de_DE","og_type":"article","og_title":"Aktuelle Stellenangebote - Homes &amp; Holiday AG","og_description":"[vc_row][vc_column css=&#8220;.vc_custom_1480573140574{padding-top: 80px !important;padding-bottom: 65px !important;}&#8220;][vc_row_inner][vc_column_inner offset=&#8220;vc_col-lg-9 vc_col-md-8 vc_col-xs-12&#8243; css=&#8220;.vc_custom_1506338697500{margin-bottom: 25px !important;}&#8220;][vc_column_text]Die Gesellschaften der Homes &amp; Holiday AG und ihre Franchisepartner befinden sich weiter auf Wachstumskurs. Werden Sie Teil einer starken Unternehmensgruppe und setzen Sie die Erfolgsgeschichte mit uns fort. Hier finden Sie eine \u00dcbersicht der aktuellen Stellenangebote: [\/vc_column_text][vc_column_text css=&#8220;.vc_custom_1516793435823{padding-top: 8px !important;padding-right: 10px !important;padding-bottom: 8px&hellip; Read more &raquo;","og_url":"https:\/\/www.homes-holiday.com\/de\/stellenangebote\/","og_site_name":"Homes &amp; Holiday AG","article_modified_time":"2024-10-15T17:48:25+00:00","twitter_card":"summary_large_image","twitter_misc":{"Gesch\u00e4tzte Lesezeit":"2\u00a0Minuten"},"schema":{"@context":"https:\/\/schema.org","@graph":[{"@type":"WebPage","@id":"https:\/\/www.homes-holiday.com\/de\/stellenangebote\/","url":"https:\/\/www.homes-holiday.com\/de\/stellenangebote\/","name":"Aktuelle Stellenangebote - Homes &amp; Holiday AG","isPartOf":{"@id":"https:\/\/www.homes-holiday.com\/de\/#website"},"datePublished":"2017-09-25T14:06:31+00:00","dateModified":"2024-10-15T17:48:25+00:00","breadcrumb":{"@id":"https:\/\/www.homes-holiday.com\/de\/stellenangebote\/#breadcrumb"},"inLanguage":"de","potentialAction":[{"@type":"ReadAction","target":["https:\/\/www.homes-holiday.com\/de\/stellenangebote\/"]}]},{"@type":"BreadcrumbList","@id":"https:\/\/www.homes-holiday.com\/de\/stellenangebote\/#breadcrumb","itemListElement":[{"@type":"ListItem","position":1,"name":"Startseite","item":"https:\/\/www.homes-holiday.com\/de\/"},{"@type":"ListItem","position":2,"name":"Aktuelle Stellenangebote"}]},{"@type":"WebSite","@id":"https:\/\/www.homes-holiday.com\/de\/#website","url":"https:\/\/www.homes-holiday.com\/de\/","name":"Homes &amp; Holiday AG","description":"","potentialAction":[{"@type":"SearchAction","target":{"@type":"EntryPoint","urlTemplate":"https:\/\/www.homes-holiday.com\/de\/?s={search_term_string}"},"query-input":{"@type":"PropertyValueSpecification","valueRequired":true,"valueName":"search_term_string"}}],"inLanguage":"de"}]}},"_links":{"self":[{"href":"https:\/\/www.homes-holiday.com\/de\/wp-json\/wp\/v2\/pages\/8645"}],"collection":[{"href":"https:\/\/www.homes-holiday.com\/de\/wp-json\/wp\/v2\/pages"}],"about":[{"href":"https:\/\/www.homes-holiday.com\/de\/wp-json\/wp\/v2\/types\/page"}],"author":[{"embeddable":true,"href":"https:\/\/www.homes-holiday.com\/de\/wp-json\/wp\/v2\/users\/1"}],"replies":[{"embeddable":true,"href":"https:\/\/www.homes-holiday.com\/de\/wp-json\/wp\/v2\/comments?post=8645"}],"version-history":[{"count":11,"href":"https:\/\/www.homes-holiday.com\/de\/wp-json\/wp\/v2\/pages\/8645\/revisions"}],"predecessor-version":[{"id":11878,"href":"https:\/\/www.homes-holiday.com\/de\/wp-json\/wp\/v2\/pages\/8645\/revisions\/11878"}],"wp:attachment":[{"href":"https:\/\/www.homes-holiday.com\/de\/wp-json\/wp\/v2\/media?parent=8645"}],"curies":[{"name":"wp","href":"https:\/\/api.w.org\/{rel}","templated":true}]}}