{"id":8559,"date":"2017-09-20T11:46:15","date_gmt":"2017-09-20T09:46:15","guid":{"rendered":"https:\/\/www.portamondialgroup.com\/?page_id=8559"},"modified":"2024-10-20T15:44:21","modified_gmt":"2024-10-20T13:44:21","slug":"unternehmen","status":"publish","type":"page","link":"https:\/\/www.homes-holiday.com\/de\/unternehmen\/","title":{"rendered":"Unternehmen"},"content":{"rendered":"<p>[vc_row][vc_column css=&#8220;.vc_custom_1480573140574{padding-top: 80px !important;padding-bottom: 65px !important;}&#8220;][vc_row_inner][vc_column_inner offset=&#8220;vc_col-lg-6 vc_col-md-6 vc_col-xs-12&#8243; css=&#8220;.vc_custom_1480573399082{margin-bottom: 25px !important;}&#8220;][vc_column_text]Gegr\u00fcndet auf Mallorca, etabliert in Spanien und dar\u00fcber hinaus erfolgreich in Deutschland. Die Homes &amp; Holiday AG mit ihren Tochtergesellschaften Porta Mondial und Porta Holiday ist der einzige Franchiseanbieter, der sich auf Ferienimmobilien spezialisiert hat.<\/p>\n<p>Wir kennen die Branche, wissen worauf es ankommt und bieten unseren Kunden ein <strong>Rund-um-Sorglos Paket f\u00fcr ihre Ferienimmobilie<\/strong>: Vom Kauf, \u00fcber die Ferienvermietung bis hin zur Einbindung von Property Management. Ideal f\u00fcr K\u00e4ufer und Eigent\u00fcmer, die ihre Ferienimmobilie in den besten H\u00e4nden wissen m\u00f6chten.<\/p>\n<p>Unsere Kunden, Franchisepartner und die Homes &amp; Holiday AG profitieren von den Synergien sowie den Cross-Selling Potenzialen innerhalb unseres Netzwerks. Eine win-win-win Situation f\u00fcr alle Beteiligte.<\/p>\n<p>Erfahren Sie hier mehr \u00fcber unser <a href=\"https:\/\/www.homes-holiday.com\/de\/leitbild\/\">Leitbild<\/a> und <a href=\"https:\/\/www.homes-holiday.com\/de\/team\/\">Team<\/a>.[\/vc_column_text][\/vc_column_inner][vc_column_inner offset=&#8220;vc_col-lg-6 vc_col-md-6 vc_col-xs-12&#8243; css=&#8220;.vc_custom_1480573412346{margin-bottom: 25px !important;}&#8220;][vc_single_image image=&#8220;9081&#8243; img_size=&#8220;large&#8220;][\/vc_column_inner][\/vc_row_inner][\/vc_column][\/vc_row]<\/p>\n","protected":false},"excerpt":{"rendered":"<p>[vc_row][vc_column css=&#8220;.vc_custom_1480573140574{padding-top: 80px !important;padding-bottom: 65px !important;}&#8220;][vc_row_inner][vc_column_inner offset=&#8220;vc_col-lg-6 vc_col-md-6 vc_col-xs-12&#8243; css=&#8220;.vc_custom_1480573399082{margin-bottom: 25px !important;}&#8220;][vc_column_text]Gegr\u00fcndet auf Mallorca, etabliert in Spanien und dar\u00fcber hinaus erfolgreich in Deutschland. Die Homes &amp; Holiday AG mit ihren Tochtergesellschaften Porta Mondial und Porta Holiday ist der einzige Franchiseanbieter, der sich auf Ferienimmobilien spezialisiert hat. Wir kennen die Branche, wissen worauf es ankommt und&hellip; <a class=\"read-more\" href=\"https:\/\/www.homes-holiday.com\/de\/unternehmen\/\" title=\"Read Unternehmen\">Read more &raquo;<\/a><\/p>\n","protected":false},"author":1,"featured_media":0,"parent":0,"menu_order":31,"comment_status":"closed","ping_status":"closed","template":"templates\/page-vc_compatible.php","meta":{"footnotes":""},"class_list":["post-8559","page","type-page","status-publish","hentry"],"yoast_head":"<!-- This site is optimized with the Yoast SEO plugin v23.7 - https:\/\/yoast.com\/wordpress\/plugins\/seo\/ -->\n<title>Unternehmen - Homes &amp; Holiday AG<\/title>\n<meta name=\"robots\" content=\"index, follow, max-snippet:-1, max-image-preview:large, max-video-preview:-1\" \/>\n<link rel=\"canonical\" href=\"https:\/\/www.homes-holiday.com\/de\/unternehmen\/\" \/>\n<meta property=\"og:locale\" content=\"de_DE\" \/>\n<meta property=\"og:type\" content=\"article\" \/>\n<meta property=\"og:title\" content=\"Unternehmen - Homes &amp; Holiday AG\" \/>\n<meta property=\"og:description\" content=\"[vc_row][vc_column css=&#8220;.vc_custom_1480573140574{padding-top: 80px !important;padding-bottom: 65px !important;}&#8220;][vc_row_inner][vc_column_inner offset=&#8220;vc_col-lg-6 vc_col-md-6 vc_col-xs-12&#8243; css=&#8220;.vc_custom_1480573399082{margin-bottom: 25px !important;}&#8220;][vc_column_text]Gegr\u00fcndet auf Mallorca, etabliert in Spanien und dar\u00fcber hinaus erfolgreich in Deutschland. Die Homes &amp; Holiday AG mit ihren Tochtergesellschaften Porta Mondial und Porta Holiday ist der einzige Franchiseanbieter, der sich auf Ferienimmobilien spezialisiert hat. Wir kennen die Branche, wissen worauf es ankommt und&hellip; Read more &raquo;\" \/>\n<meta property=\"og:url\" content=\"https:\/\/www.homes-holiday.com\/de\/unternehmen\/\" \/>\n<meta property=\"og:site_name\" content=\"Homes &amp; Holiday AG\" \/>\n<meta property=\"article:modified_time\" content=\"2024-10-20T13:44:21+00:00\" \/>\n<meta name=\"twitter:card\" content=\"summary_large_image\" \/>\n<meta name=\"twitter:label1\" content=\"Gesch\u00e4tzte Lesezeit\" \/>\n\t<meta name=\"twitter:data1\" content=\"1\u00a0Minute\" \/>\n<script type=\"application\/ld+json\" class=\"yoast-schema-graph\">{\"@context\":\"https:\/\/schema.org\",\"@graph\":[{\"@type\":\"WebPage\",\"@id\":\"https:\/\/www.homes-holiday.com\/de\/unternehmen\/\",\"url\":\"https:\/\/www.homes-holiday.com\/de\/unternehmen\/\",\"name\":\"Unternehmen - Homes &amp; Holiday AG\",\"isPartOf\":{\"@id\":\"https:\/\/www.homes-holiday.com\/de\/#website\"},\"datePublished\":\"2017-09-20T09:46:15+00:00\",\"dateModified\":\"2024-10-20T13:44:21+00:00\",\"breadcrumb\":{\"@id\":\"https:\/\/www.homes-holiday.com\/de\/unternehmen\/#breadcrumb\"},\"inLanguage\":\"de\",\"potentialAction\":[{\"@type\":\"ReadAction\",\"target\":[\"https:\/\/www.homes-holiday.com\/de\/unternehmen\/\"]}]},{\"@type\":\"BreadcrumbList\",\"@id\":\"https:\/\/www.homes-holiday.com\/de\/unternehmen\/#breadcrumb\",\"itemListElement\":[{\"@type\":\"ListItem\",\"position\":1,\"name\":\"Startseite\",\"item\":\"https:\/\/www.homes-holiday.com\/de\/\"},{\"@type\":\"ListItem\",\"position\":2,\"name\":\"Unternehmen\"}]},{\"@type\":\"WebSite\",\"@id\":\"https:\/\/www.homes-holiday.com\/de\/#website\",\"url\":\"https:\/\/www.homes-holiday.com\/de\/\",\"name\":\"Homes &amp; Holiday AG\",\"description\":\"\",\"potentialAction\":[{\"@type\":\"SearchAction\",\"target\":{\"@type\":\"EntryPoint\",\"urlTemplate\":\"https:\/\/www.homes-holiday.com\/de\/?s={search_term_string}\"},\"query-input\":{\"@type\":\"PropertyValueSpecification\",\"valueRequired\":true,\"valueName\":\"search_term_string\"}}],\"inLanguage\":\"de\"}]}<\/script>\n<!-- \/ Yoast SEO plugin. -->","yoast_head_json":{"title":"Unternehmen - Homes &amp; Holiday AG","robots":{"index":"index","follow":"follow","max-snippet":"max-snippet:-1","max-image-preview":"max-image-preview:large","max-video-preview":"max-video-preview:-1"},"canonical":"https:\/\/www.homes-holiday.com\/de\/unternehmen\/","og_locale":"de_DE","og_type":"article","og_title":"Unternehmen - Homes &amp; Holiday AG","og_description":"[vc_row][vc_column css=&#8220;.vc_custom_1480573140574{padding-top: 80px !important;padding-bottom: 65px !important;}&#8220;][vc_row_inner][vc_column_inner offset=&#8220;vc_col-lg-6 vc_col-md-6 vc_col-xs-12&#8243; css=&#8220;.vc_custom_1480573399082{margin-bottom: 25px !important;}&#8220;][vc_column_text]Gegr\u00fcndet auf Mallorca, etabliert in Spanien und dar\u00fcber hinaus erfolgreich in Deutschland. Die Homes &amp; Holiday AG mit ihren Tochtergesellschaften Porta Mondial und Porta Holiday ist der einzige Franchiseanbieter, der sich auf Ferienimmobilien spezialisiert hat. Wir kennen die Branche, wissen worauf es ankommt und&hellip; Read more &raquo;","og_url":"https:\/\/www.homes-holiday.com\/de\/unternehmen\/","og_site_name":"Homes &amp; Holiday AG","article_modified_time":"2024-10-20T13:44:21+00:00","twitter_card":"summary_large_image","twitter_misc":{"Gesch\u00e4tzte Lesezeit":"1\u00a0Minute"},"schema":{"@context":"https:\/\/schema.org","@graph":[{"@type":"WebPage","@id":"https:\/\/www.homes-holiday.com\/de\/unternehmen\/","url":"https:\/\/www.homes-holiday.com\/de\/unternehmen\/","name":"Unternehmen - Homes &amp; Holiday AG","isPartOf":{"@id":"https:\/\/www.homes-holiday.com\/de\/#website"},"datePublished":"2017-09-20T09:46:15+00:00","dateModified":"2024-10-20T13:44:21+00:00","breadcrumb":{"@id":"https:\/\/www.homes-holiday.com\/de\/unternehmen\/#breadcrumb"},"inLanguage":"de","potentialAction":[{"@type":"ReadAction","target":["https:\/\/www.homes-holiday.com\/de\/unternehmen\/"]}]},{"@type":"BreadcrumbList","@id":"https:\/\/www.homes-holiday.com\/de\/unternehmen\/#breadcrumb","itemListElement":[{"@type":"ListItem","position":1,"name":"Startseite","item":"https:\/\/www.homes-holiday.com\/de\/"},{"@type":"ListItem","position":2,"name":"Unternehmen"}]},{"@type":"WebSite","@id":"https:\/\/www.homes-holiday.com\/de\/#website","url":"https:\/\/www.homes-holiday.com\/de\/","name":"Homes &amp; Holiday AG","description":"","potentialAction":[{"@type":"SearchAction","target":{"@type":"EntryPoint","urlTemplate":"https:\/\/www.homes-holiday.com\/de\/?s={search_term_string}"},"query-input":{"@type":"PropertyValueSpecification","valueRequired":true,"valueName":"search_term_string"}}],"inLanguage":"de"}]}},"_links":{"self":[{"href":"https:\/\/www.homes-holiday.com\/de\/wp-json\/wp\/v2\/pages\/8559"}],"collection":[{"href":"https:\/\/www.homes-holiday.com\/de\/wp-json\/wp\/v2\/pages"}],"about":[{"href":"https:\/\/www.homes-holiday.com\/de\/wp-json\/wp\/v2\/types\/page"}],"author":[{"embeddable":true,"href":"https:\/\/www.homes-holiday.com\/de\/wp-json\/wp\/v2\/users\/1"}],"replies":[{"embeddable":true,"href":"https:\/\/www.homes-holiday.com\/de\/wp-json\/wp\/v2\/comments?post=8559"}],"version-history":[{"count":10,"href":"https:\/\/www.homes-holiday.com\/de\/wp-json\/wp\/v2\/pages\/8559\/revisions"}],"predecessor-version":[{"id":11880,"href":"https:\/\/www.homes-holiday.com\/de\/wp-json\/wp\/v2\/pages\/8559\/revisions\/11880"}],"wp:attachment":[{"href":"https:\/\/www.homes-holiday.com\/de\/wp-json\/wp\/v2\/media?parent=8559"}],"curies":[{"name":"wp","href":"https:\/\/api.w.org\/{rel}","templated":true}]}}