{"id":8522,"date":"2017-09-15T12:02:07","date_gmt":"2017-09-15T10:02:07","guid":{"rendered":"https:\/\/www.portamondialgroup.com\/?page_id=8522"},"modified":"2024-10-24T12:08:45","modified_gmt":"2024-10-24T10:08:45","slug":"porta-holiday","status":"publish","type":"page","link":"https:\/\/www.homes-holiday.com\/de\/porta-holiday\/","title":{"rendered":"Porta Holiday"},"content":{"rendered":"<p>[vc_row][vc_column css=&#8220;.vc_custom_1480573140574{padding-top: 80px !important;padding-bottom: 65px !important;}&#8220;][vc_row_inner][vc_column_inner offset=&#8220;vc_col-lg-9 vc_col-md-8 vc_col-xs-12&#8243; css=&#8220;.vc_custom_1506338697500{margin-bottom: 25px !important;}&#8220;][vc_column_text]Mit Porta Holiday hat die Homes &amp; Holiday AG als erstes Franchisesystem die klassische Immobilienvermittlung mit Ferienvermietung kombiniert. Urlaub \u00e0 la carte im Ferienhaus ist ein boomendes Marktsegment.<\/p>\n<p>Porta Holiday ist unsere erfolgreiche Marke f\u00fcr Ferienvermietung mit einem Angebot von \u00fcber 6.000 Fincas, Ferienh\u00e4usern und Ferienwohnungen auf Mallorca.<\/p>\n<p>Mit rund 6.000 Fincas, Villen und Ferienh\u00e4usern auf Mallorca steigt Porta Holiday zur Nummer 2 der Ferienvermittlungsgesellschaften auf Mallorca auf.[\/vc_column_text]\t<a href=\"https:\/\/www.portaholiday.de\" title=\"Porta Holiday\" target=\" _blank\" class=\"pgs_btn pgs_btn_style_1 pgs_btn_sm\">\n\t\t<span>\n\t\t\tportaholiday.de\t\t<\/span>\n\t\t\t\t<i class=\"fa fa-external-link\"><\/i>\n\t\t\t<\/a>\n\t[\/vc_column_inner][vc_column_inner offset=&#8220;vc_col-lg-3 vc_col-md-4 vc_col-xs-12&#8243; css=&#8220;.vc_custom_1506338684281{margin-bottom: 25px !important;}&#8220;][vc_single_image image=&#8220;9257&#8243; img_size=&#8220;large&#8220;][\/vc_column_inner][\/vc_row_inner][\/vc_column][\/vc_row][vc_row css=&#8220;.vc_custom_1507463971267{margin-bottom: 80px !important;}&#8220;][vc_column]        <div class=\"section-title-1 text-center\">\n            <h2 class=\"text-blue\">Video der Porta Holiday<\/h2>\n            <div class=\"title-line\"><\/div>\n\t\t\t\t\t\t\t<p>Fincaurlaub auf Mallorca<\/p>\n\t\t\t\t        <\/div>\n        [vc_video link=&#8220;https:\/\/www.youtube.com\/watch?v=iLHknehX6KY&#8220;][\/vc_column][\/vc_row]<\/p>\n","protected":false},"excerpt":{"rendered":"<p>[vc_row][vc_column css=&#8220;.vc_custom_1480573140574{padding-top: 80px !important;padding-bottom: 65px !important;}&#8220;][vc_row_inner][vc_column_inner offset=&#8220;vc_col-lg-9 vc_col-md-8 vc_col-xs-12&#8243; css=&#8220;.vc_custom_1506338697500{margin-bottom: 25px !important;}&#8220;][vc_column_text]Mit Porta Holiday hat die Homes &amp; Holiday AG als erstes Franchisesystem die klassische Immobilienvermittlung mit Ferienvermietung kombiniert. Urlaub \u00e0 la carte im Ferienhaus ist ein boomendes Marktsegment. Porta Holiday ist unsere erfolgreiche Marke f\u00fcr Ferienvermietung mit einem Angebot von \u00fcber 6.000 Fincas, Ferienh\u00e4usern&hellip; <a class=\"read-more\" href=\"https:\/\/www.homes-holiday.com\/de\/porta-holiday\/\" title=\"Read Porta Holiday\">Read more &raquo;<\/a><\/p>\n","protected":false},"author":1,"featured_media":0,"parent":0,"menu_order":31,"comment_status":"closed","ping_status":"closed","template":"templates\/page-vc_compatible.php","meta":{"footnotes":""},"class_list":["post-8522","page","type-page","status-publish","hentry"],"yoast_head":"<!-- This site is optimized with the Yoast SEO plugin v23.7 - https:\/\/yoast.com\/wordpress\/plugins\/seo\/ -->\n<title>Porta Holiday - Homes &amp; Holiday AG<\/title>\n<meta name=\"robots\" content=\"index, follow, max-snippet:-1, max-image-preview:large, max-video-preview:-1\" \/>\n<link rel=\"canonical\" href=\"https:\/\/www.homes-holiday.com\/de\/porta-holiday\/\" \/>\n<meta property=\"og:locale\" content=\"de_DE\" \/>\n<meta property=\"og:type\" content=\"article\" \/>\n<meta property=\"og:title\" content=\"Porta Holiday - Homes &amp; Holiday AG\" \/>\n<meta property=\"og:description\" content=\"[vc_row][vc_column css=&#8220;.vc_custom_1480573140574{padding-top: 80px !important;padding-bottom: 65px !important;}&#8220;][vc_row_inner][vc_column_inner offset=&#8220;vc_col-lg-9 vc_col-md-8 vc_col-xs-12&#8243; css=&#8220;.vc_custom_1506338697500{margin-bottom: 25px !important;}&#8220;][vc_column_text]Mit Porta Holiday hat die Homes &amp; Holiday AG als erstes Franchisesystem die klassische Immobilienvermittlung mit Ferienvermietung kombiniert. Urlaub \u00e0 la carte im Ferienhaus ist ein boomendes Marktsegment. Porta Holiday ist unsere erfolgreiche Marke f\u00fcr Ferienvermietung mit einem Angebot von \u00fcber 6.000 Fincas, Ferienh\u00e4usern&hellip; Read more &raquo;\" \/>\n<meta property=\"og:url\" content=\"https:\/\/www.homes-holiday.com\/de\/porta-holiday\/\" \/>\n<meta property=\"og:site_name\" content=\"Homes &amp; Holiday AG\" \/>\n<meta property=\"article:modified_time\" content=\"2024-10-24T10:08:45+00:00\" \/>\n<meta name=\"twitter:card\" content=\"summary_large_image\" \/>\n<meta name=\"twitter:label1\" content=\"Gesch\u00e4tzte Lesezeit\" \/>\n\t<meta name=\"twitter:data1\" content=\"1\u00a0Minute\" \/>\n<script type=\"application\/ld+json\" class=\"yoast-schema-graph\">{\"@context\":\"https:\/\/schema.org\",\"@graph\":[{\"@type\":\"WebPage\",\"@id\":\"https:\/\/www.homes-holiday.com\/de\/porta-holiday\/\",\"url\":\"https:\/\/www.homes-holiday.com\/de\/porta-holiday\/\",\"name\":\"Porta Holiday - Homes &amp; Holiday AG\",\"isPartOf\":{\"@id\":\"https:\/\/www.homes-holiday.com\/de\/#website\"},\"datePublished\":\"2017-09-15T10:02:07+00:00\",\"dateModified\":\"2024-10-24T10:08:45+00:00\",\"breadcrumb\":{\"@id\":\"https:\/\/www.homes-holiday.com\/de\/porta-holiday\/#breadcrumb\"},\"inLanguage\":\"de\",\"potentialAction\":[{\"@type\":\"ReadAction\",\"target\":[\"https:\/\/www.homes-holiday.com\/de\/porta-holiday\/\"]}]},{\"@type\":\"BreadcrumbList\",\"@id\":\"https:\/\/www.homes-holiday.com\/de\/porta-holiday\/#breadcrumb\",\"itemListElement\":[{\"@type\":\"ListItem\",\"position\":1,\"name\":\"Startseite\",\"item\":\"https:\/\/www.homes-holiday.com\/de\/\"},{\"@type\":\"ListItem\",\"position\":2,\"name\":\"Porta Holiday\"}]},{\"@type\":\"WebSite\",\"@id\":\"https:\/\/www.homes-holiday.com\/de\/#website\",\"url\":\"https:\/\/www.homes-holiday.com\/de\/\",\"name\":\"Homes &amp; Holiday AG\",\"description\":\"\",\"potentialAction\":[{\"@type\":\"SearchAction\",\"target\":{\"@type\":\"EntryPoint\",\"urlTemplate\":\"https:\/\/www.homes-holiday.com\/de\/?s={search_term_string}\"},\"query-input\":{\"@type\":\"PropertyValueSpecification\",\"valueRequired\":true,\"valueName\":\"search_term_string\"}}],\"inLanguage\":\"de\"}]}<\/script>\n<!-- \/ Yoast SEO plugin. -->","yoast_head_json":{"title":"Porta Holiday - Homes &amp; Holiday AG","robots":{"index":"index","follow":"follow","max-snippet":"max-snippet:-1","max-image-preview":"max-image-preview:large","max-video-preview":"max-video-preview:-1"},"canonical":"https:\/\/www.homes-holiday.com\/de\/porta-holiday\/","og_locale":"de_DE","og_type":"article","og_title":"Porta Holiday - Homes &amp; Holiday AG","og_description":"[vc_row][vc_column css=&#8220;.vc_custom_1480573140574{padding-top: 80px !important;padding-bottom: 65px !important;}&#8220;][vc_row_inner][vc_column_inner offset=&#8220;vc_col-lg-9 vc_col-md-8 vc_col-xs-12&#8243; css=&#8220;.vc_custom_1506338697500{margin-bottom: 25px !important;}&#8220;][vc_column_text]Mit Porta Holiday hat die Homes &amp; Holiday AG als erstes Franchisesystem die klassische Immobilienvermittlung mit Ferienvermietung kombiniert. Urlaub \u00e0 la carte im Ferienhaus ist ein boomendes Marktsegment. Porta Holiday ist unsere erfolgreiche Marke f\u00fcr Ferienvermietung mit einem Angebot von \u00fcber 6.000 Fincas, Ferienh\u00e4usern&hellip; Read more &raquo;","og_url":"https:\/\/www.homes-holiday.com\/de\/porta-holiday\/","og_site_name":"Homes &amp; Holiday AG","article_modified_time":"2024-10-24T10:08:45+00:00","twitter_card":"summary_large_image","twitter_misc":{"Gesch\u00e4tzte Lesezeit":"1\u00a0Minute"},"schema":{"@context":"https:\/\/schema.org","@graph":[{"@type":"WebPage","@id":"https:\/\/www.homes-holiday.com\/de\/porta-holiday\/","url":"https:\/\/www.homes-holiday.com\/de\/porta-holiday\/","name":"Porta Holiday - Homes &amp; Holiday AG","isPartOf":{"@id":"https:\/\/www.homes-holiday.com\/de\/#website"},"datePublished":"2017-09-15T10:02:07+00:00","dateModified":"2024-10-24T10:08:45+00:00","breadcrumb":{"@id":"https:\/\/www.homes-holiday.com\/de\/porta-holiday\/#breadcrumb"},"inLanguage":"de","potentialAction":[{"@type":"ReadAction","target":["https:\/\/www.homes-holiday.com\/de\/porta-holiday\/"]}]},{"@type":"BreadcrumbList","@id":"https:\/\/www.homes-holiday.com\/de\/porta-holiday\/#breadcrumb","itemListElement":[{"@type":"ListItem","position":1,"name":"Startseite","item":"https:\/\/www.homes-holiday.com\/de\/"},{"@type":"ListItem","position":2,"name":"Porta Holiday"}]},{"@type":"WebSite","@id":"https:\/\/www.homes-holiday.com\/de\/#website","url":"https:\/\/www.homes-holiday.com\/de\/","name":"Homes &amp; Holiday AG","description":"","potentialAction":[{"@type":"SearchAction","target":{"@type":"EntryPoint","urlTemplate":"https:\/\/www.homes-holiday.com\/de\/?s={search_term_string}"},"query-input":{"@type":"PropertyValueSpecification","valueRequired":true,"valueName":"search_term_string"}}],"inLanguage":"de"}]}},"_links":{"self":[{"href":"https:\/\/www.homes-holiday.com\/de\/wp-json\/wp\/v2\/pages\/8522"}],"collection":[{"href":"https:\/\/www.homes-holiday.com\/de\/wp-json\/wp\/v2\/pages"}],"about":[{"href":"https:\/\/www.homes-holiday.com\/de\/wp-json\/wp\/v2\/types\/page"}],"author":[{"embeddable":true,"href":"https:\/\/www.homes-holiday.com\/de\/wp-json\/wp\/v2\/users\/1"}],"replies":[{"embeddable":true,"href":"https:\/\/www.homes-holiday.com\/de\/wp-json\/wp\/v2\/comments?post=8522"}],"version-history":[{"count":10,"href":"https:\/\/www.homes-holiday.com\/de\/wp-json\/wp\/v2\/pages\/8522\/revisions"}],"predecessor-version":[{"id":11903,"href":"https:\/\/www.homes-holiday.com\/de\/wp-json\/wp\/v2\/pages\/8522\/revisions\/11903"}],"wp:attachment":[{"href":"https:\/\/www.homes-holiday.com\/de\/wp-json\/wp\/v2\/media?parent=8522"}],"curies":[{"name":"wp","href":"https:\/\/api.w.org\/{rel}","templated":true}]}}