{"id":8484,"date":"2017-09-13T14:06:39","date_gmt":"2017-09-13T12:06:39","guid":{"rendered":"https:\/\/www.portamondialgroup.com\/?page_id=8484"},"modified":"2024-10-24T12:05:47","modified_gmt":"2024-10-24T10:05:47","slug":"porta-mondial","status":"publish","type":"page","link":"https:\/\/www.homes-holiday.com\/de\/porta-mondial\/","title":{"rendered":"Porta Mondial"},"content":{"rendered":"<p>[vc_row][vc_column css=&#8220;.vc_custom_1480573140574{padding-top: 80px !important;padding-bottom: 65px !important;}&#8220;][vc_row_inner][vc_column_inner offset=&#8220;vc_col-lg-9 vc_col-md-8 vc_col-xs-12&#8243; css=&#8220;.vc_custom_1506431131574{margin-bottom: 25px !important;}&#8220;][vc_column_text]Als Spezialist f\u00fcr Ferienimmobilien verf\u00fcgen wir \u00fcber ein umfassendes Portfolio an traumhaften Villen, Fincas, H\u00e4usern und Apartments an den sch\u00f6nsten Urlaubsorten der spanischen Inseln.<\/p>\n<p>Unser internationales Beraterteam, das \u00fcber 10 Sprachen muttersprachlich beherrscht, betreut Sie kompetent und diskret rund um den Kauf bzw. Verkauf Ihrer Immobilie. Wir vermitteln seri\u00f6se Finanzierungsberater, erfahrene Architekten und k\u00fcmmern uns auf Ihren Wunsch auch um die Vermietung und die Betreuung Ihrer Ferienimmobilie.[\/vc_column_text][\/vc_column_inner][vc_column_inner offset=&#8220;vc_col-lg-3 vc_col-md-4 vc_col-xs-12&#8243; css=&#8220;.vc_custom_1506431152804{margin-bottom: 25px !important;}&#8220;][vc_single_image image=&#8220;9609&#8243; img_size=&#8220;large&#8220;][\/vc_column_inner][\/vc_row_inner][\/vc_column][\/vc_row][vc_row tc_enable_overlay=&#8220;true&#8220; css=&#8220;.vc_custom_1507464092748{padding-bottom: 20px !important;}&#8220;][vc_column]        <div class=\"section-title-1 text-center\">\n            <h2 class=\"text-blue\">Unsere Immobilienmarken<\/h2>\n            <div class=\"title-line\"><\/div>\n\t\t\t\t\t\t\t<p>Regionale Expertise. Internationales Netzwerk.<\/p>\n\t\t\t\t        <\/div>\n        [\/vc_column][\/vc_row][vc_row css=&#8220;.vc_custom_1506443381748{margin-top: 30px !important;margin-bottom: 30px !important;}&#8220;][vc_column width=&#8220;1\/4&#8243;][vc_single_image image=&#8220;9591&#8243; img_size=&#8220;large&#8220; onclick=&#8220;custom_link&#8220; img_link_target=&#8220;_blank&#8220; link=&#8220;https:\/\/www.portamondial.com\/de\/&#8220;][\/vc_column][vc_column width=&#8220;1\/4&#8243; css=&#8220;.vc_custom_1510679195755{margin-bottom: 10px !important;}&#8220;][vc_single_image image=&#8220;9609&#8243; img_size=&#8220;large&#8220; onclick=&#8220;custom_link&#8220; img_link_target=&#8220;_blank&#8220; link=&#8220;https:\/\/www.portamondial.com\/de\/&#8220;][\/vc_column][vc_column width=&#8220;1\/2&#8243;][vc_column_text]Porta Mondial ist die Dachmarke f\u00fcr spanische Ferienimmobilienm\u00e4rkte au\u00dferhalb Mallorcas. Auf unserem Immobilienportal finden Sie unser aktuelles Portfolio. Informieren Sie sich unverbindlich und lassen Sie sich von unseren erfahrenen Immobilienprofis vor Ort beraten.[\/vc_column_text][\/vc_column][\/vc_row][vc_row css=&#8220;.vc_custom_1506501530617{margin-bottom: 30px !important;}&#8220;][vc_column width=&#8220;1\/4&#8243;][vc_single_image image=&#8220;9595&#8243; img_size=&#8220;large&#8220; onclick=&#8220;custom_link&#8220; img_link_target=&#8220;_blank&#8220; link=&#8220;https:\/\/www.porta-mallorquina.de&#8220;][\/vc_column][vc_column width=&#8220;1\/4&#8243; css=&#8220;.vc_custom_1510679232419{margin-bottom: 10px !important;}&#8220;][vc_single_image image=&#8220;9611&#8243; img_size=&#8220;large&#8220; onclick=&#8220;custom_link&#8220; img_link_target=&#8220;_blank&#8220; link=&#8220;https:\/\/www.porta-mallorquina.de&#8220;][\/vc_column][vc_column width=&#8220;1\/2&#8243;][vc_column_text]Exklusive Immobilien auf Mallorca zum Kauf und Langzeitvermietung \u2013 darauf haben wir uns spezialisiert. Unser Angebot von mehr als 1500 Ferienimmobilien wird Sie begeistern: mit mallorquinischem Charme, luxuri\u00f6sem Ambiente und mediterranem Charakter.<\/p>\n<p>Porta Mallorquina Immobilienshops: Alaro, Art\u00e0, Llucmajor, Palma, Puerto Andratx, Son Veri Nou und Santany\u00ec.[\/vc_column_text][\/vc_column][\/vc_row]<\/p>\n","protected":false},"excerpt":{"rendered":"<p>[vc_row][vc_column css=&#8220;.vc_custom_1480573140574{padding-top: 80px !important;padding-bottom: 65px !important;}&#8220;][vc_row_inner][vc_column_inner offset=&#8220;vc_col-lg-9 vc_col-md-8 vc_col-xs-12&#8243; css=&#8220;.vc_custom_1506431131574{margin-bottom: 25px !important;}&#8220;][vc_column_text]Als Spezialist f\u00fcr Ferienimmobilien verf\u00fcgen wir \u00fcber ein umfassendes Portfolio an traumhaften Villen, Fincas, H\u00e4usern und Apartments an den sch\u00f6nsten Urlaubsorten der spanischen Inseln. Unser internationales Beraterteam, das \u00fcber 10 Sprachen muttersprachlich beherrscht, betreut Sie kompetent und diskret rund um den Kauf bzw. Verkauf&hellip; <a class=\"read-more\" href=\"https:\/\/www.homes-holiday.com\/de\/porta-mondial\/\" title=\"Read Porta Mondial\">Read more &raquo;<\/a><\/p>\n","protected":false},"author":1,"featured_media":0,"parent":0,"menu_order":31,"comment_status":"closed","ping_status":"closed","template":"templates\/page-vc_compatible.php","meta":{"footnotes":""},"class_list":["post-8484","page","type-page","status-publish","hentry"],"yoast_head":"<!-- This site is optimized with the Yoast SEO plugin v23.7 - https:\/\/yoast.com\/wordpress\/plugins\/seo\/ -->\n<title>Porta Mondial - Homes &amp; Holiday AG<\/title>\n<meta name=\"robots\" content=\"index, follow, max-snippet:-1, max-image-preview:large, max-video-preview:-1\" \/>\n<link rel=\"canonical\" href=\"https:\/\/www.homes-holiday.com\/de\/porta-mondial\/\" \/>\n<meta property=\"og:locale\" content=\"de_DE\" \/>\n<meta property=\"og:type\" content=\"article\" \/>\n<meta property=\"og:title\" content=\"Porta Mondial - Homes &amp; Holiday AG\" \/>\n<meta property=\"og:description\" content=\"[vc_row][vc_column css=&#8220;.vc_custom_1480573140574{padding-top: 80px !important;padding-bottom: 65px !important;}&#8220;][vc_row_inner][vc_column_inner offset=&#8220;vc_col-lg-9 vc_col-md-8 vc_col-xs-12&#8243; css=&#8220;.vc_custom_1506431131574{margin-bottom: 25px !important;}&#8220;][vc_column_text]Als Spezialist f\u00fcr Ferienimmobilien verf\u00fcgen wir \u00fcber ein umfassendes Portfolio an traumhaften Villen, Fincas, H\u00e4usern und Apartments an den sch\u00f6nsten Urlaubsorten der spanischen Inseln. Unser internationales Beraterteam, das \u00fcber 10 Sprachen muttersprachlich beherrscht, betreut Sie kompetent und diskret rund um den Kauf bzw. Verkauf&hellip; Read more &raquo;\" \/>\n<meta property=\"og:url\" content=\"https:\/\/www.homes-holiday.com\/de\/porta-mondial\/\" \/>\n<meta property=\"og:site_name\" content=\"Homes &amp; Holiday AG\" \/>\n<meta property=\"article:modified_time\" content=\"2024-10-24T10:05:47+00:00\" \/>\n<meta name=\"twitter:card\" content=\"summary_large_image\" \/>\n<meta name=\"twitter:label1\" content=\"Gesch\u00e4tzte Lesezeit\" \/>\n\t<meta name=\"twitter:data1\" content=\"2\u00a0Minuten\" \/>\n<script type=\"application\/ld+json\" class=\"yoast-schema-graph\">{\"@context\":\"https:\/\/schema.org\",\"@graph\":[{\"@type\":\"WebPage\",\"@id\":\"https:\/\/www.homes-holiday.com\/de\/porta-mondial\/\",\"url\":\"https:\/\/www.homes-holiday.com\/de\/porta-mondial\/\",\"name\":\"Porta Mondial - Homes &amp; Holiday AG\",\"isPartOf\":{\"@id\":\"https:\/\/www.homes-holiday.com\/de\/#website\"},\"datePublished\":\"2017-09-13T12:06:39+00:00\",\"dateModified\":\"2024-10-24T10:05:47+00:00\",\"breadcrumb\":{\"@id\":\"https:\/\/www.homes-holiday.com\/de\/porta-mondial\/#breadcrumb\"},\"inLanguage\":\"de\",\"potentialAction\":[{\"@type\":\"ReadAction\",\"target\":[\"https:\/\/www.homes-holiday.com\/de\/porta-mondial\/\"]}]},{\"@type\":\"BreadcrumbList\",\"@id\":\"https:\/\/www.homes-holiday.com\/de\/porta-mondial\/#breadcrumb\",\"itemListElement\":[{\"@type\":\"ListItem\",\"position\":1,\"name\":\"Startseite\",\"item\":\"https:\/\/www.homes-holiday.com\/de\/\"},{\"@type\":\"ListItem\",\"position\":2,\"name\":\"Porta Mondial\"}]},{\"@type\":\"WebSite\",\"@id\":\"https:\/\/www.homes-holiday.com\/de\/#website\",\"url\":\"https:\/\/www.homes-holiday.com\/de\/\",\"name\":\"Homes &amp; Holiday AG\",\"description\":\"\",\"potentialAction\":[{\"@type\":\"SearchAction\",\"target\":{\"@type\":\"EntryPoint\",\"urlTemplate\":\"https:\/\/www.homes-holiday.com\/de\/?s={search_term_string}\"},\"query-input\":{\"@type\":\"PropertyValueSpecification\",\"valueRequired\":true,\"valueName\":\"search_term_string\"}}],\"inLanguage\":\"de\"}]}<\/script>\n<!-- \/ Yoast SEO plugin. -->","yoast_head_json":{"title":"Porta Mondial - Homes &amp; Holiday AG","robots":{"index":"index","follow":"follow","max-snippet":"max-snippet:-1","max-image-preview":"max-image-preview:large","max-video-preview":"max-video-preview:-1"},"canonical":"https:\/\/www.homes-holiday.com\/de\/porta-mondial\/","og_locale":"de_DE","og_type":"article","og_title":"Porta Mondial - Homes &amp; Holiday AG","og_description":"[vc_row][vc_column css=&#8220;.vc_custom_1480573140574{padding-top: 80px !important;padding-bottom: 65px !important;}&#8220;][vc_row_inner][vc_column_inner offset=&#8220;vc_col-lg-9 vc_col-md-8 vc_col-xs-12&#8243; css=&#8220;.vc_custom_1506431131574{margin-bottom: 25px !important;}&#8220;][vc_column_text]Als Spezialist f\u00fcr Ferienimmobilien verf\u00fcgen wir \u00fcber ein umfassendes Portfolio an traumhaften Villen, Fincas, H\u00e4usern und Apartments an den sch\u00f6nsten Urlaubsorten der spanischen Inseln. Unser internationales Beraterteam, das \u00fcber 10 Sprachen muttersprachlich beherrscht, betreut Sie kompetent und diskret rund um den Kauf bzw. Verkauf&hellip; Read more &raquo;","og_url":"https:\/\/www.homes-holiday.com\/de\/porta-mondial\/","og_site_name":"Homes &amp; Holiday AG","article_modified_time":"2024-10-24T10:05:47+00:00","twitter_card":"summary_large_image","twitter_misc":{"Gesch\u00e4tzte Lesezeit":"2\u00a0Minuten"},"schema":{"@context":"https:\/\/schema.org","@graph":[{"@type":"WebPage","@id":"https:\/\/www.homes-holiday.com\/de\/porta-mondial\/","url":"https:\/\/www.homes-holiday.com\/de\/porta-mondial\/","name":"Porta Mondial - Homes &amp; Holiday AG","isPartOf":{"@id":"https:\/\/www.homes-holiday.com\/de\/#website"},"datePublished":"2017-09-13T12:06:39+00:00","dateModified":"2024-10-24T10:05:47+00:00","breadcrumb":{"@id":"https:\/\/www.homes-holiday.com\/de\/porta-mondial\/#breadcrumb"},"inLanguage":"de","potentialAction":[{"@type":"ReadAction","target":["https:\/\/www.homes-holiday.com\/de\/porta-mondial\/"]}]},{"@type":"BreadcrumbList","@id":"https:\/\/www.homes-holiday.com\/de\/porta-mondial\/#breadcrumb","itemListElement":[{"@type":"ListItem","position":1,"name":"Startseite","item":"https:\/\/www.homes-holiday.com\/de\/"},{"@type":"ListItem","position":2,"name":"Porta Mondial"}]},{"@type":"WebSite","@id":"https:\/\/www.homes-holiday.com\/de\/#website","url":"https:\/\/www.homes-holiday.com\/de\/","name":"Homes &amp; Holiday AG","description":"","potentialAction":[{"@type":"SearchAction","target":{"@type":"EntryPoint","urlTemplate":"https:\/\/www.homes-holiday.com\/de\/?s={search_term_string}"},"query-input":{"@type":"PropertyValueSpecification","valueRequired":true,"valueName":"search_term_string"}}],"inLanguage":"de"}]}},"_links":{"self":[{"href":"https:\/\/www.homes-holiday.com\/de\/wp-json\/wp\/v2\/pages\/8484"}],"collection":[{"href":"https:\/\/www.homes-holiday.com\/de\/wp-json\/wp\/v2\/pages"}],"about":[{"href":"https:\/\/www.homes-holiday.com\/de\/wp-json\/wp\/v2\/types\/page"}],"author":[{"embeddable":true,"href":"https:\/\/www.homes-holiday.com\/de\/wp-json\/wp\/v2\/users\/1"}],"replies":[{"embeddable":true,"href":"https:\/\/www.homes-holiday.com\/de\/wp-json\/wp\/v2\/comments?post=8484"}],"version-history":[{"count":9,"href":"https:\/\/www.homes-holiday.com\/de\/wp-json\/wp\/v2\/pages\/8484\/revisions"}],"predecessor-version":[{"id":11902,"href":"https:\/\/www.homes-holiday.com\/de\/wp-json\/wp\/v2\/pages\/8484\/revisions\/11902"}],"wp:attachment":[{"href":"https:\/\/www.homes-holiday.com\/de\/wp-json\/wp\/v2\/media?parent=8484"}],"curies":[{"name":"wp","href":"https:\/\/api.w.org\/{rel}","templated":true}]}}