{"id":8476,"date":"2017-09-13T13:30:19","date_gmt":"2017-09-13T11:30:19","guid":{"rendered":"https:\/\/www.portamondialgroup.com\/?page_id=8476"},"modified":"2024-10-24T12:51:12","modified_gmt":"2024-10-24T10:51:12","slug":"marken","status":"publish","type":"page","link":"https:\/\/www.homes-holiday.com\/de\/marken\/","title":{"rendered":"Unsere Marken"},"content":{"rendered":"<p>[vc_row tc_enable_overlay=&#8220;true&#8220; css=&#8220;.vc_custom_1470834662463{padding-top: 80px !important;padding-bottom: 45px !important;}&#8220;][vc_column offset=&#8220;vc_col-xs-12&#8243;][vc_row_inner][vc_column_inner width=&#8220;1\/2&#8243; offset=&#8220;vc_col-lg-6 vc_col-md-12 vc_col-xs-12&#8243;][vc_column_text]Mit unserer Markenfamilie decken wir den kompletten Lebenszyklus rund um Immobilien ab. Von Kauf und Verkauf \u00fcber Langzeitmiete bis hin zur Ferienvermietung.<\/p>\n<p>Die Marken <strong>Porta Mallorquina<\/strong> und <strong>Porta Mondial<\/strong> z\u00e4hlen zu den bekanntesten Immobilienunternehmen auf den Balearen.[\/vc_column_text][\/vc_column_inner][vc_column_inner width=&#8220;1\/2&#8243;][vc_column_text]<strong>Porta Holiday <\/strong>ist unsere erfolgreiche Marke f\u00fcr Ferienvermietung mit einem Angebot von \u00fcber 6.000 Fincas, Ferienh\u00e4usern und Ferienwohnungen auf Mallorca.<\/p>\n<p>Buchen Sie hier direkt Ihren n\u00e4chsten Urlaub oder informieren Sie sich \u00fcber unsere umfassenden Dienstleistungen rund um Ferienimmobilien.[\/vc_column_text][\/vc_column_inner][\/vc_row_inner][vc_row_inner css=&#8220;.vc_custom_1470826805606{padding-top: 20px !important;}&#8220;][vc_column_inner el_class=&#8220;bottom-title&#8220; width=&#8220;1\/3&#8243; offset=&#8220;vc_col-lg-4 vc_col-md-4 vc_col-xs-12&#8243;][vc_single_image image=&#8220;9609&#8243; img_size=&#8220;large&#8220; alignment=&#8220;center&#8220; onclick=&#8220;custom_link&#8220; el_class=&#8220;ie-img&#8220; link=&#8220;https:\/\/www.portamondial.com\/de\/&#8220;][vc_column_text css=&#8220;.vc_custom_1729764103653{margin-top: 20px !important;}&#8220;]<\/p>\n<h3><a href=\"https:\/\/www.portamondial.com\/de\/\">Porta Mondial<\/a><\/h3>\n<p>Unsere Marke f\u00fcr spanische Ferienimmobilien au\u00dferhalb Mallorcas. Sie m\u00f6chten dort arbeiten, wo andere Urlaub machen? Aktuell suchen wir Franchisepartner f\u00fcr Menorca, die Kanaren und das spanische Festland.[\/vc_column_text][\/vc_column_inner][vc_column_inner el_class=&#8220;bottom-title&#8220; width=&#8220;1\/3&#8243; offset=&#8220;vc_col-lg-4 vc_col-md-4 vc_col-xs-12&#8243;][vc_single_image image=&#8220;9257&#8243; img_size=&#8220;full&#8220; alignment=&#8220;center&#8220; onclick=&#8220;custom_link&#8220; el_class=&#8220;ie-img&#8220; link=&#8220;https:\/\/www.portaholiday.de\/&#8220;][vc_column_text css=&#8220;.vc_custom_1729764056633{margin-top: 20px !important;}&#8220;]<\/p>\n<h3 class=\"text-back\"><a href=\"https:\/\/www.portaholiday.de\/\">Porta Holiday<\/a><\/h3>\n<p>Porta Holiday ist der Spezialist f\u00fcr Ferienvermietung. Mit ihrem Buchungsportal, pers\u00f6nlicher G\u00e4stebetreuung und einem umfassenden Leistungsspektrum f\u00fcr Eigent\u00fcmer, die mit ihrer Ferienimmobilie Geld verdienen m\u00f6chten.[\/vc_column_text][\/vc_column_inner][vc_column_inner el_class=&#8220;bottom-title&#8220; width=&#8220;1\/3&#8243; offset=&#8220;vc_col-lg-4 vc_col-md-4 vc_col-xs-12&#8243;][vc_single_image image=&#8220;9611&#8243; img_size=&#8220;large&#8220; alignment=&#8220;center&#8220; onclick=&#8220;custom_link&#8220; el_class=&#8220;ie-img&#8220; link=&#8220;https:\/\/www.porta-mallorquina.de&#8220;][vc_column_text css=&#8220;.vc_custom_1729764294295{margin-top: 20px !important;}&#8220;]<\/p>\n<h3 class=\"text-back\"><a href=\"https:\/\/www.porta-mallorquina.de\" target=\"_blank\" rel=\"noopener noreferrer\">Porta Mallorquina<\/a><\/h3>\n<p>Porta Mallorquina Real Estate z\u00e4hlt zu den gr\u00f6\u00dften Immobilienunternehmen Mallorcas.\u00a0 Sie finden Porta Mallorquina Immobilienshops in Alaro, Art\u00e0, Llucmajor, Palma, Puerto Andratx, Son Veri Nou und Santany\u00ec.[\/vc_column_text][\/vc_column_inner][\/vc_row_inner][\/vc_column][\/vc_row]<\/p>\n","protected":false},"excerpt":{"rendered":"<p>[vc_row tc_enable_overlay=&#8220;true&#8220; css=&#8220;.vc_custom_1470834662463{padding-top: 80px !important;padding-bottom: 45px !important;}&#8220;][vc_column offset=&#8220;vc_col-xs-12&#8243;][vc_row_inner][vc_column_inner width=&#8220;1\/2&#8243; offset=&#8220;vc_col-lg-6 vc_col-md-12 vc_col-xs-12&#8243;][vc_column_text]Mit unserer Markenfamilie decken wir den kompletten Lebenszyklus rund um Immobilien ab. Von Kauf und Verkauf \u00fcber Langzeitmiete bis hin zur Ferienvermietung. Die Marken Porta Mallorquina und Porta Mondial z\u00e4hlen zu den bekanntesten Immobilienunternehmen auf den Balearen.[\/vc_column_text][\/vc_column_inner][vc_column_inner width=&#8220;1\/2&#8243;][vc_column_text]Porta Holiday ist unsere erfolgreiche Marke f\u00fcr&hellip; <a class=\"read-more\" href=\"https:\/\/www.homes-holiday.com\/de\/marken\/\" title=\"Read Unsere Marken\">Read more &raquo;<\/a><\/p>\n","protected":false},"author":1,"featured_media":0,"parent":0,"menu_order":32,"comment_status":"closed","ping_status":"closed","template":"templates\/page-vc_compatible.php","meta":{"footnotes":""},"class_list":["post-8476","page","type-page","status-publish","hentry"],"yoast_head":"<!-- This site is optimized with the Yoast SEO plugin v23.7 - https:\/\/yoast.com\/wordpress\/plugins\/seo\/ -->\n<title>Unsere Marken - Homes &amp; Holiday AG<\/title>\n<meta name=\"robots\" content=\"index, follow, max-snippet:-1, max-image-preview:large, max-video-preview:-1\" \/>\n<link rel=\"canonical\" href=\"https:\/\/www.homes-holiday.com\/de\/marken\/\" \/>\n<meta property=\"og:locale\" content=\"de_DE\" \/>\n<meta property=\"og:type\" content=\"article\" \/>\n<meta property=\"og:title\" content=\"Unsere Marken - Homes &amp; Holiday AG\" \/>\n<meta property=\"og:description\" content=\"[vc_row tc_enable_overlay=&#8220;true&#8220; css=&#8220;.vc_custom_1470834662463{padding-top: 80px !important;padding-bottom: 45px !important;}&#8220;][vc_column offset=&#8220;vc_col-xs-12&#8243;][vc_row_inner][vc_column_inner width=&#8220;1\/2&#8243; offset=&#8220;vc_col-lg-6 vc_col-md-12 vc_col-xs-12&#8243;][vc_column_text]Mit unserer Markenfamilie decken wir den kompletten Lebenszyklus rund um Immobilien ab. Von Kauf und Verkauf \u00fcber Langzeitmiete bis hin zur Ferienvermietung. Die Marken Porta Mallorquina und Porta Mondial z\u00e4hlen zu den bekanntesten Immobilienunternehmen auf den Balearen.[\/vc_column_text][\/vc_column_inner][vc_column_inner width=&#8220;1\/2&#8243;][vc_column_text]Porta Holiday ist unsere erfolgreiche Marke f\u00fcr&hellip; Read more &raquo;\" \/>\n<meta property=\"og:url\" content=\"https:\/\/www.homes-holiday.com\/de\/marken\/\" \/>\n<meta property=\"og:site_name\" content=\"Homes &amp; Holiday AG\" \/>\n<meta property=\"article:modified_time\" content=\"2024-10-24T10:51:12+00:00\" \/>\n<meta name=\"twitter:card\" content=\"summary_large_image\" \/>\n<meta name=\"twitter:label1\" content=\"Gesch\u00e4tzte Lesezeit\" \/>\n\t<meta name=\"twitter:data1\" content=\"2\u00a0Minuten\" \/>\n<script type=\"application\/ld+json\" class=\"yoast-schema-graph\">{\"@context\":\"https:\/\/schema.org\",\"@graph\":[{\"@type\":\"WebPage\",\"@id\":\"https:\/\/www.homes-holiday.com\/de\/marken\/\",\"url\":\"https:\/\/www.homes-holiday.com\/de\/marken\/\",\"name\":\"Unsere Marken - Homes &amp; Holiday AG\",\"isPartOf\":{\"@id\":\"https:\/\/www.homes-holiday.com\/de\/#website\"},\"datePublished\":\"2017-09-13T11:30:19+00:00\",\"dateModified\":\"2024-10-24T10:51:12+00:00\",\"breadcrumb\":{\"@id\":\"https:\/\/www.homes-holiday.com\/de\/marken\/#breadcrumb\"},\"inLanguage\":\"de\",\"potentialAction\":[{\"@type\":\"ReadAction\",\"target\":[\"https:\/\/www.homes-holiday.com\/de\/marken\/\"]}]},{\"@type\":\"BreadcrumbList\",\"@id\":\"https:\/\/www.homes-holiday.com\/de\/marken\/#breadcrumb\",\"itemListElement\":[{\"@type\":\"ListItem\",\"position\":1,\"name\":\"Startseite\",\"item\":\"https:\/\/www.homes-holiday.com\/de\/\"},{\"@type\":\"ListItem\",\"position\":2,\"name\":\"Unsere Marken\"}]},{\"@type\":\"WebSite\",\"@id\":\"https:\/\/www.homes-holiday.com\/de\/#website\",\"url\":\"https:\/\/www.homes-holiday.com\/de\/\",\"name\":\"Homes &amp; Holiday AG\",\"description\":\"\",\"potentialAction\":[{\"@type\":\"SearchAction\",\"target\":{\"@type\":\"EntryPoint\",\"urlTemplate\":\"https:\/\/www.homes-holiday.com\/de\/?s={search_term_string}\"},\"query-input\":{\"@type\":\"PropertyValueSpecification\",\"valueRequired\":true,\"valueName\":\"search_term_string\"}}],\"inLanguage\":\"de\"}]}<\/script>\n<!-- \/ Yoast SEO plugin. -->","yoast_head_json":{"title":"Unsere Marken - Homes &amp; Holiday AG","robots":{"index":"index","follow":"follow","max-snippet":"max-snippet:-1","max-image-preview":"max-image-preview:large","max-video-preview":"max-video-preview:-1"},"canonical":"https:\/\/www.homes-holiday.com\/de\/marken\/","og_locale":"de_DE","og_type":"article","og_title":"Unsere Marken - Homes &amp; Holiday AG","og_description":"[vc_row tc_enable_overlay=&#8220;true&#8220; css=&#8220;.vc_custom_1470834662463{padding-top: 80px !important;padding-bottom: 45px !important;}&#8220;][vc_column offset=&#8220;vc_col-xs-12&#8243;][vc_row_inner][vc_column_inner width=&#8220;1\/2&#8243; offset=&#8220;vc_col-lg-6 vc_col-md-12 vc_col-xs-12&#8243;][vc_column_text]Mit unserer Markenfamilie decken wir den kompletten Lebenszyklus rund um Immobilien ab. Von Kauf und Verkauf \u00fcber Langzeitmiete bis hin zur Ferienvermietung. Die Marken Porta Mallorquina und Porta Mondial z\u00e4hlen zu den bekanntesten Immobilienunternehmen auf den Balearen.[\/vc_column_text][\/vc_column_inner][vc_column_inner width=&#8220;1\/2&#8243;][vc_column_text]Porta Holiday ist unsere erfolgreiche Marke f\u00fcr&hellip; Read more &raquo;","og_url":"https:\/\/www.homes-holiday.com\/de\/marken\/","og_site_name":"Homes &amp; Holiday AG","article_modified_time":"2024-10-24T10:51:12+00:00","twitter_card":"summary_large_image","twitter_misc":{"Gesch\u00e4tzte Lesezeit":"2\u00a0Minuten"},"schema":{"@context":"https:\/\/schema.org","@graph":[{"@type":"WebPage","@id":"https:\/\/www.homes-holiday.com\/de\/marken\/","url":"https:\/\/www.homes-holiday.com\/de\/marken\/","name":"Unsere Marken - Homes &amp; Holiday AG","isPartOf":{"@id":"https:\/\/www.homes-holiday.com\/de\/#website"},"datePublished":"2017-09-13T11:30:19+00:00","dateModified":"2024-10-24T10:51:12+00:00","breadcrumb":{"@id":"https:\/\/www.homes-holiday.com\/de\/marken\/#breadcrumb"},"inLanguage":"de","potentialAction":[{"@type":"ReadAction","target":["https:\/\/www.homes-holiday.com\/de\/marken\/"]}]},{"@type":"BreadcrumbList","@id":"https:\/\/www.homes-holiday.com\/de\/marken\/#breadcrumb","itemListElement":[{"@type":"ListItem","position":1,"name":"Startseite","item":"https:\/\/www.homes-holiday.com\/de\/"},{"@type":"ListItem","position":2,"name":"Unsere Marken"}]},{"@type":"WebSite","@id":"https:\/\/www.homes-holiday.com\/de\/#website","url":"https:\/\/www.homes-holiday.com\/de\/","name":"Homes &amp; Holiday AG","description":"","potentialAction":[{"@type":"SearchAction","target":{"@type":"EntryPoint","urlTemplate":"https:\/\/www.homes-holiday.com\/de\/?s={search_term_string}"},"query-input":{"@type":"PropertyValueSpecification","valueRequired":true,"valueName":"search_term_string"}}],"inLanguage":"de"}]}},"_links":{"self":[{"href":"https:\/\/www.homes-holiday.com\/de\/wp-json\/wp\/v2\/pages\/8476"}],"collection":[{"href":"https:\/\/www.homes-holiday.com\/de\/wp-json\/wp\/v2\/pages"}],"about":[{"href":"https:\/\/www.homes-holiday.com\/de\/wp-json\/wp\/v2\/types\/page"}],"author":[{"embeddable":true,"href":"https:\/\/www.homes-holiday.com\/de\/wp-json\/wp\/v2\/users\/1"}],"replies":[{"embeddable":true,"href":"https:\/\/www.homes-holiday.com\/de\/wp-json\/wp\/v2\/comments?post=8476"}],"version-history":[{"count":10,"href":"https:\/\/www.homes-holiday.com\/de\/wp-json\/wp\/v2\/pages\/8476\/revisions"}],"predecessor-version":[{"id":11904,"href":"https:\/\/www.homes-holiday.com\/de\/wp-json\/wp\/v2\/pages\/8476\/revisions\/11904"}],"wp:attachment":[{"href":"https:\/\/www.homes-holiday.com\/de\/wp-json\/wp\/v2\/media?parent=8476"}],"curies":[{"name":"wp","href":"https:\/\/api.w.org\/{rel}","templated":true}]}}