{"id":251,"date":"2016-08-11T05:23:45","date_gmt":"2016-08-11T05:23:45","guid":{"rendered":"http:\/\/sample-data.potenzaglobal.com\/thecorps\/uploads\/?page_id=251"},"modified":"2024-10-24T12:56:32","modified_gmt":"2024-10-24T10:56:32","slug":"home","status":"publish","type":"page","link":"https:\/\/www.homes-holiday.com\/de\/","title":{"rendered":"Home"},"content":{"rendered":"<p>[vc_row full_width=&#8220;stretch_row_content_no_spaces&#8220; full_height=&#8220;yes&#8220; tc_enable_overlay=&#8220;true&#8220; css=&#8220;.vc_custom_1480482612440{padding-top: 0px !important;padding-bottom: 0px !important;background-position: center !important;background-repeat: no-repeat !important;background-size: cover !important;}&#8220; el_class=&#8220;m-b-none&#8220;][vc_column][vc_column_text][rev_slider_vc alias=&#8220;home-1-default&#8220;][\/vc_column_text][\/vc_column][\/vc_row][vc_row tc_enable_overlay=&#8220;true&#8220; css=&#8220;.vc_custom_1510111100489{padding-top: 80px !important;padding-bottom: 60px !important;}&#8220; el_class=&#8220;who-we-are&#8220;][vc_column offset=&#8220;vc_col-lg-6 vc_col-md-6 vc_col-xs-12&#8243; css=&#8220;.vc_custom_1481692708339{margin-bottom: 30px !important;}&#8220;][vc_single_image image=&#8220;11472&#8243; img_size=&#8220;full&#8220;][\/vc_column][vc_column offset=&#8220;vc_col-lg-6 vc_col-md-6 vc_col-xs-12&#8243; css=&#8220;.vc_custom_1481692715299{margin-bottom: 30px !important;}&#8220;][vc_column_text]<\/p>\n<h3>Das erste Franchisesystem f\u00fcr Ferienimmobilien<\/h3>\n<p>Willkommen bei der Homes &amp; Holiday AG, dem Spezialisten rund um Ferienimmobilien. Erleben Sie unsere spannende Markenwelt und das vielf\u00e4ltige <strong><a href=\"https:\/\/www.homes-holiday.com\/de\/franchise\/\">Immobilien Franchise Angebot<\/a><\/strong>.<\/p>\n<p>Unsere Immobilienmarke &#8222;<strong>Porta Mallorquina<\/strong>&#8220; ist einer der gr\u00f6\u00dften Immobilienmakler auf Mallorca, mit &#8222;Porta Ibiza&#8220; und weiteren &#8222;<strong>Porta Mondial<\/strong>&#8220; Marken bedienen wir die Ferienimmobilienm\u00e4rkte auf Ibiza, Menorca, Teneriffa und an der Costa del Sol.<\/p>\n<p>F\u00fcr den Urlaub im Traumhaus in Spanien haben wir eine eigene Marke geschaffen, &#8222;<strong>Porta Holiday<\/strong>&#8222;. Spezialisiert auf Ferienvermietung und Dienstleistungen rund um die Ferienimmobilie. \u200b[\/vc_column_text][\/vc_column][\/vc_row][vc_row full_width=&#8220;stretch_row&#8220; tc_overlay_opacity=&#8220;100&#8243; tc_enable_overlay=&#8220;true&#8220; css=&#8220;.vc_custom_1507497315767{padding-top: 70px !important;}&#8220; tc_overlay_color=&#8220;#f3f5f6&#8243;][vc_column]        <div class=\"section-title-1 text-center\">\n            <h2 class=\"text-blue\">Immobilien Franchise<\/h2>\n            <div class=\"title-line\"><\/div>\n\t\t\t\t\t\t\t<p>Erfolgreich selbstst\u00e4ndig als Immobilienmakler in Spanien<\/p>\n\t\t\t\t        <\/div>\n        [\/vc_column][\/vc_row][vc_row full_width=&#8220;stretch_row&#8220; tc_overlay_opacity=&#8220;100&#8243; tc_enable_overlay=&#8220;true&#8220; css=&#8220;.vc_custom_1510104150771{padding-bottom: 70px !important;}&#8220; tc_overlay_color=&#8220;#f3f5f6&#8243;][vc_column width=&#8220;1\/2&#8243;][vc_single_image image=&#8220;9531&#8243; img_size=&#8220;large&#8220; onclick=&#8220;custom_link&#8220; link=&#8220;https:\/\/www.homes-holiday.com\/de\/lizenz-ferienimmobilien\/&#8220;][\/vc_column][vc_column width=&#8220;1\/2&#8243;][vc_column_text css=&#8220;.vc_custom_1618303554938{margin-top: 20px !important;}&#8220;]<\/p>\n<h3><a href=\"https:\/\/www.homes-holiday.com\/de\/lizenz-ferienimmobilien\/\">Lizenz Ferienimmobilien<\/a><\/h3>\n<p>Leben und Arbeiten, wo andere Urlaub machen und wundersch\u00f6ne Villen, H\u00e4user und Wohnungen vermarkten. Als Franchisepartner von Porta Mallorquina oder Porta Mondial wird der Traum vom selbstst\u00e4ndigen Unternehmertum im sonnigen S\u00fcden wahr.[\/vc_column_text][\/vc_column][\/vc_row][vc_row full_width=&#8220;stretch_row&#8220; parallax=&#8220;content-moving&#8220; parallax_image=&#8220;8881&#8243; tc_overlay_opacity=&#8220;50&#8243; tc_enable_overlay=&#8220;true&#8220; css=&#8220;.vc_custom_1510666288405{padding-top: 80px !important;padding-bottom: 80px !important;background-position: 0 0;background-repeat:epeat;}&#8220; tc_overlay_color=&#8220;#000000&#8243;][vc_column el_class=&#8220;text-center&#8220;]        <div class=\"section-title-1 text-center\">\n            <h2 class=\"text-blue\">Partnerstimmen<\/h2>\n            <div class=\"title-line\"><\/div>\n\t\t\t\t\t\t\t<p>Das sagen unsere Franchisepartner<\/p>\n\t\t\t\t        <\/div>\n        \t<div id=\"tc_testimonials_bdc79215-9700-5\" class=\"pgs_testimonials pgs_testimonials-style-3\">\n\t\t\t\t\t<div class=\"row\">\n\t\t\t\t\t\t\t\t\t\t<div class=\"col-lg-6 col-md-6 col-sm-6\">\n\t\t\t\t\t\t\t<div class=\"testimonial-block\">\n\t\t\t\t\t\t\t\t<div class=\"testimonial-avtar\">\n\t\t\t\t\t\t\t\t\t<img loading=\"lazy\" decoding=\"async\" width=\"150\" height=\"150\" src=\"https:\/\/www.homes-holiday.com\/de\/wp-content\/uploads\/KentS-1-150x150.jpg\" class=\"img-responsive wp-post-image\" alt=\"\" srcset=\"https:\/\/www.homes-holiday.com\/de\/wp-content\/uploads\/KentS-1-150x150.jpg 150w, https:\/\/www.homes-holiday.com\/de\/wp-content\/uploads\/KentS-1-125x125.jpg 125w, https:\/\/www.homes-holiday.com\/de\/wp-content\/uploads\/KentS-1-50x50.jpg 50w\" sizes=\"(max-width: 150px) 100vw, 150px\" \/>\t\t\t\t\t\t\t\t<\/div>\n\t\t\t\t\t\t\t\t<div class=\"testimonial-content\">\n\t\t\t\t\t\t\t\t\t<h4>Kent Steinbach<\/h4>\n\t\t\t\t\t\t\t\t\t<p>Das Porta Mondial Netzwerk hat uns den Wechsel von D\u00fcsseldorf nach Mallorca erm\u00f6glicht. In Palma konnten wir direkt mit einem attraktiven Portfolio starten und weiter als Immobilienmakler t\u00e4tig sein. So haben wir das Beste aus zwei Welten miteinander verbunden.<\/p>\n\t\t\t\t\t\t\t\t\t <span>Franchisepartner Palma &amp; Port Andratx, Porta Mallorquina<\/span>\t\t\t\t\t\t\t\t<\/div>\n\t\t\t\t\t\t\t<\/div>\n\t\t\t\t\t\t<\/div>\n\t\t\t\t\t\t\t\t\t\t\t\t<div class=\"col-lg-6 col-md-6 col-sm-6\">\n\t\t\t\t\t\t\t<div class=\"testimonial-block\">\n\t\t\t\t\t\t\t\t<div class=\"testimonial-avtar\">\n\t\t\t\t\t\t\t\t\t<img loading=\"lazy\" decoding=\"async\" width=\"150\" height=\"150\" src=\"https:\/\/www.homes-holiday.com\/de\/wp-content\/uploads\/NicoleNe-150x150.jpg\" class=\"img-responsive wp-post-image\" alt=\"\" srcset=\"https:\/\/www.homes-holiday.com\/de\/wp-content\/uploads\/NicoleNe-150x150.jpg 150w, https:\/\/www.homes-holiday.com\/de\/wp-content\/uploads\/NicoleNe-125x125.jpg 125w, https:\/\/www.homes-holiday.com\/de\/wp-content\/uploads\/NicoleNe-50x50.jpg 50w\" sizes=\"(max-width: 150px) 100vw, 150px\" \/>\t\t\t\t\t\t\t\t<\/div>\n\t\t\t\t\t\t\t\t<div class=\"testimonial-content\">\n\t\t\t\t\t\t\t\t\t<h4>Nicole Schepp<\/h4>\n\t\t\t\t\t\t\t\t\t<p>Wir haben uns bewusst f\u00fcr Porta Mallorquina entschieden, da wir hier eine starke Marke mit hohem Bekanntheitsgrad, eine etablierte Verkaufsregion und ein erfahrenes Team \u00fcbernehmen konnten. Durch die Porta Mallorquina Academy und die umfassende Unterst\u00fctzung durch die Zentrale hatten wir einen erfolgreichen Einstieg.<\/p>\n\t\t\t\t\t\t\t\t\t <span>Franchisepartnerin Inselmitte &amp; Nordost, Porta Mallorquina<\/span>\t\t\t\t\t\t\t\t<\/div>\n\t\t\t\t\t\t\t<\/div>\n\t\t\t\t\t\t<\/div>\n\t\t\t\t\t\t\t\t\t<\/div>\n\t\t\t    <\/div>\n    \t<a href=\"https:\/\/www.homes-holiday.com\/de\/partnerstimmen\/\" class=\"pgs_btn pgs_btn_style_1 pgs_btn_md  vc_custom_1513077424918\">\n\t\t<span>\n\t\t\tMehr Partnerstimmen\t\t<\/span>\n\t\t\t\t<i class=\"fa fa-arrow-right\"><\/i>\n\t\t\t<\/a>\n\t[\/vc_column][\/vc_row][vc_row full_width=&#8220;stretch_row&#8220; tc_overlay_opacity=&#8220;100&#8243; tc_enable_overlay=&#8220;true&#8220; css=&#8220;.vc_custom_1507503406905{padding-top: 80px !important;}&#8220; tc_overlay_color=&#8220;#f3f5f6&#8243;][vc_column]        <div class=\"section-title-1 text-center\">\n            <h2 class=\"text-blue\">Ferienimmobilien<\/h2>\n            <div class=\"title-line\"><\/div>\n\t\t\t\t\t\t\t<p>Unsere aktuellen Immobilien in Spanien<\/p>\n\t\t\t\t        <\/div>\n        [\/vc_column][\/vc_row][vc_row full_width=&#8220;stretch_row_content_no_spaces&#8220;][vc_column width=&#8220;1\/4&#8243;][vc_single_image image=&#8220;10325&#8243; img_size=&#8220;large&#8220; add_caption=&#8220;yes&#8220; onclick=&#8220;custom_link&#8220; img_link_target=&#8220;_blank&#8220; link=&#8220;https:\/\/www.porta-mallorquina.de\/&#8220;][\/vc_column][vc_column width=&#8220;1\/4&#8243;][vc_single_image image=&#8220;10324&#8243; img_size=&#8220;large&#8220; add_caption=&#8220;yes&#8220; onclick=&#8220;custom_link&#8220; img_link_target=&#8220;_blank&#8220; link=&#8220;https:\/\/www.portaibiza.de\/&#8220;][\/vc_column][vc_column width=&#8220;1\/4&#8243;][vc_single_image image=&#8220;10323&#8243; img_size=&#8220;large&#8220; add_caption=&#8220;yes&#8220; onclick=&#8220;custom_link&#8220; img_link_target=&#8220;_blank&#8220; link=&#8220;https:\/\/www.portatenerife.de\/&#8220;][\/vc_column][vc_column width=&#8220;1\/4&#8243;][vc_single_image image=&#8220;10322&#8243; img_size=&#8220;large&#8220; add_caption=&#8220;yes&#8220; onclick=&#8220;custom_link&#8220; img_link_target=&#8220;_blank&#8220; link=&#8220;https:\/\/www.portaandalucia.de\/&#8220;][\/vc_column][\/vc_row]<\/p>\n","protected":false},"excerpt":{"rendered":"<p>[vc_row full_width=&#8220;stretch_row_content_no_spaces&#8220; full_height=&#8220;yes&#8220; tc_enable_overlay=&#8220;true&#8220; css=&#8220;.vc_custom_1480482612440{padding-top: 0px !important;padding-bottom: 0px !important;background-position: center !important;background-repeat: no-repeat !important;background-size: cover !important;}&#8220; el_class=&#8220;m-b-none&#8220;][vc_column][vc_column_text][rev_slider_vc alias=&#8220;home-1-default&#8220;][\/vc_column_text][\/vc_column][\/vc_row][vc_row tc_enable_overlay=&#8220;true&#8220; css=&#8220;.vc_custom_1510111100489{padding-top: 80px !important;padding-bottom: 60px !important;}&#8220; el_class=&#8220;who-we-are&#8220;][vc_column offset=&#8220;vc_col-lg-6 vc_col-md-6 vc_col-xs-12&#8243; css=&#8220;.vc_custom_1481692708339{margin-bottom: 30px !important;}&#8220;][vc_single_image image=&#8220;11472&#8243; img_size=&#8220;full&#8220;][\/vc_column][vc_column offset=&#8220;vc_col-lg-6 vc_col-md-6 vc_col-xs-12&#8243; css=&#8220;.vc_custom_1481692715299{margin-bottom: 30px !important;}&#8220;][vc_column_text] Das erste Franchisesystem f\u00fcr Ferienimmobilien Willkommen bei der Homes &amp; Holiday AG, dem Spezialisten rund um Ferienimmobilien.&hellip; <a class=\"read-more\" href=\"https:\/\/www.homes-holiday.com\/de\/testimonials\/nicole-neipp-2\/\" title=\"Read Nicole Schepp\">Read more &raquo;<\/a><\/p>\n","protected":false},"author":1,"featured_media":0,"parent":0,"menu_order":1,"comment_status":"open","ping_status":"closed","template":"templates\/page-vc_compatible.php","meta":{"footnotes":""},"class_list":["post-251","page","type-page","status-publish","hentry"],"yoast_head":"<!-- This site is optimized with the Yoast SEO plugin v23.7 - https:\/\/yoast.com\/wordpress\/plugins\/seo\/ -->\n<title>Homes &amp; Holiday AG - Ihr Partner rund um Ferienimmobilien<\/title>\n<meta name=\"robots\" content=\"index, follow, max-snippet:-1, max-image-preview:large, max-video-preview:-1\" \/>\n<link rel=\"canonical\" href=\"https:\/\/www.homes-holiday.com\/de\/\" \/>\n<meta property=\"og:locale\" content=\"de_DE\" \/>\n<meta property=\"og:type\" content=\"article\" \/>\n<meta property=\"og:title\" content=\"Homes &amp; Holiday AG - Ihr Partner rund um Ferienimmobilien\" \/>\n<meta property=\"og:description\" content=\"[vc_row full_width=&#8220;stretch_row_content_no_spaces&#8220; full_height=&#8220;yes&#8220; tc_enable_overlay=&#8220;true&#8220; css=&#8220;.vc_custom_1480482612440{padding-top: 0px !important;padding-bottom: 0px !important;background-position: center !important;background-repeat: no-repeat !important;background-size: cover !important;}&#8220; el_class=&#8220;m-b-none&#8220;][vc_column][vc_column_text][rev_slider_vc alias=&#8220;home-1-default&#8220;][\/vc_column_text][\/vc_column][\/vc_row][vc_row tc_enable_overlay=&#8220;true&#8220; css=&#8220;.vc_custom_1510111100489{padding-top: 80px !important;padding-bottom: 60px !important;}&#8220; el_class=&#8220;who-we-are&#8220;][vc_column offset=&#8220;vc_col-lg-6 vc_col-md-6 vc_col-xs-12&#8243; css=&#8220;.vc_custom_1481692708339{margin-bottom: 30px !important;}&#8220;][vc_single_image image=&#8220;11472&#8243; img_size=&#8220;full&#8220;][\/vc_column][vc_column offset=&#8220;vc_col-lg-6 vc_col-md-6 vc_col-xs-12&#8243; css=&#8220;.vc_custom_1481692715299{margin-bottom: 30px !important;}&#8220;][vc_column_text] Das erste Franchisesystem f\u00fcr Ferienimmobilien Willkommen bei der Homes &amp; Holiday AG, dem Spezialisten rund um Ferienimmobilien.&hellip; Read more &raquo;\" \/>\n<meta property=\"og:url\" content=\"https:\/\/www.homes-holiday.com\/de\/\" \/>\n<meta property=\"og:site_name\" content=\"Homes &amp; Holiday AG\" \/>\n<meta property=\"article:modified_time\" content=\"2024-10-24T10:56:32+00:00\" \/>\n<meta name=\"twitter:card\" content=\"summary_large_image\" \/>\n<meta name=\"twitter:label1\" content=\"Gesch\u00e4tzte Lesezeit\" \/>\n\t<meta name=\"twitter:data1\" content=\"3\u00a0Minuten\" \/>\n<script type=\"application\/ld+json\" class=\"yoast-schema-graph\">{\"@context\":\"https:\/\/schema.org\",\"@graph\":[{\"@type\":\"WebPage\",\"@id\":\"https:\/\/www.homes-holiday.com\/de\/\",\"url\":\"https:\/\/www.homes-holiday.com\/de\/\",\"name\":\"Homes & Holiday AG - Ihr Partner rund um Ferienimmobilien\",\"isPartOf\":{\"@id\":\"https:\/\/www.homes-holiday.com\/de\/#website\"},\"datePublished\":\"2016-08-11T05:23:45+00:00\",\"dateModified\":\"2024-10-24T10:56:32+00:00\",\"breadcrumb\":{\"@id\":\"https:\/\/www.homes-holiday.com\/de\/#breadcrumb\"},\"inLanguage\":\"de\",\"potentialAction\":[{\"@type\":\"ReadAction\",\"target\":[\"https:\/\/www.homes-holiday.com\/de\/\"]}]},{\"@type\":\"BreadcrumbList\",\"@id\":\"https:\/\/www.homes-holiday.com\/de\/#breadcrumb\",\"itemListElement\":[{\"@type\":\"ListItem\",\"position\":1,\"name\":\"Startseite\",\"item\":\"https:\/\/www.homes-holiday.com\/de\/\"},{\"@type\":\"ListItem\",\"position\":2,\"name\":\"Home\"}]},{\"@type\":\"WebSite\",\"@id\":\"https:\/\/www.homes-holiday.com\/de\/#website\",\"url\":\"https:\/\/www.homes-holiday.com\/de\/\",\"name\":\"Homes &amp; Holiday AG\",\"description\":\"\",\"potentialAction\":[{\"@type\":\"SearchAction\",\"target\":{\"@type\":\"EntryPoint\",\"urlTemplate\":\"https:\/\/www.homes-holiday.com\/de\/?s={search_term_string}\"},\"query-input\":{\"@type\":\"PropertyValueSpecification\",\"valueRequired\":true,\"valueName\":\"search_term_string\"}}],\"inLanguage\":\"de\"}]}<\/script>\n<!-- \/ Yoast SEO plugin. -->","yoast_head_json":{"title":"Homes & Holiday AG - Ihr Partner rund um Ferienimmobilien","robots":{"index":"index","follow":"follow","max-snippet":"max-snippet:-1","max-image-preview":"max-image-preview:large","max-video-preview":"max-video-preview:-1"},"canonical":"https:\/\/www.homes-holiday.com\/de\/","og_locale":"de_DE","og_type":"article","og_title":"Homes & Holiday AG - Ihr Partner rund um Ferienimmobilien","og_description":"[vc_row full_width=&#8220;stretch_row_content_no_spaces&#8220; full_height=&#8220;yes&#8220; tc_enable_overlay=&#8220;true&#8220; css=&#8220;.vc_custom_1480482612440{padding-top: 0px !important;padding-bottom: 0px !important;background-position: center !important;background-repeat: no-repeat !important;background-size: cover !important;}&#8220; el_class=&#8220;m-b-none&#8220;][vc_column][vc_column_text][rev_slider_vc alias=&#8220;home-1-default&#8220;][\/vc_column_text][\/vc_column][\/vc_row][vc_row tc_enable_overlay=&#8220;true&#8220; css=&#8220;.vc_custom_1510111100489{padding-top: 80px !important;padding-bottom: 60px !important;}&#8220; el_class=&#8220;who-we-are&#8220;][vc_column offset=&#8220;vc_col-lg-6 vc_col-md-6 vc_col-xs-12&#8243; css=&#8220;.vc_custom_1481692708339{margin-bottom: 30px !important;}&#8220;][vc_single_image image=&#8220;11472&#8243; img_size=&#8220;full&#8220;][\/vc_column][vc_column offset=&#8220;vc_col-lg-6 vc_col-md-6 vc_col-xs-12&#8243; css=&#8220;.vc_custom_1481692715299{margin-bottom: 30px !important;}&#8220;][vc_column_text] Das erste Franchisesystem f\u00fcr Ferienimmobilien Willkommen bei der Homes &amp; Holiday AG, dem Spezialisten rund um Ferienimmobilien.&hellip; Read more &raquo;","og_url":"https:\/\/www.homes-holiday.com\/de\/","og_site_name":"Homes &amp; Holiday AG","article_modified_time":"2024-10-24T10:56:32+00:00","twitter_card":"summary_large_image","twitter_misc":{"Gesch\u00e4tzte Lesezeit":"3\u00a0Minuten"},"schema":{"@context":"https:\/\/schema.org","@graph":[{"@type":"WebPage","@id":"https:\/\/www.homes-holiday.com\/de\/","url":"https:\/\/www.homes-holiday.com\/de\/","name":"Homes & Holiday AG - Ihr Partner rund um Ferienimmobilien","isPartOf":{"@id":"https:\/\/www.homes-holiday.com\/de\/#website"},"datePublished":"2016-08-11T05:23:45+00:00","dateModified":"2024-10-24T10:56:32+00:00","breadcrumb":{"@id":"https:\/\/www.homes-holiday.com\/de\/#breadcrumb"},"inLanguage":"de","potentialAction":[{"@type":"ReadAction","target":["https:\/\/www.homes-holiday.com\/de\/"]}]},{"@type":"BreadcrumbList","@id":"https:\/\/www.homes-holiday.com\/de\/#breadcrumb","itemListElement":[{"@type":"ListItem","position":1,"name":"Startseite","item":"https:\/\/www.homes-holiday.com\/de\/"},{"@type":"ListItem","position":2,"name":"Home"}]},{"@type":"WebSite","@id":"https:\/\/www.homes-holiday.com\/de\/#website","url":"https:\/\/www.homes-holiday.com\/de\/","name":"Homes &amp; Holiday AG","description":"","potentialAction":[{"@type":"SearchAction","target":{"@type":"EntryPoint","urlTemplate":"https:\/\/www.homes-holiday.com\/de\/?s={search_term_string}"},"query-input":{"@type":"PropertyValueSpecification","valueRequired":true,"valueName":"search_term_string"}}],"inLanguage":"de"}]}},"_links":{"self":[{"href":"https:\/\/www.homes-holiday.com\/de\/wp-json\/wp\/v2\/pages\/251"}],"collection":[{"href":"https:\/\/www.homes-holiday.com\/de\/wp-json\/wp\/v2\/pages"}],"about":[{"href":"https:\/\/www.homes-holiday.com\/de\/wp-json\/wp\/v2\/types\/page"}],"author":[{"embeddable":true,"href":"https:\/\/www.homes-holiday.com\/de\/wp-json\/wp\/v2\/users\/1"}],"replies":[{"embeddable":true,"href":"https:\/\/www.homes-holiday.com\/de\/wp-json\/wp\/v2\/comments?post=251"}],"version-history":[{"count":10,"href":"https:\/\/www.homes-holiday.com\/de\/wp-json\/wp\/v2\/pages\/251\/revisions"}],"predecessor-version":[{"id":11905,"href":"https:\/\/www.homes-holiday.com\/de\/wp-json\/wp\/v2\/pages\/251\/revisions\/11905"}],"wp:attachment":[{"href":"https:\/\/www.homes-holiday.com\/de\/wp-json\/wp\/v2\/media?parent=251"}],"curies":[{"name":"wp","href":"https:\/\/api.w.org\/{rel}","templated":true}]}}