{"id":11286,"date":"2018-11-15T09:57:58","date_gmt":"2018-11-15T08:57:58","guid":{"rendered":"https:\/\/www.homes-holiday.com\/de\/?page_id=11286"},"modified":"2022-03-18T14:51:11","modified_gmt":"2022-03-18T13:51:11","slug":"franchise-partner","status":"publish","type":"page","link":"https:\/\/www.homes-holiday.com\/de\/stellenangebote\/franchise-partner\/","title":{"rendered":"Franchise Partner (m\/w\/d)"},"content":{"rendered":"<p>[vc_row][vc_column css=&#8220;.vc_custom_1480573140574{padding-top: 80px !important;padding-bottom: 65px !important;}&#8220;][vc_row_inner][vc_column_inner offset=&#8220;vc_col-lg-9 vc_col-md-8 vc_col-xs-12&#8243; css=&#8220;.vc_custom_1506338697500{margin-bottom: 25px !important;}&#8220;][vc_column_text]Sie m\u00f6chten sich als <strong>Immobilienmakler<\/strong> oder <strong>Immobilienmaklerin selbstst\u00e4ndig machen<\/strong>? Und das dort, wo andere die sch\u00f6nste Zeit des Jahres verbringen?<\/p>\n<p>Porta Mondial ist das f\u00fchrende Franchisesystem f\u00fcr Ferienimmobilien. Vom Verkauf \u00fcber Langzeitmiete bis zur Ferienvermietung \u2013 mit unserer Erfahrung und unseren Leistungen sind Sie immer einen Schritt voraus. Unsere Franchisepartner in internationalen Ferienimmobilienm\u00e4rkten werden von unserer Zentrale auf Mallorca betreut. Das Prinzip ist so simpel wie genial: Sie k\u00fcmmern sich um neue Objekte, Ihre Kundenanfragen, Ihren Porta Mondial Immobilienshop sowie das Team und wir machen den Rest. Klingt nicht nur gut, sondern bringt auch mehr Erfolg.<\/p>\n<p>&nbsp;<\/p>\n<p style=\"text-align: center;\"><strong>Franchise Partner (m\/w\/d)<\/strong><\/p>\n<p style=\"text-align: center;\">auf selbstst\u00e4ndiger Basis<\/p>\n<p>&nbsp;<\/p>\n<h3>Wir halten Ihnen mit unseren zahlreichen Systemleistungen den R\u00fccken frei:<\/h3>\n<ul class=\"pgs_list pgs_list_style_1\">\n<li><i class=\"fa fa-check\"><\/i><strong>Kundenmanagement:<\/strong> Schnelle und professionelle Aufbereitung der Kundenanfragen. Zentrale Kundenhotline Montag bis Sonntag von 9 bis 22 Uhr.<\/li>\n<li><i class=\"fa fa-check\"><\/i><strong>Objektmanagement:<\/strong> Aussagef\u00e4hige Texte und ansprechende Bilder sind der erste Schritt zum Verkaufserfolg. Sie erfassen die Immobilie, wir k\u00fcmmern uns um die Aufbereitung, \u00dcbersetzung und Upload.<\/li>\n<li><i class=\"fa fa-check\"><\/i><strong>Lead Management:<\/strong> Zu viele Anfragen? Wir vergessen keine Kunden und f\u00fchren sie aktiv zur weiteren Bearbeitung zur\u00fcck.<\/li>\n<li><i class=\"fa fa-check\"><\/i><strong>Marketing &#038; PR:<\/strong> Starke Markenwerbung, kontinuierliches Farming und professionelle Pressearbeit. Sie m\u00fcssen sich um nichts k\u00fcmmern, das erledigen unsere Experten f\u00fcr Sie.<\/li>\n<li><i class=\"fa fa-check\"><\/i><strong>Shopkonzept:<\/strong> Modern und doch zeitlos \u2013 das Porta Mondial Immobilien Shopkonzept. Die perfekte Wohlf\u00fchlumgebung f\u00fcr Kunden und Mitarbeiter.<\/li>\n<li><i class=\"fa fa-check\"><\/i><strong>Digitalisierung:<\/strong> Porta Mondial Campus ist das interne Kommunikationssystem, das Sie vom ersten Tag an begleitet. Eine professionelle CRM Immobiliensoftware rundet das Technikpaket ab.<\/li>\n<li><i class=\"fa fa-check\"><\/i><strong>Optimale Bildpr\u00e4sentation:<\/strong> Zentrale Bildbearbeitung setzt Ihre Immobilie ins beste Licht, ohne zu verf\u00e4lschen. Eine ansprechende Pr\u00e4sentation ist entscheidend f\u00fcr die Kundengewinnung.<\/li>\n<li><i class=\"fa fa-check\"><\/i><strong>Suchmaschinenoptimierung:<\/strong> Wer bei Google &#038; Co gut gelistet ist, erh\u00e4lt die meisten Besucher. Die Porta Mondial Gruppe ist Branchenf\u00fchrer f\u00fcr die online Positionierung f\u00fcr Ferienimmobilien.<\/li>\n<li><i class=\"fa fa-check\"><\/i><strong>Coaching &#038; Training:<\/strong> Learn from the best. Mit unserem Mix aus externen Experten und inhouse Schulungen machen wir aus guten Verk\u00e4ufern noch bessere.<\/li>\n<li><i class=\"fa fa-check\"><\/i><strong>Reporting &#038; Benchmarks:<\/strong> Wir sagen Ihnen, wo Sie stehen. Unsere laufenden Auswertungen und Statistiken helfen Ihnen, Ihre Potenziale voll auszusch\u00f6pfen.<\/li>\n<li><i class=\"fa fa-check\"><\/i><strong>Webauftritt:<\/strong> Unsere Internetseiten sind das Produkt jahrzehntelanger Erfahrung im Internetvertrieb und werden st\u00e4ndig optimiert.<\/li>\n<li><i class=\"fa fa-check\"><\/i><strong>Laufende Betreuung:<\/strong> Die Servicezentrale und Ihr Franchisebetreuer sind f\u00fcr Sie da &#8211; mit Erfahrung und hohem pers\u00f6nlichem Engagement.<\/li>\n<\/ul>\n<h3><strong>Sie m\u00f6chten Porta Mondial Franchisepartner an einem Ferienort werden?<\/strong> Dann sollten Sie folgende Voraussetzungen erf\u00fcllen:<\/h3>\n<ul class=\"pgs_list pgs_list_style_1\">\n<li><i class=\"fa fa-check\"><\/i>Hervorragende Ortskenntnis an Ihrem Wunschstandort sowie gutes Netzwerk vor Ort<\/li>\n<li><i class=\"fa fa-check\"><\/i>Leidenschaft f\u00fcr hochwertige Immobilien<\/li>\n<li><i class=\"fa fa-check\"><\/i>Verkaufs- bzw. Vertriebserfahrung<\/li>\n<li><i class=\"fa fa-check\"><\/i>Eigenkapitalausstattung \u00fcber 50.000 \u20ac<\/li>\n<li><i class=\"fa fa-check\"><\/i>Gute Kenntnisse der Landessprache und Englisch<\/li>\n<\/ul>\n<h3>Interessiert?<\/h3>\n<p>Wenn Sie dar\u00fcber hinaus \u00fcber ein souver\u00e4nes Auftreten, gepflegte Umgangsformen verf\u00fcgen und eine sympathische Unternehmerpers\u00f6nlichkeit sind, sollten wir uns kennen lernen. Mehr Info unter: <a href=\"http:\/\/homes-holiday.com\/franchise\" rel=\"noopener noreferrer\" target=\"_blank\">homes-holiday.com\/franchise<\/a><\/p>\n<p><strong>Machen Sie den 1. Schritt in die Selbstst\u00e4ndigkeit. Sprechen Sie uns an:<\/strong><br \/>\nJosephine Jonas  I  +34 674 149 302  I  <a href=\"mailto:josephine.jonas@portamondial.com\" rel=\"noopener noreferrer\" target=\"_blank\">josephine.jonas@portamondial.com<\/a><\/p>\n<div class=\"BorlabsCookie _brlbs-cb-default\"><div class=\"_brlbs-content-blocker\"> <div class=\"_brlbs-default\"> <p>Klicken Sie auf den unteren Button, um den Inhalt von www.portamondial.com zu laden.<\/p> <p><a class=\"_brlbs-btn\" href=\"#\" data-borlabs-cookie-unblock role=\"button\">Inhalt laden<\/a><\/p> <\/div> <\/div><div class=\"borlabs-hide\" data-borlabs-cookie-type=\"content-blocker\" data-borlabs-cookie-id=\"default\"><script type=\"text\/template\">PHA+PGlmcmFtZSBsb2FkaW5nPSJsYXp5IiBzcmM9Imh0dHBzOi8vd3d3LnBvcnRhbW9uZGlhbC5jb20vZGUvc3RlbGxlbmFuZ2Vib3RlL2Zvcm0ucGhwP2VtYWlsPWthcnJpZXJlQGhvbWVzLWhvbGlkYXkuY29tJmFtcDtkc19zZWl0ZT1odHRwczovL3d3dy5ob21lcy1ob2xpZGF5LmNvbS9kZS9kYXRlbnNjaHV0ei8mYW1wO3BvcnRhbmFtZT1Ib21lcy1Ib2xpZGF5IEFHJmFtcDtzdGVsbGVuYW5nZWJvdD1JbW1vYmlsaWVuYmVyYXRlciIgd2lkdGg9IjYyMCIgaGVpZ2h0PSIxMDUwIiBmcmFtZWJvcmRlcj0iMCI+PC9pZnJhbWU+<\/script><\/div><\/div>[\/vc_column_text][\/vc_column_inner][vc_column_inner offset=&#8220;vc_col-lg-3 vc_col-md-4 vc_col-xs-12&#8243; css=&#8220;.vc_custom_1506338684281{margin-bottom: 25px !important;}&#8220;][vc_single_image image=&#8220;11700&#8243; img_size=&#8220;large&#8220;][vc_column_text css=&#8220;.vc_custom_1647611385627{margin-top: 20px !important;}&#8220;]Bitte senden Sie Ihre aussagef\u00e4higen Unterlagen per E-Mail an:<\/p>\n<p><strong>Unternehmenszentrale<\/strong><br \/>\nHomes &amp; Holiday AG<br \/>\nPorta Mondial GmbH<br \/>\nLudwigstra\u00dfe 8<br \/>\n80339 M\u00fcnchen<br \/>\nTel. +49 89 20 60 21 106<br \/>\nE-Mail <a class=\"email\" href=\"mailto:muenchen@portamondial.com\">muenchen@portamondial.com<\/a>[\/vc_column_text][\/vc_column_inner][\/vc_row_inner][\/vc_column][\/vc_row]<\/p>\n","protected":false},"excerpt":{"rendered":"<p>[vc_row][vc_column css=&#8220;.vc_custom_1480573140574{padding-top: 80px !important;padding-bottom: 65px !important;}&#8220;][vc_row_inner][vc_column_inner offset=&#8220;vc_col-lg-9 vc_col-md-8 vc_col-xs-12&#8243; css=&#8220;.vc_custom_1506338697500{margin-bottom: 25px !important;}&#8220;][vc_column_text]Sie m\u00f6chten sich als Immobilienmakler oder Immobilienmaklerin selbstst\u00e4ndig machen? Und das dort, wo andere die sch\u00f6nste Zeit des Jahres verbringen? Porta Mondial ist das f\u00fchrende Franchisesystem f\u00fcr Ferienimmobilien. Vom Verkauf \u00fcber Langzeitmiete bis zur Ferienvermietung \u2013 mit unserer Erfahrung und unseren Leistungen sind Sie&hellip; <a class=\"read-more\" href=\"https:\/\/www.homes-holiday.com\/de\/stellenangebote\/franchise-partner\/\" title=\"Read Franchise Partner (m\/w\/d)\">Read more &raquo;<\/a><\/p>\n","protected":false},"author":3,"featured_media":0,"parent":8645,"menu_order":31,"comment_status":"closed","ping_status":"closed","template":"templates\/page-vc_compatible.php","meta":{"footnotes":""},"class_list":["post-11286","page","type-page","status-publish","hentry"],"yoast_head":"<!-- This site is optimized with the Yoast SEO plugin v23.7 - https:\/\/yoast.com\/wordpress\/plugins\/seo\/ -->\n<title>Franchise Partner (m\/w\/d) - Homes &amp; Holiday AG<\/title>\n<meta name=\"robots\" content=\"index, follow, max-snippet:-1, max-image-preview:large, max-video-preview:-1\" \/>\n<link rel=\"canonical\" href=\"https:\/\/www.homes-holiday.com\/de\/stellenangebote\/franchise-partner\/\" \/>\n<meta property=\"og:locale\" content=\"de_DE\" \/>\n<meta property=\"og:type\" content=\"article\" \/>\n<meta property=\"og:title\" content=\"Franchise Partner (m\/w\/d) - Homes &amp; Holiday AG\" \/>\n<meta property=\"og:description\" content=\"[vc_row][vc_column css=&#8220;.vc_custom_1480573140574{padding-top: 80px !important;padding-bottom: 65px !important;}&#8220;][vc_row_inner][vc_column_inner offset=&#8220;vc_col-lg-9 vc_col-md-8 vc_col-xs-12&#8243; css=&#8220;.vc_custom_1506338697500{margin-bottom: 25px !important;}&#8220;][vc_column_text]Sie m\u00f6chten sich als Immobilienmakler oder Immobilienmaklerin selbstst\u00e4ndig machen? Und das dort, wo andere die sch\u00f6nste Zeit des Jahres verbringen? Porta Mondial ist das f\u00fchrende Franchisesystem f\u00fcr Ferienimmobilien. Vom Verkauf \u00fcber Langzeitmiete bis zur Ferienvermietung \u2013 mit unserer Erfahrung und unseren Leistungen sind Sie&hellip; Read more &raquo;\" \/>\n<meta property=\"og:url\" content=\"https:\/\/www.homes-holiday.com\/de\/stellenangebote\/franchise-partner\/\" \/>\n<meta property=\"og:site_name\" content=\"Homes &amp; Holiday AG\" \/>\n<meta property=\"article:modified_time\" content=\"2022-03-18T13:51:11+00:00\" \/>\n<meta name=\"twitter:card\" content=\"summary_large_image\" \/>\n<meta name=\"twitter:label1\" content=\"Gesch\u00e4tzte Lesezeit\" \/>\n\t<meta name=\"twitter:data1\" content=\"3\u00a0Minuten\" \/>\n<script type=\"application\/ld+json\" class=\"yoast-schema-graph\">{\"@context\":\"https:\/\/schema.org\",\"@graph\":[{\"@type\":\"WebPage\",\"@id\":\"https:\/\/www.homes-holiday.com\/de\/stellenangebote\/franchise-partner\/\",\"url\":\"https:\/\/www.homes-holiday.com\/de\/stellenangebote\/franchise-partner\/\",\"name\":\"Franchise Partner (m\/w\/d) - Homes &amp; Holiday AG\",\"isPartOf\":{\"@id\":\"https:\/\/www.homes-holiday.com\/de\/#website\"},\"datePublished\":\"2018-11-15T08:57:58+00:00\",\"dateModified\":\"2022-03-18T13:51:11+00:00\",\"breadcrumb\":{\"@id\":\"https:\/\/www.homes-holiday.com\/de\/stellenangebote\/franchise-partner\/#breadcrumb\"},\"inLanguage\":\"de\",\"potentialAction\":[{\"@type\":\"ReadAction\",\"target\":[\"https:\/\/www.homes-holiday.com\/de\/stellenangebote\/franchise-partner\/\"]}]},{\"@type\":\"BreadcrumbList\",\"@id\":\"https:\/\/www.homes-holiday.com\/de\/stellenangebote\/franchise-partner\/#breadcrumb\",\"itemListElement\":[{\"@type\":\"ListItem\",\"position\":1,\"name\":\"Startseite\",\"item\":\"https:\/\/www.homes-holiday.com\/de\/\"},{\"@type\":\"ListItem\",\"position\":2,\"name\":\"Aktuelle Stellenangebote\",\"item\":\"https:\/\/www.homes-holiday.com\/de\/stellenangebote\/\"},{\"@type\":\"ListItem\",\"position\":3,\"name\":\"Franchise Partner (m\/w\/d)\"}]},{\"@type\":\"WebSite\",\"@id\":\"https:\/\/www.homes-holiday.com\/de\/#website\",\"url\":\"https:\/\/www.homes-holiday.com\/de\/\",\"name\":\"Homes &amp; Holiday AG\",\"description\":\"\",\"potentialAction\":[{\"@type\":\"SearchAction\",\"target\":{\"@type\":\"EntryPoint\",\"urlTemplate\":\"https:\/\/www.homes-holiday.com\/de\/?s={search_term_string}\"},\"query-input\":{\"@type\":\"PropertyValueSpecification\",\"valueRequired\":true,\"valueName\":\"search_term_string\"}}],\"inLanguage\":\"de\"}]}<\/script>\n<!-- \/ Yoast SEO plugin. -->","yoast_head_json":{"title":"Franchise Partner (m\/w\/d) - Homes &amp; Holiday AG","robots":{"index":"index","follow":"follow","max-snippet":"max-snippet:-1","max-image-preview":"max-image-preview:large","max-video-preview":"max-video-preview:-1"},"canonical":"https:\/\/www.homes-holiday.com\/de\/stellenangebote\/franchise-partner\/","og_locale":"de_DE","og_type":"article","og_title":"Franchise Partner (m\/w\/d) - Homes &amp; Holiday AG","og_description":"[vc_row][vc_column css=&#8220;.vc_custom_1480573140574{padding-top: 80px !important;padding-bottom: 65px !important;}&#8220;][vc_row_inner][vc_column_inner offset=&#8220;vc_col-lg-9 vc_col-md-8 vc_col-xs-12&#8243; css=&#8220;.vc_custom_1506338697500{margin-bottom: 25px !important;}&#8220;][vc_column_text]Sie m\u00f6chten sich als Immobilienmakler oder Immobilienmaklerin selbstst\u00e4ndig machen? Und das dort, wo andere die sch\u00f6nste Zeit des Jahres verbringen? Porta Mondial ist das f\u00fchrende Franchisesystem f\u00fcr Ferienimmobilien. Vom Verkauf \u00fcber Langzeitmiete bis zur Ferienvermietung \u2013 mit unserer Erfahrung und unseren Leistungen sind Sie&hellip; Read more &raquo;","og_url":"https:\/\/www.homes-holiday.com\/de\/stellenangebote\/franchise-partner\/","og_site_name":"Homes &amp; Holiday AG","article_modified_time":"2022-03-18T13:51:11+00:00","twitter_card":"summary_large_image","twitter_misc":{"Gesch\u00e4tzte Lesezeit":"3\u00a0Minuten"},"schema":{"@context":"https:\/\/schema.org","@graph":[{"@type":"WebPage","@id":"https:\/\/www.homes-holiday.com\/de\/stellenangebote\/franchise-partner\/","url":"https:\/\/www.homes-holiday.com\/de\/stellenangebote\/franchise-partner\/","name":"Franchise Partner (m\/w\/d) - Homes &amp; Holiday AG","isPartOf":{"@id":"https:\/\/www.homes-holiday.com\/de\/#website"},"datePublished":"2018-11-15T08:57:58+00:00","dateModified":"2022-03-18T13:51:11+00:00","breadcrumb":{"@id":"https:\/\/www.homes-holiday.com\/de\/stellenangebote\/franchise-partner\/#breadcrumb"},"inLanguage":"de","potentialAction":[{"@type":"ReadAction","target":["https:\/\/www.homes-holiday.com\/de\/stellenangebote\/franchise-partner\/"]}]},{"@type":"BreadcrumbList","@id":"https:\/\/www.homes-holiday.com\/de\/stellenangebote\/franchise-partner\/#breadcrumb","itemListElement":[{"@type":"ListItem","position":1,"name":"Startseite","item":"https:\/\/www.homes-holiday.com\/de\/"},{"@type":"ListItem","position":2,"name":"Aktuelle Stellenangebote","item":"https:\/\/www.homes-holiday.com\/de\/stellenangebote\/"},{"@type":"ListItem","position":3,"name":"Franchise Partner (m\/w\/d)"}]},{"@type":"WebSite","@id":"https:\/\/www.homes-holiday.com\/de\/#website","url":"https:\/\/www.homes-holiday.com\/de\/","name":"Homes &amp; Holiday AG","description":"","potentialAction":[{"@type":"SearchAction","target":{"@type":"EntryPoint","urlTemplate":"https:\/\/www.homes-holiday.com\/de\/?s={search_term_string}"},"query-input":{"@type":"PropertyValueSpecification","valueRequired":true,"valueName":"search_term_string"}}],"inLanguage":"de"}]}},"_links":{"self":[{"href":"https:\/\/www.homes-holiday.com\/de\/wp-json\/wp\/v2\/pages\/11286"}],"collection":[{"href":"https:\/\/www.homes-holiday.com\/de\/wp-json\/wp\/v2\/pages"}],"about":[{"href":"https:\/\/www.homes-holiday.com\/de\/wp-json\/wp\/v2\/types\/page"}],"author":[{"embeddable":true,"href":"https:\/\/www.homes-holiday.com\/de\/wp-json\/wp\/v2\/users\/3"}],"replies":[{"embeddable":true,"href":"https:\/\/www.homes-holiday.com\/de\/wp-json\/wp\/v2\/comments?post=11286"}],"version-history":[{"count":5,"href":"https:\/\/www.homes-holiday.com\/de\/wp-json\/wp\/v2\/pages\/11286\/revisions"}],"predecessor-version":[{"id":11744,"href":"https:\/\/www.homes-holiday.com\/de\/wp-json\/wp\/v2\/pages\/11286\/revisions\/11744"}],"up":[{"embeddable":true,"href":"https:\/\/www.homes-holiday.com\/de\/wp-json\/wp\/v2\/pages\/8645"}],"wp:attachment":[{"href":"https:\/\/www.homes-holiday.com\/de\/wp-json\/wp\/v2\/media?parent=11286"}],"curies":[{"name":"wp","href":"https:\/\/api.w.org\/{rel}","templated":true}]}}